{"id":12693,"date":"2024-12-18T03:05:25","date_gmt":"2024-12-18T01:05:25","guid":{"rendered":"https:\/\/www.2ha.gr\/?page_id=12693"},"modified":"2025-06-02T12:49:23","modified_gmt":"2025-06-02T09:49:23","slug":"imprint","status":"publish","type":"page","link":"https:\/\/www.2ha.gr\/de\/imprint\/","title":{"rendered":"Impressum"},"content":{"rendered":"<div class=\"wp-block-group has-global-padding is-layout-constrained wp-container-core-group-is-layout-15 wp-block-group-is-layout-constrained\"><div class=\"wp-block-group has-global-padding is-layout-constrained wp-block-group-is-layout-constrained\"><h2 class=\"wp-block-heading has-medium-font-size\"><strong>2 Handmade Aprons<\/strong><\/h2>\n\n<p>Unternehmen: TAMPAS ATHANASIOS KONSTANTINOS<br>Anschrift: FILIPPOU 5 &#8211; TRIKALA 42100<br>Tel: +30 2431 302841 , +30 6976326999<br>E-mail: info@2ha.gr<br>VAT-ID: 140986405 , DOY TRIKALA<br>GEMI-Nr: 184844353000<\/p><\/div>\n\n<div class=\"wp-block-group has-global-padding is-layout-constrained wp-block-group-is-layout-constrained\"><h2 class=\"wp-block-heading has-medium-font-size\"><strong><strong><strong>Vertretungsberechtigter Gesch\u00e4ftsf\u00fchrer<\/strong><\/strong><\/strong><\/h2>\n\n<p>Athanasios Tampas<\/p><\/div>\n\n<div class=\"wp-block-group has-global-padding is-layout-constrained wp-block-group-is-layout-constrained\"><h2 class=\"wp-block-heading has-medium-font-size\"><strong><strong><strong>Haftungshinweis<\/strong><\/strong><\/strong><\/h2>\n\n<p>Trotz sorgf\u00e4ltiger inhaltlicher Kontrolle \u00fcbernehmen wir keine Haftung f\u00fcr die Inhalte externer Links.<br>F\u00fcr die Inhalte der verlinkten Seiten sind ausschlie\u00dflich deren Betreiber verantwortlich.<\/p><\/div>\n\n<div class=\"wp-block-group has-global-padding is-layout-constrained wp-block-group-is-layout-constrained\"><h2 class=\"wp-block-heading has-medium-font-size\"><strong><strong>Domain, Hosting &amp; Entwicklung<\/strong><\/strong><\/h2>\n\n<p>Internet-Domain-Dienste, Website-Hosting und Entwicklung von <a href=\"https:\/\/aiges.de\" target=\"_blank\" rel=\"noreferrer noopener\">aiges.de<\/a><\/p><\/div><\/div>","protected":false},"excerpt":{"rendered":"<p>2 Handmade Aprons Unternehmen: TAMPAS ATHANASIOS KONSTANTINOSAnschrift: FILIPPOU 5 &#8211; TRIKALA 42100Tel: +30 2431 302841 , +30 6976326999E-mail: info@2ha.grVAT-ID: 140986405 , DOY TRIKALAGEMI-Nr: 184844353000 Vertretungsberechtigter Gesch\u00e4ftsf\u00fchrer Athanasios Tampas Haftungshinweis Trotz sorgf\u00e4ltiger inhaltlicher Kontrolle \u00fcbernehmen wir keine Haftung f\u00fcr die Inhalte externer Links.F\u00fcr die Inhalte der verlinkten Seiten sind ausschlie\u00dflich deren Betreiber verantwortlich. Domain, Hosting &amp; [&hellip;]<\/p>\n","protected":false},"author":6,"featured_media":0,"parent":0,"menu_order":0,"comment_status":"closed","ping_status":"closed","template":"","meta":{"footnotes":""},"class_list":["post-12693","page","type-page","status-publish","hentry"],"_links":{"self":[{"href":"https:\/\/www.2ha.gr\/de\/wp-json\/wp\/v2\/pages\/12693","targetHints":{"allow":["GET"]}}],"collection":[{"href":"https:\/\/www.2ha.gr\/de\/wp-json\/wp\/v2\/pages"}],"about":[{"href":"https:\/\/www.2ha.gr\/de\/wp-json\/wp\/v2\/types\/page"}],"author":[{"embeddable":true,"href":"https:\/\/www.2ha.gr\/de\/wp-json\/wp\/v2\/users\/6"}],"replies":[{"embeddable":true,"href":"https:\/\/www.2ha.gr\/de\/wp-json\/wp\/v2\/comments?post=12693"}],"version-history":[{"count":14,"href":"https:\/\/www.2ha.gr\/de\/wp-json\/wp\/v2\/pages\/12693\/revisions"}],"predecessor-version":[{"id":13817,"href":"https:\/\/www.2ha.gr\/de\/wp-json\/wp\/v2\/pages\/12693\/revisions\/13817"}],"wp:attachment":[{"href":"https:\/\/www.2ha.gr\/de\/wp-json\/wp\/v2\/media?parent=12693"}],"curies":[{"name":"wp","href":"https:\/\/api.w.org\/{rel}","templated":true}]}}