{"id":12703,"date":"2024-12-18T03:40:00","date_gmt":"2024-12-18T01:40:00","guid":{"rendered":"https:\/\/www.2ha.gr\/?page_id=12703"},"modified":"2025-06-02T14:26:35","modified_gmt":"2025-06-02T11:26:35","slug":"contact","status":"publish","type":"page","link":"https:\/\/www.2ha.gr\/de\/contact\/","title":{"rendered":"Kontakt"},"content":{"rendered":"<div class=\"wp-block-group alignfull has-global-padding is-layout-constrained wp-block-group-is-layout-constrained\"><div class=\"wp-block-columns alignwide is-layout-flex wp-container-core-columns-is-layout-3 wp-block-columns-is-layout-flex\"><div class=\"wp-block-column is-layout-flow wp-block-column-is-layout-flow\"><h3 class=\"wp-block-heading\" style=\"font-style:normal;font-weight:500\">Haben Sie eine Frage?<\/h3>\n\n<p>Kontaktieren Sie uns <strong>per Telefon<\/strong>, <strong>E-Mail <\/strong>oder \u00fcber das <strong>Kontaktformular<\/strong>, wenn Sie Fragen oder Anmerkungen haben. Ihre Meinung ist uns wichtig!<\/p>\n\n<h3 class=\"wp-block-heading\" style=\"font-style:normal;font-weight:500\">Sie m\u00f6chten ein ma\u00dfgeschneidertes Produkt?<\/h3>\n\n<p>Wenn Sie an Vorschl\u00e4gen f\u00fcr individuelle Designs oder Stoffe interessiert sind, f\u00fcgen Sie bitte Bilder Ihrer Ideen oder Designs bei. Wir freuen uns auf die Zusammenarbeit mit Ihnen!<\/p>\n\n<p>Klicken Sie <a href=\"\/wp-content\/uploads\/2021\/03\/apron-Model-1.pdf\" target=\"_blank\" rel=\"noreferrer noopener\"><strong>hier<\/strong><\/a>, um einen Sch\u00fcrzenentwurf herunterzuladen.<\/p>\n\n<div style=\"height:var(--wp--preset--spacing--10)\" aria-hidden=\"true\" class=\"wp-block-spacer\"><\/div>\n\n<h3 class=\"wp-block-heading\" style=\"font-style:normal;font-weight:500\">Kontakt-Formular<\/h3>\n\n<hr class=\"wp-block-separator has-alpha-channel-opacity\"\/>\n\n    <div class=\"wnc_contact\" data-wnccid=\"contact_page\" data-max_files=\"4\" data-max_size=\"7340032\" data-ext_allow=\"[&quot;pdf&quot;,&quot;doc&quot;,&quot;docx&quot;,&quot;xls&quot;,&quot;xlsx&quot;,&quot;txt&quot;,&quot;csv&quot;,&quot;jpg&quot;,&quot;jpeg&quot;,&quot;png&quot;,&quot;psd&quot;,&quot;gif&quot;,&quot;tiff&quot;]\" data-ext_reject=\"[&quot;exe&quot;,&quot;com&quot;,&quot;vbs&quot;,&quot;py&quot;,&quot;bat&quot;,&quot;pif&quot;,&quot;sh&quot;,&quot;js&quot;]\" >\n        <div class=\"wncc_result\">\n                    <\/div>\n        <form method=\"POST\" enctype=\"multipart\/form-data\">\n            <p>\n                <input type=\"hidden\" name=\"wncc_id\" value=\"contact_page\" \/>\n                <input type=\"checkbox\" name=\"wncc_bot\" value=\"1\" \/><!-- required -->\n                    <input type=\"text\" name=\"wncc_surname\" placeholder=\"Ihr Nachname\" \/>                <input type=\"text\" name=\"wncc_name\" placeholder=\"Ihr Name\" required \/>\n            <\/p>\n            <p><input type=\"email\" name=\"wncc_email\" placeholder=\"Ihre E-Mail\" required \/><\/p>\n            <p><input type=\"text\" name=\"wncc_subject\" placeholder=\"Thema\" required \/><\/p>\n            <p><textarea name=\"wncc_msg\" placeholder=\"Schreiben Sie hier Ihre Nachricht...\" required><\/textarea><\/p>\n            <input type=\"hidden\" id=\"_wncc_nonce\" name=\"_wncc_nonce\" value=\"0e7eb4b3f6\" \/><input type=\"hidden\" name=\"_wp_http_referer\" value=\"\/de\/wp-json\/wp\/v2\/pages\/12703\" \/>                <div class=\"wncc_size_limits\"><span>WARNUNG: Die Gr\u00f6\u00dfe des Uploads ist begrenzt auf7 MiB<\/span><\/div>\n                <div class=\"wncc_file_limits\"><span>WARNUNG: Die Anzahl der Dateien ist begrenzt auf4<\/span><\/div>\n                <input type=\"file\" name=\"wncc_file[]\" multiple \/>\n                <div class=\"wncc_upload\">\n                    <ol>\n                    <\/ol>\n                    <div class=\"wncc_drop_area\">Dateien hier ablegen...<\/div>\n                <\/div>\n                \n            <p class=\"wncc_consent\"><label>\n                <input type=\"checkbox\" value=\"1\" name=\"wncc_consent\" required \/>\n                <span>Ich habe die <a href=\"https:\/\/www.2ha.gr\/de\/privacy-policy\/\">Nutzungsbedingungen<\/a> gelesen und stimme ihnen zu.<\/span><\/label>\n            <\/p>\n\n            <input type=\"submit\" value=\"Senden Sie\" \/>\n        <\/form>\n        <progress class=\"wncc_progress\"><\/progress><button class=\"wncc_cancel\">Abbrechen<\/button>\n    <\/div>\n    <\/div>\n\n<div class=\"wp-block-column is-layout-flow wp-block-column-is-layout-flow\"><h3 class=\"wp-block-heading\" style=\"font-style:normal;font-weight:500\">Kontaktangaben<\/h3>\n\n<hr class=\"wp-block-separator has-alpha-channel-opacity\"\/>\n\n<div class=\"wp-block-group is-vertical is-layout-flex wp-container-core-group-is-layout-21 wp-block-group-is-layout-flex\"><div class=\"wp-block-group is-nowrap is-layout-flex wp-container-core-group-is-layout-17 wp-block-group-is-layout-flex\"><i class=\"wp-block-wnc-blocks-html-svg\"><svg xmlns=\"http:\/\/www.w3.org\/2000\/svg\" width=\"28px\" height=\"28px\" viewBox=\"0 0 32 32\"><g fill=\"none\" stroke=\"currentColor\" stroke-linecap=\"round\" stroke-linejoin=\"round\" stroke-width=\"1\"><circle cx=\"16\" cy=\"11\" r=\"4\"\/><path d=\"M24 15c-3 7-8 15-8 15s-5-8-8-15s2-13 8-13s11 6 8 13\"\/><\/g><\/svg><\/i>\n\n<p class=\"has-medium-font-size\">Filippou 5, Trikala &#8211; 42100<\/p><\/div>\n\n<div class=\"wp-block-group is-nowrap is-layout-flex wp-container-core-group-is-layout-18 wp-block-group-is-layout-flex\"><i class=\"wp-block-wnc-blocks-html-svg\"><svg xmlns=\"http:\/\/www.w3.org\/2000\/svg\" width=\"28px\" height=\"28px\" viewBox=\"0 0 24 24\"><path fill=\"currentColor\" d=\"M19.5 22a1.5 1.5 0 0 0 1.5-1.5V17a1.5 1.5 0 0 0-1.5-1.5c-1.17 0-2.32-.18-3.42-.55a1.51 1.51 0 0 0-1.52.37l-1.44 1.44a14.77 14.77 0 0 1-5.89-5.89l1.43-1.43c.41-.39.56-.97.38-1.53c-.36-1.09-.54-2.24-.54-3.41A1.5 1.5 0 0 0 7 3H3.5A1.5 1.5 0 0 0 2 4.5C2 14.15 9.85 22 19.5 22M3.5 4H7a.5.5 0 0 1 .5.5c0 1.28.2 2.53.59 3.72c.05.14.04.34-.12.5L6 10.68c1.65 3.23 4.07 5.65 7.31 7.32l1.95-1.97c.14-.14.33-.18.51-.13c1.2.4 2.45.6 3.73.6a.5.5 0 0 1 .5.5v3.5a.5.5 0 0 1-.5.5C10.4 21 3 13.6 3 4.5a.5.5 0 0 1 .5-.5\"\/><\/svg><\/i>\n\n<p class=\"has-medium-font-size\">+30 2431 302841<\/p><\/div>\n\n<div class=\"wp-block-group is-nowrap is-layout-flex wp-container-core-group-is-layout-19 wp-block-group-is-layout-flex\"><i class=\"wp-block-wnc-blocks-html-svg\"><svg xmlns=\"http:\/\/www.w3.org\/2000\/svg\" width=\"28px\" height=\"28px\" viewBox=\"0 0 32 32\"><path fill=\"currentColor\" d=\"M13.5 24a.5.5 0 0 0 0 1h5a.5.5 0 0 0 0-1zM10.25 2A3.25 3.25 0 0 0 7 5.25v21.5A3.25 3.25 0 0 0 10.25 30h11.5A3.25 3.25 0 0 0 25 26.75V5.25A3.25 3.25 0 0 0 21.75 2zM8 5.25A2.25 2.25 0 0 1 10.25 3h11.5A2.25 2.25 0 0 1 24 5.25v21.5A2.25 2.25 0 0 1 21.75 29h-11.5A2.25 2.25 0 0 1 8 26.75z\"\/><\/svg><\/i>\n\n<p class=\"has-medium-font-size\">+30 697 6326999<\/p><\/div>\n\n<div class=\"wp-block-group is-nowrap is-layout-flex wp-container-core-group-is-layout-20 wp-block-group-is-layout-flex\"><i class=\"wp-block-wnc-blocks-html-svg\"><svg xmlns=\"http:\/\/www.w3.org\/2000\/svg\" width=\"28px\" height=\"28px\" viewBox=\"0 0 24 24\"><path fill=\"currentColor\" d=\"M12 21q-1.868 0-3.51-.708t-2.857-1.924t-1.924-2.856T3 12.003t.709-3.51Q4.417 6.85 5.63 5.634t2.857-1.925T11.997 3t3.51.709t2.859 1.924t1.925 2.857T21 12v.989q0 1.263-.868 2.137T18 16q-.894 0-1.63-.49q-.737-.49-1.09-1.306q-.57.821-1.425 1.308T12 16q-1.671 0-2.835-1.164Q8 13.67 8 12t1.165-2.835T12 8t2.836 1.165T16 12v.989q0 .822.589 1.417T18 15t1.412-.594t.588-1.418V12q0-3.35-2.325-5.675T12 4T6.325 6.325T4 12t2.325 5.675T12 20h4.5q.213 0 .356.144t.144.357t-.144.356T16.5 21zm0-6q1.25 0 2.125-.875T15 12t-.875-2.125T12 9t-2.125.875T9 12t.875 2.125T12 15\"\/><\/svg><\/i>\n\n<p class=\"has-medium-font-size\">info@2ha.gr<\/p><\/div><\/div>\n\n<div style=\"height:var(--wp--preset--spacing--10)\" aria-hidden=\"true\" class=\"wp-block-spacer\"><\/div>\n\n<figure class=\"wp-block-image size-full\"><a href=\"https:\/\/maps.app.goo.gl\/nFM4keBC1RiSTwnb9\" target=\"_blank\" rel=\" noreferrer noopener\"><img loading=\"lazy\" decoding=\"async\" width=\"742\" height=\"475\" src=\"https:\/\/www.2ha.gr\/wp-content\/uploads\/2025\/06\/map_2ha_filippou5.webp\" alt=\"\" class=\"wp-image-13825\" srcset=\"https:\/\/www.2ha.gr\/wp-content\/uploads\/2025\/06\/map_2ha_filippou5.webp 742w, https:\/\/www.2ha.gr\/wp-content\/uploads\/2025\/06\/map_2ha_filippou5-300x192.webp 300w, https:\/\/www.2ha.gr\/wp-content\/uploads\/2025\/06\/map_2ha_filippou5-555x355.webp 555w\" sizes=\"auto, (max-width: 742px) 100vw, 742px\" \/><\/a><\/figure>\n\n<div style=\"height:var(--wp--preset--spacing--10)\" aria-hidden=\"true\" class=\"wp-block-spacer\"><\/div>\n\n<h3 class=\"wp-block-heading\" style=\"font-style:normal;font-weight:500\">Folgen Sie uns<\/h3>\n\n<hr class=\"wp-block-separator has-alpha-channel-opacity\"\/>\n\n<div class=\"wp-block-group is-vertical is-layout-flex wp-container-core-group-is-layout-22 wp-block-group-is-layout-flex\"><ul class=\"wp-block-social-links has-visible-labels has-icon-color has-icon-background-color is-style-default is-horizontal is-layout-flex wp-container-core-social-links-is-layout-3 wp-block-social-links-is-layout-flex\"><li style=\"color: #111111; background-color: #ffffff00; \" class=\"wp-social-link wp-social-link-instagram has-contrast-color wp-block-social-link\"><a rel=\"noopener nofollow\" target=\"_blank\" href=\"https:\/\/www.instagram.com\/2_handmade_aprons\/\" class=\"wp-block-social-link-anchor\"><svg width=\"24\" height=\"24\" viewBox=\"0 0 24 24\" version=\"1.1\" xmlns=\"http:\/\/www.w3.org\/2000\/svg\" aria-hidden=\"true\" focusable=\"false\"><path d=\"M12,4.622c2.403,0,2.688,0.009,3.637,0.052c0.877,0.04,1.354,0.187,1.671,0.31c0.42,0.163,0.72,0.358,1.035,0.673 c0.315,0.315,0.51,0.615,0.673,1.035c0.123,0.317,0.27,0.794,0.31,1.671c0.043,0.949,0.052,1.234,0.052,3.637 s-0.009,2.688-0.052,3.637c-0.04,0.877-0.187,1.354-0.31,1.671c-0.163,0.42-0.358,0.72-0.673,1.035 c-0.315,0.315-0.615,0.51-1.035,0.673c-0.317,0.123-0.794,0.27-1.671,0.31c-0.949,0.043-1.233,0.052-3.637,0.052 s-2.688-0.009-3.637-0.052c-0.877-0.04-1.354-0.187-1.671-0.31c-0.42-0.163-0.72-0.358-1.035-0.673 c-0.315-0.315-0.51-0.615-0.673-1.035c-0.123-0.317-0.27-0.794-0.31-1.671C4.631,14.688,4.622,14.403,4.622,12 s0.009-2.688,0.052-3.637c0.04-0.877,0.187-1.354,0.31-1.671c0.163-0.42,0.358-0.72,0.673-1.035 c0.315-0.315,0.615-0.51,1.035-0.673c0.317-0.123,0.794-0.27,1.671-0.31C9.312,4.631,9.597,4.622,12,4.622 M12,3 C9.556,3,9.249,3.01,8.289,3.054C7.331,3.098,6.677,3.25,6.105,3.472C5.513,3.702,5.011,4.01,4.511,4.511 c-0.5,0.5-0.808,1.002-1.038,1.594C3.25,6.677,3.098,7.331,3.054,8.289C3.01,9.249,3,9.556,3,12c0,2.444,0.01,2.751,0.054,3.711 c0.044,0.958,0.196,1.612,0.418,2.185c0.23,0.592,0.538,1.094,1.038,1.594c0.5,0.5,1.002,0.808,1.594,1.038 c0.572,0.222,1.227,0.375,2.185,0.418C9.249,20.99,9.556,21,12,21s2.751-0.01,3.711-0.054c0.958-0.044,1.612-0.196,2.185-0.418 c0.592-0.23,1.094-0.538,1.594-1.038c0.5-0.5,0.808-1.002,1.038-1.594c0.222-0.572,0.375-1.227,0.418-2.185 C20.99,14.751,21,14.444,21,12s-0.01-2.751-0.054-3.711c-0.044-0.958-0.196-1.612-0.418-2.185c-0.23-0.592-0.538-1.094-1.038-1.594 c-0.5-0.5-1.002-0.808-1.594-1.038c-0.572-0.222-1.227-0.375-2.185-0.418C14.751,3.01,14.444,3,12,3L12,3z M12,7.378 c-2.552,0-4.622,2.069-4.622,4.622S9.448,16.622,12,16.622s4.622-2.069,4.622-4.622S14.552,7.378,12,7.378z M12,15 c-1.657,0-3-1.343-3-3s1.343-3,3-3s3,1.343,3,3S13.657,15,12,15z M16.804,6.116c-0.596,0-1.08,0.484-1.08,1.08 s0.484,1.08,1.08,1.08c0.596,0,1.08-0.484,1.08-1.08S17.401,6.116,16.804,6.116z\"><\/path><\/svg><span class=\"wp-block-social-link-label\">Instagram<\/span><\/a><\/li>\n\n<li style=\"color: #111111; background-color: #ffffff00; \" class=\"wp-social-link wp-social-link-youtube has-contrast-color wp-block-social-link\"><a rel=\"noopener nofollow\" target=\"_blank\" href=\"https:\/\/www.youtube.com\/@2HandmadeApronsest2015\" class=\"wp-block-social-link-anchor\"><svg width=\"24\" height=\"24\" viewBox=\"0 0 24 24\" version=\"1.1\" xmlns=\"http:\/\/www.w3.org\/2000\/svg\" aria-hidden=\"true\" focusable=\"false\"><path d=\"M21.8,8.001c0,0-0.195-1.378-0.795-1.985c-0.76-0.797-1.613-0.801-2.004-0.847c-2.799-0.202-6.997-0.202-6.997-0.202 h-0.009c0,0-4.198,0-6.997,0.202C4.608,5.216,3.756,5.22,2.995,6.016C2.395,6.623,2.2,8.001,2.2,8.001S2,9.62,2,11.238v1.517 c0,1.618,0.2,3.237,0.2,3.237s0.195,1.378,0.795,1.985c0.761,0.797,1.76,0.771,2.205,0.855c1.6,0.153,6.8,0.201,6.8,0.201 s4.203-0.006,7.001-0.209c0.391-0.047,1.243-0.051,2.004-0.847c0.6-0.607,0.795-1.985,0.795-1.985s0.2-1.618,0.2-3.237v-1.517 C22,9.62,21.8,8.001,21.8,8.001z M9.935,14.594l-0.001-5.62l5.404,2.82L9.935,14.594z\"><\/path><\/svg><span class=\"wp-block-social-link-label\">YouTube<\/span><\/a><\/li>\n\n<li style=\"color: #111111; background-color: #ffffff00; \" class=\"wp-social-link wp-social-link-facebook has-contrast-color wp-block-social-link\"><a rel=\"noopener nofollow\" target=\"_blank\" href=\"https:\/\/www.facebook.com\/2handap\/\" class=\"wp-block-social-link-anchor\"><svg width=\"24\" height=\"24\" viewBox=\"0 0 24 24\" version=\"1.1\" xmlns=\"http:\/\/www.w3.org\/2000\/svg\" aria-hidden=\"true\" focusable=\"false\"><path d=\"M12 2C6.5 2 2 6.5 2 12c0 5 3.7 9.1 8.4 9.9v-7H7.9V12h2.5V9.8c0-2.5 1.5-3.9 3.8-3.9 1.1 0 2.2.2 2.2.2v2.5h-1.3c-1.2 0-1.6.8-1.6 1.6V12h2.8l-.4 2.9h-2.3v7C18.3 21.1 22 17 22 12c0-5.5-4.5-10-10-10z\"><\/path><\/svg><span class=\"wp-block-social-link-label\">Facebook<\/span><\/a><\/li>\n\n<li style=\"color: #111111; background-color: #ffffff00; \" class=\"wp-social-link wp-social-link-tiktok has-contrast-color wp-block-social-link\"><a rel=\"noopener nofollow\" target=\"_blank\" href=\"https:\/\/www.tiktok.com\/@2handmadeaprons\" class=\"wp-block-social-link-anchor\"><svg width=\"24\" height=\"24\" viewBox=\"0 0 32 32\" version=\"1.1\" xmlns=\"http:\/\/www.w3.org\/2000\/svg\" aria-hidden=\"true\" focusable=\"false\"><path d=\"M16.708 0.027c1.745-0.027 3.48-0.011 5.213-0.027 0.105 2.041 0.839 4.12 2.333 5.563 1.491 1.479 3.6 2.156 5.652 2.385v5.369c-1.923-0.063-3.855-0.463-5.6-1.291-0.76-0.344-1.468-0.787-2.161-1.24-0.009 3.896 0.016 7.787-0.025 11.667-0.104 1.864-0.719 3.719-1.803 5.255-1.744 2.557-4.771 4.224-7.88 4.276-1.907 0.109-3.812-0.411-5.437-1.369-2.693-1.588-4.588-4.495-4.864-7.615-0.032-0.667-0.043-1.333-0.016-1.984 0.24-2.537 1.495-4.964 3.443-6.615 2.208-1.923 5.301-2.839 8.197-2.297 0.027 1.975-0.052 3.948-0.052 5.923-1.323-0.428-2.869-0.308-4.025 0.495-0.844 0.547-1.485 1.385-1.819 2.333-0.276 0.676-0.197 1.427-0.181 2.145 0.317 2.188 2.421 4.027 4.667 3.828 1.489-0.016 2.916-0.88 3.692-2.145 0.251-0.443 0.532-0.896 0.547-1.417 0.131-2.385 0.079-4.76 0.095-7.145 0.011-5.375-0.016-10.735 0.025-16.093z\" \/><\/svg><span class=\"wp-block-social-link-label\">TikTok<\/span><\/a><\/li><\/ul><\/div><\/div><\/div><\/div><div style=\"height:var(--wp--preset--spacing--30)\" aria-hidden=\"true\" class=\"wp-block-spacer\"><\/div><div class=\"wp-block-cover alignfull is-light\" style=\"padding-top:var(--wp--preset--spacing--30);padding-right:var(--wp--preset--spacing--10);padding-bottom:var(--wp--preset--spacing--30);padding-left:var(--wp--preset--spacing--10);min-height:100px;aspect-ratio:unset;\"><span aria-hidden=\"true\" class=\"wp-block-cover__background has-accent-background-color has-background-dim-100 has-background-dim\"><\/span><div class=\"wp-block-cover__inner-container has-global-padding is-layout-constrained wp-container-core-cover-is-layout-3 wp-block-cover-is-layout-constrained\"><div class=\"wp-block-group has-global-padding is-content-justification-left is-layout-constrained wp-container-core-group-is-layout-24 wp-block-group-is-layout-constrained\"><h3 class=\"wp-block-heading has-text-align-center\" style=\"font-style:normal;font-weight:500\">Newsletter<\/h3>\n\n<div style=\"height:var(--wp--preset--spacing--20)\" aria-hidden=\"true\" class=\"wp-block-spacer\"><\/div>\n\n<p class=\"has-text-align-center\">Tragen Sie sich in unsere <strong>Mailingliste<\/strong> ein, um unsere Kataloge und Angebote zu erhalten.<\/p>\n\n<div class=\"wp-block-custom-blocks-mailchimp-form aligncenter\"><form action=\"https:\/\/2ha.us12.list-manage.com\/subscribe\/post?u=2ee04ae00a3b973ec6f98a19c&amp;id=ec7bacb6ff&amp;v_id=7009&amp;f_id=003789e3f0\" method=\"post\" name=\"mc-embedded-subscribe-form\" target=\"_blank\">        <p class=\"has-text-align-center\">\n            <label>\n                <span class=\"screen-reader-text\">Your e-mail address<\/span>\n                <input type=\"email\" name=\"EMAIL\" required size=\"40\" style=\"padding:.5rem;max-width:100%;box-sizing:border-box;\" class=\"has-text-align-center has-medium-font-size\" placeholder=\"Your e-mail address\" \/>\n            <\/label>\n        <\/p>        <p class=\"has-text-align-center has-small-font-size\">\n            <label>\n                <input type=\"checkbox\" required value=\"Y\" name=\"gdpr[94782]\" style=\"width:18px;height:18px;margin-right:8px;vertical-align:middle;\" \/>\n                <span style=\"vertical-align:middle;\">I have read and agree to the <a href=\"https:\/\/www.2ha.gr\/de\/privacy-policy\/\">Privacy policy and the Terms of use<\/a>.<\/span>\n            <\/label>\n        <\/p>\n    <div style=\"display:none;\" aria-hidden=\"true\"><input type=\"text\" name=\"b_2ee04ae00a3b973ec6f98a19c_ec7bacb6ff\" tabindex=\"-1\" value=\"\"><\/div>\n\n    <div class=\"is-layout-flex wp-block-buttons\">\n        <div class=\"wp-block-button aligncenter\">\n            <input type=\"submit\" value=\"Subscribe\" name=\"subscribe\" class=\"wp-block-button__link wp-element-button\" \/>\n        <\/div>\n    <\/div>\n    <\/form><\/div><\/div><\/div><\/div>","protected":false},"excerpt":{"rendered":"<p>Haben Sie eine Frage? Kontaktieren Sie uns per Telefon, E-Mail oder \u00fcber das Kontaktformular, wenn Sie Fragen oder Anmerkungen haben. Ihre Meinung ist uns wichtig! Sie m\u00f6chten ein ma\u00dfgeschneidertes Produkt? Wenn Sie an Vorschl\u00e4gen f\u00fcr individuelle Designs oder Stoffe interessiert sind, f\u00fcgen Sie bitte Bilder Ihrer Ideen oder Designs bei. Wir freuen uns auf die [&hellip;]<\/p>\n","protected":false},"author":6,"featured_media":0,"parent":0,"menu_order":0,"comment_status":"closed","ping_status":"closed","template":"","meta":{"footnotes":""},"class_list":["post-12703","page","type-page","status-publish","hentry"],"_links":{"self":[{"href":"https:\/\/www.2ha.gr\/de\/wp-json\/wp\/v2\/pages\/12703","targetHints":{"allow":["GET"]}}],"collection":[{"href":"https:\/\/www.2ha.gr\/de\/wp-json\/wp\/v2\/pages"}],"about":[{"href":"https:\/\/www.2ha.gr\/de\/wp-json\/wp\/v2\/types\/page"}],"author":[{"embeddable":true,"href":"https:\/\/www.2ha.gr\/de\/wp-json\/wp\/v2\/users\/6"}],"replies":[{"embeddable":true,"href":"https:\/\/www.2ha.gr\/de\/wp-json\/wp\/v2\/comments?post=12703"}],"version-history":[{"count":15,"href":"https:\/\/www.2ha.gr\/de\/wp-json\/wp\/v2\/pages\/12703\/revisions"}],"predecessor-version":[{"id":13833,"href":"https:\/\/www.2ha.gr\/de\/wp-json\/wp\/v2\/pages\/12703\/revisions\/13833"}],"wp:attachment":[{"href":"https:\/\/www.2ha.gr\/de\/wp-json\/wp\/v2\/media?parent=12703"}],"curies":[{"name":"wp","href":"https:\/\/api.w.org\/{rel}","templated":true}]}}