{"id":12706,"date":"2024-12-18T03:43:24","date_gmt":"2024-12-18T01:43:24","guid":{"rendered":"https:\/\/www.2ha.gr\/?page_id=12706"},"modified":"2024-12-18T04:32:10","modified_gmt":"2024-12-18T02:32:10","slug":"about-2ha","status":"publish","type":"page","link":"https:\/\/www.2ha.gr\/de\/about-2ha\/","title":{"rendered":"\u00dcber uns"},"content":{"rendered":"<div class=\"wp-block-group alignfull has-global-padding is-layout-constrained wp-block-group-is-layout-constrained\"><div class=\"wp-block-columns alignwide are-vertically-aligned-center media_columns is-layout-flex wp-container-core-columns-is-layout-10 wp-block-columns-is-layout-flex\"><div class=\"wp-block-column is-vertically-aligned-center is-layout-flow wp-block-column-is-layout-flow\" style=\"flex-basis:50%\"><h3 class=\"wp-block-heading\" style=\"font-style:normal;font-weight:500\">Unsere Geschichte<\/h3>\n\n<hr class=\"wp-block-separator has-alpha-channel-opacity\"\/>\n\n<div style=\"height:var(--wp--preset--spacing--10)\" aria-hidden=\"true\" class=\"wp-block-spacer\"><\/div>\n\n<p><strong>2 Handmade Aprons wurde im Mai 2015 in Trikala in Thessalien gegr\u00fcndet<\/strong>. Die Idee entstand aus unserem eigenen Bed\u00fcrfnis heraus, da wir seit 2005 in der Gastronomie als Barista und Barkeeper t\u00e4tig sind und auf der Suche nach Sch\u00fcrzen eine L\u00fccke auf dem griechischen Markt gefunden haben.<\/p>\n\n<p>Aufgrund unserer Erfahrung in diesen Positionen wussten wir, was ein Arbeitnehmer braucht, damit das Ergebnis sowohl \u00e4sthetisch sch\u00f6n als auch ergonomisch ist.<\/p>\n\n<p>Im Laufe der Jahre und nach\u00a0<strong>fast 9 Jahren kontinuierlicher Besch\u00e4ftigung mit dem Thema<\/strong>\u00a0haben wir ein Unternehmen erreicht, das t\u00e4glich 8 Mitarbeiter besch\u00e4ftigt.<\/p>\n\n<p>Der\u00a0<strong>Hauptgegenstand unserer T\u00e4tigkeit sind die handgefertigten Sch\u00fcrzen<\/strong>. F\u00fcr ihre Herstellung verwenden wir Stoffe, Kunstleder und Naturleder.<\/p><\/div>\n\n<div class=\"wp-block-column is-vertically-aligned-center is-layout-flow wp-block-column-is-layout-flow\" style=\"flex-basis:50%\"><div class=\"wp-block-columns is-layout-flex wp-container-core-columns-is-layout-9 wp-block-columns-is-layout-flex\"><div class=\"wp-block-column is-layout-flow wp-block-column-is-layout-flow\"><div class=\"wp-block-group has-contrast-3-background-color has-background is-vertical is-layout-flex wp-container-core-group-is-layout-11 wp-block-group-is-layout-flex\"><figure class=\"wp-block-image size-large\"><img loading=\"lazy\" decoding=\"async\" width=\"683\" height=\"1024\" src=\"https:\/\/www.2ha.gr\/wp-content\/uploads\/2024\/02\/about_team_1-683x1024.webp\" alt=\"\" class=\"wp-image-10786\" srcset=\"https:\/\/www.2ha.gr\/wp-content\/uploads\/2024\/02\/about_team_1-683x1024.webp 683w, https:\/\/www.2ha.gr\/wp-content\/uploads\/2024\/02\/about_team_1-555x832.webp 555w, https:\/\/www.2ha.gr\/wp-content\/uploads\/2024\/02\/about_team_1-200x300.webp 200w, https:\/\/www.2ha.gr\/wp-content\/uploads\/2024\/02\/about_team_1-768x1152.webp 768w, https:\/\/www.2ha.gr\/wp-content\/uploads\/2024\/02\/about_team_1.webp 781w\" sizes=\"auto, (max-width: 683px) 100vw, 683px\" \/><\/figure><\/div><\/div>\n\n<div class=\"wp-block-column is-layout-flow wp-block-column-is-layout-flow\"><figure class=\"wp-block-image size-full\"><img loading=\"lazy\" decoding=\"async\" width=\"960\" height=\"640\" src=\"https:\/\/www.2ha.gr\/wp-content\/uploads\/2019\/03\/1.jpg\" alt=\"\" class=\"wp-image-2039\" srcset=\"https:\/\/www.2ha.gr\/wp-content\/uploads\/2019\/03\/1.jpg 960w, https:\/\/www.2ha.gr\/wp-content\/uploads\/2019\/03\/1-600x400.jpg 600w, https:\/\/www.2ha.gr\/wp-content\/uploads\/2019\/03\/1-300x200.jpg 300w, https:\/\/www.2ha.gr\/wp-content\/uploads\/2019\/03\/1-768x512.jpg 768w, https:\/\/www.2ha.gr\/wp-content\/uploads\/2019\/03\/1-750x500.jpg 750w\" sizes=\"auto, (max-width: 960px) 100vw, 960px\" \/><\/figure>\n\n<figure class=\"wp-block-image size-large\"><img loading=\"lazy\" decoding=\"async\" width=\"1024\" height=\"682\" src=\"https:\/\/www.2ha.gr\/wp-content\/uploads\/2017\/10\/pinelo-1024x682.jpg\" alt=\"\" class=\"wp-image-881\" srcset=\"https:\/\/www.2ha.gr\/wp-content\/uploads\/2017\/10\/pinelo-1024x682.jpg 1024w, https:\/\/www.2ha.gr\/wp-content\/uploads\/2017\/10\/pinelo-600x399.jpg 600w, https:\/\/www.2ha.gr\/wp-content\/uploads\/2017\/10\/pinelo-300x200.jpg 300w, https:\/\/www.2ha.gr\/wp-content\/uploads\/2017\/10\/pinelo-768x511.jpg 768w, https:\/\/www.2ha.gr\/wp-content\/uploads\/2017\/10\/pinelo-750x500.jpg 750w, https:\/\/www.2ha.gr\/wp-content\/uploads\/2017\/10\/pinelo.jpg 1600w\" sizes=\"auto, (max-width: 1024px) 100vw, 1024px\" \/><\/figure><\/div><\/div><\/div><\/div>\n\n<div style=\"height:var(--wp--preset--spacing--20)\" aria-hidden=\"true\" class=\"wp-block-spacer\"><\/div>\n\n<div class=\"wp-block-columns alignwide media_columns is-layout-flex wp-container-core-columns-is-layout-11 wp-block-columns-is-layout-flex\"><div class=\"wp-block-column is-vertically-aligned-top is-layout-flow wp-block-column-is-layout-flow\" style=\"flex-basis:50%\"><div class=\"wp-block-group has-accent-2-background-color has-background is-vertical is-content-justification-left is-layout-flex wp-container-core-group-is-layout-12 wp-block-group-is-layout-flex\" style=\"padding-right:var(--wp--preset--spacing--30);padding-left:var(--wp--preset--spacing--30)\"><figure class=\"wp-block-image size-large is-style-default\"><img loading=\"lazy\" decoding=\"async\" width=\"1024\" height=\"1024\" src=\"https:\/\/www.2ha.gr\/wp-content\/uploads\/2021\/03\/\u03c0\u03bf\u03b4\u03b9\u03b1-\u03c0\u03bf\u03b4\u03b9\u03b5\u03c2-\u03b4\u03b5\u03bc\u03b1\u03c4\u03b9\u03bd\u03b5\u03c2-podia-podies-dematini-5-1024x1024.jpg\" alt=\"\" class=\"wp-image-5114\" srcset=\"https:\/\/www.2ha.gr\/wp-content\/uploads\/2021\/03\/\u03c0\u03bf\u03b4\u03b9\u03b1-\u03c0\u03bf\u03b4\u03b9\u03b5\u03c2-\u03b4\u03b5\u03bc\u03b1\u03c4\u03b9\u03bd\u03b5\u03c2-podia-podies-dematini-5-1024x1024.jpg 1024w, https:\/\/www.2ha.gr\/wp-content\/uploads\/2021\/03\/\u03c0\u03bf\u03b4\u03b9\u03b1-\u03c0\u03bf\u03b4\u03b9\u03b5\u03c2-\u03b4\u03b5\u03bc\u03b1\u03c4\u03b9\u03bd\u03b5\u03c2-podia-podies-dematini-5-100x100.jpg 100w, https:\/\/www.2ha.gr\/wp-content\/uploads\/2021\/03\/\u03c0\u03bf\u03b4\u03b9\u03b1-\u03c0\u03bf\u03b4\u03b9\u03b5\u03c2-\u03b4\u03b5\u03bc\u03b1\u03c4\u03b9\u03bd\u03b5\u03c2-podia-podies-dematini-5-555x555.jpg 555w, https:\/\/www.2ha.gr\/wp-content\/uploads\/2021\/03\/\u03c0\u03bf\u03b4\u03b9\u03b1-\u03c0\u03bf\u03b4\u03b9\u03b5\u03c2-\u03b4\u03b5\u03bc\u03b1\u03c4\u03b9\u03bd\u03b5\u03c2-podia-podies-dematini-5-300x300.jpg 300w, https:\/\/www.2ha.gr\/wp-content\/uploads\/2021\/03\/\u03c0\u03bf\u03b4\u03b9\u03b1-\u03c0\u03bf\u03b4\u03b9\u03b5\u03c2-\u03b4\u03b5\u03bc\u03b1\u03c4\u03b9\u03bd\u03b5\u03c2-podia-podies-dematini-5-150x150.jpg 150w, https:\/\/www.2ha.gr\/wp-content\/uploads\/2021\/03\/\u03c0\u03bf\u03b4\u03b9\u03b1-\u03c0\u03bf\u03b4\u03b9\u03b5\u03c2-\u03b4\u03b5\u03bc\u03b1\u03c4\u03b9\u03bd\u03b5\u03c2-podia-podies-dematini-5-768x768.jpg 768w, https:\/\/www.2ha.gr\/wp-content\/uploads\/2021\/03\/\u03c0\u03bf\u03b4\u03b9\u03b1-\u03c0\u03bf\u03b4\u03b9\u03b5\u03c2-\u03b4\u03b5\u03bc\u03b1\u03c4\u03b9\u03bd\u03b5\u03c2-podia-podies-dematini-5-1536x1536.jpg 1536w, https:\/\/www.2ha.gr\/wp-content\/uploads\/2021\/03\/\u03c0\u03bf\u03b4\u03b9\u03b1-\u03c0\u03bf\u03b4\u03b9\u03b5\u03c2-\u03b4\u03b5\u03bc\u03b1\u03c4\u03b9\u03bd\u03b5\u03c2-podia-podies-dematini-5-1200x1200.jpg 1200w, https:\/\/www.2ha.gr\/wp-content\/uploads\/2021\/03\/\u03c0\u03bf\u03b4\u03b9\u03b1-\u03c0\u03bf\u03b4\u03b9\u03b5\u03c2-\u03b4\u03b5\u03bc\u03b1\u03c4\u03b9\u03bd\u03b5\u03c2-podia-podies-dematini-5-600x600.jpg 600w, https:\/\/www.2ha.gr\/wp-content\/uploads\/2021\/03\/\u03c0\u03bf\u03b4\u03b9\u03b1-\u03c0\u03bf\u03b4\u03b9\u03b5\u03c2-\u03b4\u03b5\u03bc\u03b1\u03c4\u03b9\u03bd\u03b5\u03c2-podia-podies-dematini-5.jpg 1600w\" sizes=\"auto, (max-width: 1024px) 100vw, 1024px\" \/><\/figure><\/div><\/div>\n\n<div class=\"wp-block-column is-vertically-aligned-top is-layout-flow wp-block-column-is-layout-flow\" style=\"padding-top:var(--wp--preset--spacing--40);padding-bottom:0;flex-basis:50%\"><p>Wir sind in der gl\u00fccklichen Lage, in unserer Werkstatt Mitarbeiter mit viel Erfahrung im N\u00e4hen zu haben,\u00a0<strong>unsere Ausr\u00fcstung ist die modernste<\/strong>\u00a0und durch die gro\u00dfe Auswahl an Maschinen k\u00f6nnen wir alles abdecken, was wir uns vorstellen k\u00f6nnen.<\/p>\n\n<p>Das Ergebnis, das unsere Kunden erhalten, \u00e4hnelt eher einem Couture-Kleidungsst\u00fcck als einer Arbeitssch\u00fcrze.\u00a0<strong>Unsere Materialien sind immer von h\u00f6chster Qualit\u00e4t, ob es sich um Stoffe, Kunst- oder Naturleder handelt<\/strong>.<\/p>\n\n<div style=\"height:var(--wp--preset--spacing--10)\" aria-hidden=\"true\" class=\"wp-block-spacer\"><\/div>\n\n<p>Aufgrund der Nachfrage des griechischen Marktes haben wir unsere Produktpalette um die\u00a0<strong>handgefertigten Hemden f\u00fcr den Gastronomiebereich<\/strong>\u00a0erweitert.<\/p>\n\n<p><strong>Die Hemden werden in unserer Werkstatt gen\u00e4ht<\/strong>\u00a0und es werden aufwendige Stoffe verwendet, die zu den Sch\u00fcrzen passen, die im gleichen Raum liegen werden. Alles, was wir anbieten, wird zu 100 % in unseren eigenen R\u00e4umen gen\u00e4ht, so dass wir die volle Kontrolle \u00fcber die Produktion haben und eine gleichbleibend hohe Qualit\u00e4t bei jedem Produkt gew\u00e4hrleisten k\u00f6nnen.<\/p><\/div><\/div>\n\n<div style=\"height:var(--wp--preset--spacing--20)\" aria-hidden=\"true\" class=\"wp-block-spacer\"><\/div>\n\n<div class=\"wp-block-columns alignwide media_columns is-layout-flex wp-container-core-columns-is-layout-12 wp-block-columns-is-layout-flex\"><div class=\"wp-block-column is-vertically-aligned-top is-layout-flow wp-block-column-is-layout-flow\" style=\"padding-top:var(--wp--preset--spacing--40);padding-bottom:0;flex-basis:50%\"><p>Wir haben auch\u00a0<strong>2 CNC-Lasermaschinen angeschafft, um Logos<\/strong>, Namen und ganze Sch\u00fcrzen auf Kunstleder und Naturleder zu\u00a0<strong>gravieren<\/strong>, und unsere neueste Errungenschaft sind\u00a0<strong>zwei Maschinen, die Logos<\/strong>\u00a0und alles andere, was auf Sch\u00fcrzen und Hemden gew\u00fcnscht wird,\u00a0<strong>aufn\u00e4hen<\/strong>.<\/p>\n\n<p>Das Ergebnis all dessen ist, dass unsere Produkte zu 100% anpassbar sind und wir ein\u00a0<strong>vollst\u00e4ndig ma\u00dfgeschneidertes Produkt<\/strong>\u00a0haben.<\/p><\/div>\n\n<div class=\"wp-block-column is-vertically-aligned-top is-layout-flow wp-block-column-is-layout-flow\" style=\"flex-basis:50%\"><div class=\"wp-block-group images_overlap has-contrast-3-background-color has-background is-nowrap is-layout-flex wp-container-core-group-is-layout-13 wp-block-group-is-layout-flex\" style=\"padding-top:0;padding-bottom:0\"><figure class=\"wp-block-image size-full\"><img loading=\"lazy\" decoding=\"async\" width=\"591\" height=\"887\" src=\"https:\/\/www.2ha.gr\/wp-content\/uploads\/2024\/02\/about_team_3.webp\" alt=\"\" class=\"wp-image-10788\" srcset=\"https:\/\/www.2ha.gr\/wp-content\/uploads\/2024\/02\/about_team_3.webp 591w, https:\/\/www.2ha.gr\/wp-content\/uploads\/2024\/02\/about_team_3-555x833.webp 555w, https:\/\/www.2ha.gr\/wp-content\/uploads\/2024\/02\/about_team_3-200x300.webp 200w\" sizes=\"auto, (max-width: 591px) 100vw, 591px\" \/><\/figure>\n\n<figure class=\"wp-block-image size-full\"><img loading=\"lazy\" decoding=\"async\" width=\"609\" height=\"914\" src=\"https:\/\/www.2ha.gr\/wp-content\/uploads\/2024\/02\/about_team_4.webp\" alt=\"\" class=\"wp-image-10790\" srcset=\"https:\/\/www.2ha.gr\/wp-content\/uploads\/2024\/02\/about_team_4.webp 609w, https:\/\/www.2ha.gr\/wp-content\/uploads\/2024\/02\/about_team_4-555x833.webp 555w, https:\/\/www.2ha.gr\/wp-content\/uploads\/2024\/02\/about_team_4-200x300.webp 200w\" sizes=\"auto, (max-width: 609px) 100vw, 609px\" \/><\/figure><\/div><\/div><\/div>\n\n<div style=\"height:30px\" aria-hidden=\"true\" class=\"wp-block-spacer\"><\/div>\n\n<div class=\"wp-block-cover alignfull is-light\" style=\"padding-top:var(--wp--preset--spacing--30);padding-bottom:var(--wp--preset--spacing--30);min-height:100px;aspect-ratio:unset;\"><span aria-hidden=\"true\" class=\"wp-block-cover__background has-accent-background-color has-background-dim-80 has-background-dim\"><\/span><div class=\"wp-block-cover__inner-container has-global-padding is-layout-constrained wp-block-cover-is-layout-constrained\"><div class=\"wp-block-group alignwide has-global-padding is-content-justification-center is-layout-constrained wp-container-core-group-is-layout-14 wp-block-group-is-layout-constrained\"><p class=\"has-text-align-center\">Tragen Sie sich in die Mailingliste ein und <\/p>\n\n<p class=\"has-text-align-center\">bleiben Sie auf dem Laufenden \u00fcber unsere Neuigkeiten und Angebote.<\/p>\n\n<div class=\"wp-block-custom-blocks-mailchimp-form aligncenter\"><form action=\"https:\/\/2ha.us12.list-manage.com\/subscribe\/post?u=2ee04ae00a3b973ec6f98a19c&amp;id=ec7bacb6ff&amp;v_id=7009&amp;f_id=003789e3f0\" method=\"post\" name=\"mc-embedded-subscribe-form\" target=\"_blank\">        <p class=\"has-text-align-center\">\n            <label>\n                <span class=\"screen-reader-text\">Your e-mail address<\/span>\n                <input type=\"email\" name=\"EMAIL\" required size=\"40\" style=\"padding:.5rem;max-width:100%;box-sizing:border-box;\" class=\"has-text-align-center has-medium-font-size\" placeholder=\"Your e-mail address\" \/>\n            <\/label>\n        <\/p>        <p class=\"has-text-align-center has-small-font-size\">\n            <label>\n                <input type=\"checkbox\" required value=\"Y\" name=\"gdpr[94782]\" style=\"width:18px;height:18px;margin-right:8px;vertical-align:middle;\" \/>\n                <span style=\"vertical-align:middle;\">I have read and agree to the <a href=\"https:\/\/www.2ha.gr\/de\/privacy-policy\/\">Privacy policy and the Terms of use<\/a>.<\/span>\n            <\/label>\n        <\/p>\n    <div style=\"display:none;\" aria-hidden=\"true\"><input type=\"text\" name=\"b_2ee04ae00a3b973ec6f98a19c_ec7bacb6ff\" tabindex=\"-1\" value=\"\"><\/div>\n\n    <div class=\"is-layout-flex wp-block-buttons\">\n        <div class=\"wp-block-button aligncenter\">\n            <input type=\"submit\" value=\"Subscribe\" name=\"subscribe\" class=\"wp-block-button__link wp-element-button\" \/>\n        <\/div>\n    <\/div>\n    <\/form><\/div><\/div><\/div><\/div><\/div>","protected":false},"excerpt":{"rendered":"<p>Unsere Geschichte 2 Handmade Aprons wurde im Mai 2015 in Trikala in Thessalien gegr\u00fcndet. Die Idee entstand aus unserem eigenen Bed\u00fcrfnis heraus, da wir seit 2005 in der Gastronomie als Barista und Barkeeper t\u00e4tig sind und auf der Suche nach Sch\u00fcrzen eine L\u00fccke auf dem griechischen Markt gefunden haben. Aufgrund unserer Erfahrung in diesen Positionen [&hellip;]<\/p>\n","protected":false},"author":6,"featured_media":0,"parent":0,"menu_order":0,"comment_status":"closed","ping_status":"closed","template":"","meta":{"footnotes":""},"class_list":["post-12706","page","type-page","status-publish","hentry"],"_links":{"self":[{"href":"https:\/\/www.2ha.gr\/de\/wp-json\/wp\/v2\/pages\/12706","targetHints":{"allow":["GET"]}}],"collection":[{"href":"https:\/\/www.2ha.gr\/de\/wp-json\/wp\/v2\/pages"}],"about":[{"href":"https:\/\/www.2ha.gr\/de\/wp-json\/wp\/v2\/types\/page"}],"author":[{"embeddable":true,"href":"https:\/\/www.2ha.gr\/de\/wp-json\/wp\/v2\/users\/6"}],"replies":[{"embeddable":true,"href":"https:\/\/www.2ha.gr\/de\/wp-json\/wp\/v2\/comments?post=12706"}],"version-history":[{"count":5,"href":"https:\/\/www.2ha.gr\/de\/wp-json\/wp\/v2\/pages\/12706\/revisions"}],"predecessor-version":[{"id":12729,"href":"https:\/\/www.2ha.gr\/de\/wp-json\/wp\/v2\/pages\/12706\/revisions\/12729"}],"wp:attachment":[{"href":"https:\/\/www.2ha.gr\/de\/wp-json\/wp\/v2\/media?parent=12706"}],"curies":[{"name":"wp","href":"https:\/\/api.w.org\/{rel}","templated":true}]}}