{"id":4985,"date":"2021-03-04T18:33:21","date_gmt":"2021-03-04T16:33:21","guid":{"rendered":"https:\/\/www.2ha.gr\/?page_id=4985"},"modified":"2022-10-15T21:21:22","modified_gmt":"2022-10-15T18:21:22","slug":"digital-apron-design","status":"publish","type":"page","link":"https:\/\/www.2ha.gr\/de\/digital-apron-design\/","title":{"rendered":"Digitales Sch\u00fcrzen-Design"},"content":{"rendered":"<p>Wir bieten Ihnen jetzt die M\u00f6glichkeit, Ihre Sch\u00fcrze digital zu gestalten.<br><a href=\"\/contact\/\">Schicken Sie uns<\/a> Bilder Ihres Lokals, Ihr Logo und Ihre Ideen und wir liefern Ihnen Sch\u00fcrzenvorschl\u00e4ge in digitaler Form, so dass Sie ein vollst\u00e4ndiges und informatives Bild erhalten.<\/p><h4 class=\"has-text-align-center wp-block-heading\">Digitale Entwurfsmuster<\/h4><div class=\"wnc_gallery_inline_slider inline-slider aligncenter slideshow\"><figure class=\"wp-block-gallery aligncenter has-nested-images columns-default is-cropped slideshow inline-slider wp-block-gallery-3 is-layout-flex wp-block-gallery-is-layout-flex\"><figure class=\"wp-block-image size-large\"><a href=\"https:\/\/www.2ha.gr\/wp-content\/uploads\/2021\/03\/design5.jpg\"><img loading=\"lazy\" decoding=\"async\" width=\"1024\" height=\"1024\" data-id=\"4977\" src=\"https:\/\/www.2ha.gr\/wp-content\/uploads\/2021\/03\/design5-1024x1024.jpg\" alt=\"\" class=\"wp-image-4977\" srcset=\"https:\/\/www.2ha.gr\/wp-content\/uploads\/2021\/03\/design5-1024x1024.jpg 1024w, https:\/\/www.2ha.gr\/wp-content\/uploads\/2021\/03\/design5-100x100.jpg 100w, https:\/\/www.2ha.gr\/wp-content\/uploads\/2021\/03\/design5-555x555.jpg 555w, https:\/\/www.2ha.gr\/wp-content\/uploads\/2021\/03\/design5-300x300.jpg 300w, https:\/\/www.2ha.gr\/wp-content\/uploads\/2021\/03\/design5-150x150.jpg 150w, https:\/\/www.2ha.gr\/wp-content\/uploads\/2021\/03\/design5-768x768.jpg 768w, https:\/\/www.2ha.gr\/wp-content\/uploads\/2021\/03\/design5-500x500.jpg 500w, https:\/\/www.2ha.gr\/wp-content\/uploads\/2021\/03\/design5-600x600.jpg 600w, https:\/\/www.2ha.gr\/wp-content\/uploads\/2021\/03\/design5.jpg 1280w\" sizes=\"auto, (max-width: 1024px) 100vw, 1024px\" \/><\/a><\/figure>\n\n<figure class=\"wp-block-image size-large\"><a href=\"https:\/\/www.2ha.gr\/wp-content\/uploads\/2021\/03\/design4.jpg\"><img loading=\"lazy\" decoding=\"async\" width=\"1024\" height=\"1024\" data-id=\"4976\" src=\"https:\/\/www.2ha.gr\/wp-content\/uploads\/2021\/03\/design4-1024x1024.jpg\" alt=\"\" class=\"wp-image-4976\" srcset=\"https:\/\/www.2ha.gr\/wp-content\/uploads\/2021\/03\/design4-1024x1024.jpg 1024w, https:\/\/www.2ha.gr\/wp-content\/uploads\/2021\/03\/design4-100x100.jpg 100w, https:\/\/www.2ha.gr\/wp-content\/uploads\/2021\/03\/design4-555x555.jpg 555w, https:\/\/www.2ha.gr\/wp-content\/uploads\/2021\/03\/design4-300x300.jpg 300w, https:\/\/www.2ha.gr\/wp-content\/uploads\/2021\/03\/design4-150x150.jpg 150w, https:\/\/www.2ha.gr\/wp-content\/uploads\/2021\/03\/design4-768x768.jpg 768w, https:\/\/www.2ha.gr\/wp-content\/uploads\/2021\/03\/design4-500x500.jpg 500w, https:\/\/www.2ha.gr\/wp-content\/uploads\/2021\/03\/design4-600x600.jpg 600w, https:\/\/www.2ha.gr\/wp-content\/uploads\/2021\/03\/design4.jpg 1280w\" sizes=\"auto, (max-width: 1024px) 100vw, 1024px\" \/><\/a><\/figure>\n\n<figure class=\"wp-block-image size-large\"><a href=\"https:\/\/www.2ha.gr\/wp-content\/uploads\/2021\/03\/design3.jpg\"><img loading=\"lazy\" decoding=\"async\" width=\"1024\" height=\"1024\" data-id=\"4975\" src=\"https:\/\/www.2ha.gr\/wp-content\/uploads\/2021\/03\/design3-1024x1024.jpg\" alt=\"\" class=\"wp-image-4975\" srcset=\"https:\/\/www.2ha.gr\/wp-content\/uploads\/2021\/03\/design3-1024x1024.jpg 1024w, https:\/\/www.2ha.gr\/wp-content\/uploads\/2021\/03\/design3-100x100.jpg 100w, https:\/\/www.2ha.gr\/wp-content\/uploads\/2021\/03\/design3-555x555.jpg 555w, https:\/\/www.2ha.gr\/wp-content\/uploads\/2021\/03\/design3-300x300.jpg 300w, https:\/\/www.2ha.gr\/wp-content\/uploads\/2021\/03\/design3-150x150.jpg 150w, https:\/\/www.2ha.gr\/wp-content\/uploads\/2021\/03\/design3-768x768.jpg 768w, https:\/\/www.2ha.gr\/wp-content\/uploads\/2021\/03\/design3-500x500.jpg 500w, https:\/\/www.2ha.gr\/wp-content\/uploads\/2021\/03\/design3-600x600.jpg 600w, https:\/\/www.2ha.gr\/wp-content\/uploads\/2021\/03\/design3.jpg 1280w\" sizes=\"auto, (max-width: 1024px) 100vw, 1024px\" \/><\/a><\/figure>\n\n<figure class=\"wp-block-image size-large\"><a href=\"https:\/\/www.2ha.gr\/wp-content\/uploads\/2021\/03\/design2.jpg\"><img loading=\"lazy\" decoding=\"async\" width=\"1024\" height=\"1024\" data-id=\"4974\" src=\"https:\/\/www.2ha.gr\/wp-content\/uploads\/2021\/03\/design2-1024x1024.jpg\" alt=\"\" class=\"wp-image-4974\" srcset=\"https:\/\/www.2ha.gr\/wp-content\/uploads\/2021\/03\/design2-1024x1024.jpg 1024w, https:\/\/www.2ha.gr\/wp-content\/uploads\/2021\/03\/design2-100x100.jpg 100w, https:\/\/www.2ha.gr\/wp-content\/uploads\/2021\/03\/design2-555x555.jpg 555w, https:\/\/www.2ha.gr\/wp-content\/uploads\/2021\/03\/design2-300x300.jpg 300w, https:\/\/www.2ha.gr\/wp-content\/uploads\/2021\/03\/design2-150x150.jpg 150w, https:\/\/www.2ha.gr\/wp-content\/uploads\/2021\/03\/design2-768x768.jpg 768w, https:\/\/www.2ha.gr\/wp-content\/uploads\/2021\/03\/design2-500x500.jpg 500w, https:\/\/www.2ha.gr\/wp-content\/uploads\/2021\/03\/design2-600x600.jpg 600w, https:\/\/www.2ha.gr\/wp-content\/uploads\/2021\/03\/design2.jpg 1200w\" sizes=\"auto, (max-width: 1024px) 100vw, 1024px\" \/><\/a><\/figure>\n\n<figure class=\"wp-block-image size-large\"><a href=\"https:\/\/www.2ha.gr\/wp-content\/uploads\/2021\/03\/design1.jpg\"><img loading=\"lazy\" decoding=\"async\" width=\"1024\" height=\"1024\" data-id=\"4973\" src=\"https:\/\/www.2ha.gr\/wp-content\/uploads\/2021\/03\/design1-1024x1024.jpg\" alt=\"\" class=\"wp-image-4973\" srcset=\"https:\/\/www.2ha.gr\/wp-content\/uploads\/2021\/03\/design1-1024x1024.jpg 1024w, https:\/\/www.2ha.gr\/wp-content\/uploads\/2021\/03\/design1-100x100.jpg 100w, https:\/\/www.2ha.gr\/wp-content\/uploads\/2021\/03\/design1-555x555.jpg 555w, https:\/\/www.2ha.gr\/wp-content\/uploads\/2021\/03\/design1-300x300.jpg 300w, https:\/\/www.2ha.gr\/wp-content\/uploads\/2021\/03\/design1-150x150.jpg 150w, https:\/\/www.2ha.gr\/wp-content\/uploads\/2021\/03\/design1-768x768.jpg 768w, https:\/\/www.2ha.gr\/wp-content\/uploads\/2021\/03\/design1-500x500.jpg 500w, https:\/\/www.2ha.gr\/wp-content\/uploads\/2021\/03\/design1-600x600.jpg 600w, https:\/\/www.2ha.gr\/wp-content\/uploads\/2021\/03\/design1.jpg 1200w\" sizes=\"auto, (max-width: 1024px) 100vw, 1024px\" \/><\/a><\/figure><\/figure><\/div>","protected":false},"excerpt":{"rendered":"<p>Wir bieten Ihnen jetzt die M\u00f6glichkeit, Ihre Sch\u00fcrze digital zu gestalten.Schicken Sie uns Bilder Ihres Lokals, Ihr Logo und Ihre Ideen und wir liefern Ihnen Sch\u00fcrzenvorschl\u00e4ge in digitaler Form, so dass Sie ein vollst\u00e4ndiges und informatives Bild erhalten. Digitale Entwurfsmuster<\/p>\n","protected":false},"author":6,"featured_media":0,"parent":0,"menu_order":0,"comment_status":"closed","ping_status":"closed","template":"","meta":{"footnotes":""},"class_list":["post-4985","page","type-page","status-publish","hentry"],"_links":{"self":[{"href":"https:\/\/www.2ha.gr\/de\/wp-json\/wp\/v2\/pages\/4985","targetHints":{"allow":["GET"]}}],"collection":[{"href":"https:\/\/www.2ha.gr\/de\/wp-json\/wp\/v2\/pages"}],"about":[{"href":"https:\/\/www.2ha.gr\/de\/wp-json\/wp\/v2\/types\/page"}],"author":[{"embeddable":true,"href":"https:\/\/www.2ha.gr\/de\/wp-json\/wp\/v2\/users\/6"}],"replies":[{"embeddable":true,"href":"https:\/\/www.2ha.gr\/de\/wp-json\/wp\/v2\/comments?post=4985"}],"version-history":[{"count":11,"href":"https:\/\/www.2ha.gr\/de\/wp-json\/wp\/v2\/pages\/4985\/revisions"}],"predecessor-version":[{"id":8334,"href":"https:\/\/www.2ha.gr\/de\/wp-json\/wp\/v2\/pages\/4985\/revisions\/8334"}],"wp:attachment":[{"href":"https:\/\/www.2ha.gr\/de\/wp-json\/wp\/v2\/media?parent=4985"}],"curies":[{"name":"wp","href":"https:\/\/api.w.org\/{rel}","templated":true}]}}