{"id":5965,"date":"2021-09-14T16:52:43","date_gmt":"2021-09-14T13:52:43","guid":{"rendered":"https:\/\/www.2ha.gr\/?page_id=5965"},"modified":"2023-10-04T13:08:55","modified_gmt":"2023-10-04T10:08:55","slug":"payment-methods","status":"publish","type":"page","link":"https:\/\/www.2ha.gr\/de\/payment-methods\/","title":{"rendered":"Zahlungsm\u00f6glichkeiten"},"content":{"rendered":"<h4 class=\"wp-block-heading\">Nachnahme<\/h4><p>Die Bezahlung der Produkte kann in bar bei Erhalt an die von Ihnen bei der Bestellung angegebene Adresse erfolgen.<\/p><p>Die Bestellung kann bis zu dem Zeitpunkt storniert werden, an dem Sie eine E-Mail \u00fcber ihre Fertigstellung erhalten. Ab dem Tag des Versands bleibt sie maximal 15 Tage im B\u00fcro des Kuriers. Falls Sie nicht \u00fcber die Zustellung des Pakets informiert werden, kontaktieren Sie uns bitte, damit wir dies veranlassen k\u00f6nnen.<\/p><h4 class=\"wp-block-heading\">Einzahlung auf ein Bankkonto<\/h4><p>Die Bezahlung der Produkte kann durch Bankeinzahlung (\u00dcberweisung) auf ein Konto bei der Griechischen Nationalbank erfolgen, mit der unser Unternehmen zusammenarbeitet.<\/p><p>Bei Zahlung per Bankeinzug geben Sie bitte auf dem Einzahlungsbeleg Ihre Bestellnummer und den vollst\u00e4ndigen Namen des Kunden an. Der Versand Ihrer Bestellung beginnt erst, wenn die \u00dcberweisung des Zahlungsbetrages auf unser Konto erfolgt ist und erscheint.<\/p><p>Falls die Einzahlung durch eine andere Bank erfolgt, werden die \u00dcberweisungsgeb\u00fchren dem K\u00e4ufer in Rechnung gestellt.<\/p><h4 class=\"wp-block-heading\">Zahlung mit Karte<\/h4><p>Wenn Sie Ihre Bestellung abschlie\u00dfen, k\u00f6nnen Sie &#8222;Zahlung per Karte&#8220; ausw\u00e4hlen und werden automatisch zu einer sicheren Zahlungsumgebung weitergeleitet.<\/p>","protected":false},"excerpt":{"rendered":"<p>Nachnahme Die Bezahlung der Produkte kann in bar bei Erhalt an die von Ihnen bei der Bestellung angegebene Adresse erfolgen. Die Bestellung kann bis zu dem Zeitpunkt storniert werden, an dem Sie eine E-Mail \u00fcber ihre Fertigstellung erhalten. Ab dem Tag des Versands bleibt sie maximal 15 Tage im B\u00fcro des Kuriers. Falls Sie nicht [&hellip;]<\/p>\n","protected":false},"author":6,"featured_media":0,"parent":0,"menu_order":0,"comment_status":"closed","ping_status":"closed","template":"","meta":{"footnotes":""},"class_list":["post-5965","page","type-page","status-publish","hentry"],"_links":{"self":[{"href":"https:\/\/www.2ha.gr\/de\/wp-json\/wp\/v2\/pages\/5965","targetHints":{"allow":["GET"]}}],"collection":[{"href":"https:\/\/www.2ha.gr\/de\/wp-json\/wp\/v2\/pages"}],"about":[{"href":"https:\/\/www.2ha.gr\/de\/wp-json\/wp\/v2\/types\/page"}],"author":[{"embeddable":true,"href":"https:\/\/www.2ha.gr\/de\/wp-json\/wp\/v2\/users\/6"}],"replies":[{"embeddable":true,"href":"https:\/\/www.2ha.gr\/de\/wp-json\/wp\/v2\/comments?post=5965"}],"version-history":[{"count":12,"href":"https:\/\/www.2ha.gr\/de\/wp-json\/wp\/v2\/pages\/5965\/revisions"}],"predecessor-version":[{"id":10203,"href":"https:\/\/www.2ha.gr\/de\/wp-json\/wp\/v2\/pages\/5965\/revisions\/10203"}],"wp:attachment":[{"href":"https:\/\/www.2ha.gr\/de\/wp-json\/wp\/v2\/media?parent=5965"}],"curies":[{"name":"wp","href":"https:\/\/api.w.org\/{rel}","templated":true}]}}