{"id":5975,"date":"2021-09-14T18:15:50","date_gmt":"2021-09-14T15:15:50","guid":{"rendered":"https:\/\/www.2ha.gr\/?page_id=5975"},"modified":"2025-02-12T14:51:55","modified_gmt":"2025-02-12T12:51:55","slug":"shipping-methods","status":"publish","type":"page","link":"https:\/\/www.2ha.gr\/de\/shipping-methods\/","title":{"rendered":"Versandmethoden"},"content":{"rendered":"<p>F\u00fcr den Versand innerhalb Griechenlands k\u00f6nnen Sie zwischen <strong>ELTA COURIER<\/strong> und <strong>COURIER CENTER<\/strong> w\u00e4hlen. <br>Die Geb\u00fchren sind wie folgt:<\/p><ul class=\"wp-block-list\"><li>Unsere <strong>Mindestversandkosten betragen<\/strong> 5,00\u20ac einschlie\u00dflich der Kosten f\u00fcr die Nachnahme.<\/li>\n\n<li>Bei Zahlung per Karte oder Bank\u00fcberweisung ist sie v\u00f6llig <strong>geb\u00fchrenfrei<\/strong>.<\/li>\n\n<li>Die Versandzeit f\u00fcr das griechische Festland betr\u00e4gt 1-2 Werktage, beginnend mit dem Datum, an dem Sie eine E-Mail erhalten, die Sie \u00fcber die Fertigstellung Ihrer Bestellung in unserem System informiert. F\u00fcr Inseln und unzug\u00e4ngliche Gebiete kann die Zeit verl\u00e4ngert werden.<\/li><\/ul><p>F\u00fcr Sendungen ins Ausland verwenden wir <strong>DHL<\/strong> f\u00fcr EU-L\u00e4nder und <strong>ELTA COURIER<\/strong> f\u00fcr den Rest der Welt.<\/p><ul class=\"wp-block-list\"><li>Die Versandkosten werden nach Gewicht berechnet, und Nachnahme ist nicht m\u00f6glich.<\/li>\n\n<li>Sie k\u00f6nnen alle verf\u00fcgbaren Versandoptionen einsehen und die genauen Versandkosten f\u00fcr Ihre Bestellung sch\u00e4tzen, indem Sie den Versandkostenrechner in Ihrem Warenkorb oder w\u00e4hrend des Bestellvorgangs verwenden.<\/li><\/ul>","protected":false},"excerpt":{"rendered":"<p>F\u00fcr den Versand innerhalb Griechenlands k\u00f6nnen Sie zwischen ELTA COURIER und COURIER CENTER w\u00e4hlen. Die Geb\u00fchren sind wie folgt: F\u00fcr Sendungen ins Ausland verwenden wir DHL f\u00fcr EU-L\u00e4nder und ELTA COURIER f\u00fcr den Rest der Welt.<\/p>\n","protected":false},"author":6,"featured_media":0,"parent":0,"menu_order":0,"comment_status":"closed","ping_status":"closed","template":"","meta":{"footnotes":""},"class_list":["post-5975","page","type-page","status-publish","hentry"],"_links":{"self":[{"href":"https:\/\/www.2ha.gr\/de\/wp-json\/wp\/v2\/pages\/5975","targetHints":{"allow":["GET"]}}],"collection":[{"href":"https:\/\/www.2ha.gr\/de\/wp-json\/wp\/v2\/pages"}],"about":[{"href":"https:\/\/www.2ha.gr\/de\/wp-json\/wp\/v2\/types\/page"}],"author":[{"embeddable":true,"href":"https:\/\/www.2ha.gr\/de\/wp-json\/wp\/v2\/users\/6"}],"replies":[{"embeddable":true,"href":"https:\/\/www.2ha.gr\/de\/wp-json\/wp\/v2\/comments?post=5975"}],"version-history":[{"count":10,"href":"https:\/\/www.2ha.gr\/de\/wp-json\/wp\/v2\/pages\/5975\/revisions"}],"predecessor-version":[{"id":13403,"href":"https:\/\/www.2ha.gr\/de\/wp-json\/wp\/v2\/pages\/5975\/revisions\/13403"}],"wp:attachment":[{"href":"https:\/\/www.2ha.gr\/de\/wp-json\/wp\/v2\/media?parent=5975"}],"curies":[{"name":"wp","href":"https:\/\/api.w.org\/{rel}","templated":true}]}}