{"id":10268,"date":"2023-10-06T21:05:20","date_gmt":"2023-10-06T18:05:20","guid":{"rendered":"https:\/\/www.2ha.gr\/?post_type=product&#038;p=10268"},"modified":"2023-10-06T21:05:21","modified_gmt":"2023-10-06T18:05:21","slug":"imabari","status":"publish","type":"product","link":"https:\/\/www.2ha.gr\/de\/product\/imabari\/","title":{"rendered":"Imabari"},"content":{"rendered":"<p><\/p>\n<ul>\n<li><strong><em>100% wasserdichtes schwarzes Gewebe <\/em><\/strong><\/li>\n<li><strong><em>Hochwertiger Stoff mit Digitaldruck <\/em><\/strong><\/li>\n<li><strong><em>Zwei Innentaschen <\/em><\/strong><\/li>\n<li><strong><em>\u00dcberkreuzte Tr\u00e4ger mit vollst\u00e4ndig verstellbaren Schultergurten f\u00fcr eine perfekte Passform<\/em><\/strong><\/li>\n<li><strong><em>K\u00fchles Innenfutter auf dem R\u00fccken <\/em><\/strong><\/li>\n<\/ul>\n<p><\/p>","protected":false},"excerpt":{"rendered":"<ul>\n<li><strong><em>100% wasserdichtes schwarzes Gewebe <\/em><\/strong><\/li>\n<li><strong><em>Hochwertiger Stoff mit Digitaldruck <\/em><\/strong><\/li>\n<li><strong><em>Zwei Innentaschen <\/em><\/strong><\/li>\n<li><strong><em>\u00dcberkreuzte Tr\u00e4ger mit vollst\u00e4ndig verstellbaren Schultergurten f\u00fcr eine perfekte Passform<\/em><\/strong><\/li>\n<li><strong><em>K\u00fchles Innenfutter auf dem R\u00fccken <\/em><\/strong><\/li>\n<\/ul>\n","protected":false},"featured_media":10226,"comment_status":"closed","ping_status":"closed","template":"","meta":[],"product_cat":[57,11,12,23,7,15,13,24],"product_tag":[],"class_list":{"0":"post-10268","1":"product","2":"type-product","3":"status-publish","4":"has-post-thumbnail","6":"product_cat-2024-2025","7":"product_cat-barista","8":"product_cat-bartender","9":"product_cat-in-stock","10":"product_cat-hospitality","11":"product_cat-barber-hairdresser","12":"product_cat-service","13":"product_cat-aprons","15":"first","16":"instock","17":"sale","18":"taxable","19":"shipping-taxable","20":"purchasable","21":"product-type-simple"},"_links":{"self":[{"href":"https:\/\/www.2ha.gr\/de\/wp-json\/wp\/v2\/product\/10268","targetHints":{"allow":["GET"]}}],"collection":[{"href":"https:\/\/www.2ha.gr\/de\/wp-json\/wp\/v2\/product"}],"about":[{"href":"https:\/\/www.2ha.gr\/de\/wp-json\/wp\/v2\/types\/product"}],"replies":[{"embeddable":true,"href":"https:\/\/www.2ha.gr\/de\/wp-json\/wp\/v2\/comments?post=10268"}],"wp:featuredmedia":[{"embeddable":true,"href":"https:\/\/www.2ha.gr\/de\/wp-json\/wp\/v2\/media\/10226"}],"wp:attachment":[{"href":"https:\/\/www.2ha.gr\/de\/wp-json\/wp\/v2\/media?parent=10268"}],"wp:term":[{"taxonomy":"product_cat","embeddable":true,"href":"https:\/\/www.2ha.gr\/de\/wp-json\/wp\/v2\/product_cat?post=10268"},{"taxonomy":"product_tag","embeddable":true,"href":"https:\/\/www.2ha.gr\/de\/wp-json\/wp\/v2\/product_tag?post=10268"}],"curies":[{"name":"wp","href":"https:\/\/api.w.org\/{rel}","templated":true}]}}