{"id":10301,"date":"2023-10-11T12:03:36","date_gmt":"2023-10-11T09:03:36","guid":{"rendered":"https:\/\/www.2ha.gr\/?post_type=product&#038;p=10301"},"modified":"2023-10-11T12:03:38","modified_gmt":"2023-10-11T09:03:38","slug":"%cf%84he-lasered-apron","status":"publish","type":"product","link":"https:\/\/www.2ha.gr\/de\/product\/%cf%84he-lasered-apron\/","title":{"rendered":"\u03a4he lasered Apron"},"content":{"rendered":"<p><\/p>\n<ul>\n<li>Mit cnc-Laser eingraviert<\/li>\n<li>100% nat\u00fcrliches Kalbsleder<\/li>\n<li>100% wasserdicht &amp; Legiertes Leder<\/li>\n<li>Zwei Innentaschen f\u00fcr die Jacke<\/li>\n<li>Voll verstellbare Kreuzgurte f\u00fcr eine perfekte Passform<\/li>\n<li>K\u00fchles Baumwollfutter auf der R\u00fcckseite<\/li>\n<\/ul>\n<p><\/p>","protected":false},"excerpt":{"rendered":"<p>Mit cnc-Laser eingraviert 100% nat\u00fcrliches Kalbsleder 100% wasserdicht &amp; Legiertes Leder Zwei Innentaschen f\u00fcr die Jacke Voll verstellbare Kreuzgurte f\u00fcr eine perfekte Passform K\u00fchles Baumwollfutter auf der R\u00fcckseite<\/p>\n","protected":false},"featured_media":10247,"comment_status":"closed","ping_status":"closed","template":"","meta":[],"product_cat":[57,11,42,45,22,24],"product_tag":[],"class_list":{"0":"post-10301","1":"product","2":"type-product","3":"status-publish","4":"has-post-thumbnail","6":"product_cat-2024-2025","7":"product_cat-barista","8":"product_cat-coffee-lovers","9":"product_cat-season-2021-2022","10":"product_cat-original-leather","11":"product_cat-aprons","13":"first","14":"instock","15":"sale","16":"taxable","17":"shipping-taxable","18":"purchasable","19":"product-type-simple"},"_links":{"self":[{"href":"https:\/\/www.2ha.gr\/de\/wp-json\/wp\/v2\/product\/10301","targetHints":{"allow":["GET"]}}],"collection":[{"href":"https:\/\/www.2ha.gr\/de\/wp-json\/wp\/v2\/product"}],"about":[{"href":"https:\/\/www.2ha.gr\/de\/wp-json\/wp\/v2\/types\/product"}],"replies":[{"embeddable":true,"href":"https:\/\/www.2ha.gr\/de\/wp-json\/wp\/v2\/comments?post=10301"}],"wp:featuredmedia":[{"embeddable":true,"href":"https:\/\/www.2ha.gr\/de\/wp-json\/wp\/v2\/media\/10247"}],"wp:attachment":[{"href":"https:\/\/www.2ha.gr\/de\/wp-json\/wp\/v2\/media?parent=10301"}],"wp:term":[{"taxonomy":"product_cat","embeddable":true,"href":"https:\/\/www.2ha.gr\/de\/wp-json\/wp\/v2\/product_cat?post=10301"},{"taxonomy":"product_tag","embeddable":true,"href":"https:\/\/www.2ha.gr\/de\/wp-json\/wp\/v2\/product_tag?post=10301"}],"curies":[{"name":"wp","href":"https:\/\/api.w.org\/{rel}","templated":true}]}}