{"id":10581,"date":"2023-12-08T11:24:03","date_gmt":"2023-12-08T09:24:03","guid":{"rendered":"https:\/\/www.2ha.gr\/?post_type=product&#038;p=10581"},"modified":"2025-08-05T10:41:41","modified_gmt":"2025-08-05T07:41:41","slug":"%cf%83%ce%bf%cf%85%cf%80%ce%bb%ce%ac-%ce%b1%cf%80%cf%8c-100-%ce%b4%ce%ad%cf%81%ce%bc%ce%b1","status":"publish","type":"product","link":"https:\/\/www.2ha.gr\/de\/product\/%cf%83%ce%bf%cf%85%cf%80%ce%bb%ce%ac-%ce%b1%cf%80%cf%8c-100-%ce%b4%ce%ad%cf%81%ce%bc%ce%b1\/","title":{"rendered":"\u03a3\u03bf\u03c5\u03c0\u03bb\u03ac \u03b1\u03c0\u03cc 100% \u0394\u03ad\u03c1\u03bc\u03b1 ."},"content":{"rendered":"<p><\/p>\n<div class=\"\" data-block=\"true\" data-editor=\"2r71r\" data-offset-key=\"2gkug-0-0\">\n<div class=\"_1mf _1mj\" data-offset-key=\"2gkug-0-0\"><span data-offset-key=\"2gkug-0-0\">&#x1f31f; Ma\u00dfgeschneiderter Luxus f\u00fcr Ihr Restaurant! &#x1f31f;<\/span><\/div>\n<\/div>\n<div class=\"\" data-block=\"true\" data-editor=\"2r71r\" data-offset-key=\"88mh2-0-0\">\n<div class=\"_1mf _1mj\" data-offset-key=\"88mh2-0-0\"><span data-offset-key=\"88mh2-0-0\"> <\/span><\/div>\n<\/div>\n<div class=\"\" data-block=\"true\" data-editor=\"2r71r\" data-offset-key=\"bm633-0-0\">\n<div class=\"_1mf _1mj\" data-offset-key=\"bm633-0-0\"><span data-offset-key=\"bm633-0-0\">Lederoberteile mit integrierten Bestecktaschen. &#x1f374;&#x2728;<\/span><\/div>\n<\/div>\n<div class=\"\" data-block=\"true\" data-editor=\"2r71r\" data-offset-key=\"27pg2-0-0\">\n<div class=\"_1mf _1mj\" data-offset-key=\"27pg2-0-0\"><span data-offset-key=\"27pg2-0-0\"> <\/span><\/div>\n<\/div>\n<div class=\"\" data-block=\"true\" data-editor=\"2r71r\" data-offset-key=\"aj1-0-0\">\n<div class=\"_1mf _1mj\" data-offset-key=\"aj1-0-0\"><span data-offset-key=\"aj1-0-0\">Anspruchsvolles Design trifft auf h\u00f6chste Funktionalit\u00e4t. Jeder Suppenteller kann mit einer Lasergravur Ihres Logos oder sogar des QR-Codes Ihres Restaurants personalisiert werden und bietet Ihren Kunden eine moderne und sichere M\u00f6glichkeit, Ihre Speisekarte zu durchsuchen. &#x1f4f2;&#x1f4c9;<\/span><\/div>\n<\/div>\n<div class=\"\" data-block=\"true\" data-editor=\"2r71r\" data-offset-key=\"eplgl-0-0\">\n<div class=\"_1mf _1mj\" data-offset-key=\"eplgl-0-0\"><span data-offset-key=\"eplgl-0-0\"> <\/span><\/div>\n<\/div>\n<div class=\"\" data-block=\"true\" data-editor=\"2r71r\" data-offset-key=\"60lft-0-0\">\n<div class=\"_1mf _1mj\" data-offset-key=\"60lft-0-0\"><span data-offset-key=\"60lft-0-0\">Verbessern Sie das Erlebnis in Ihrem Lokal mit diesem gro\u00dfartigen Detail, das Sch\u00f6nheit und Zweckm\u00e4\u00dfigkeit vereint. Entscheiden Sie sich f\u00fcr die Qualit\u00e4t und den Stil, f\u00fcr die Ihr Unternehmen steht.<\/span><\/div>\n<\/div>\n<div class=\"\" data-block=\"true\" data-editor=\"2r71r\" data-offset-key=\"e6ktj-0-0\">\n<div class=\"_1mf _1mj\" data-offset-key=\"e6ktj-0-0\"><span data-offset-key=\"e6ktj-0-0\"> <\/span><\/div>\n<\/div>\n<div class=\"\" data-block=\"true\" data-editor=\"2r71r\" data-offset-key=\"925j6-0-0\">\n<div class=\"_1mf _1mj\" data-offset-key=\"925j6-0-0\"><span data-offset-key=\"925j6-0-0\">Wenden Sie sich noch heute an uns, um Ihre Suppenterrinen an die Bed\u00fcrfnisse Ihres Restaurants anzupassen!<\/span><\/div>\n<\/div>\n<p><\/p>","protected":false},"excerpt":{"rendered":"<div class=\"\" data-block=\"true\" data-editor=\"2r71r\" data-offset-key=\"2gkug-0-0\">\n<div class=\"_1mf _1mj\" data-offset-key=\"2gkug-0-0\"><span data-offset-key=\"2gkug-0-0\">&#x1f31f; Ma\u00dfgeschneiderter Luxus f\u00fcr Ihr Restaurant! &#x1f31f;<\/span><\/div>\n<\/div>\n<div class=\"\" data-block=\"true\" data-editor=\"2r71r\" data-offset-key=\"88mh2-0-0\">\n<div class=\"_1mf _1mj\" data-offset-key=\"88mh2-0-0\"><span data-offset-key=\"88mh2-0-0\"> <\/span><\/div>\n<\/div>\n<div class=\"\" data-block=\"true\" data-editor=\"2r71r\" data-offset-key=\"bm633-0-0\">\n<div class=\"_1mf _1mj\" data-offset-key=\"bm633-0-0\"><span data-offset-key=\"bm633-0-0\">Lederoberteile mit integrierten Bestecktaschen. &#x1f374;&#x2728;<\/span><\/div>\n<\/div>\n<div class=\"\" data-block=\"true\" data-editor=\"2r71r\" data-offset-key=\"27pg2-0-0\">\n<div class=\"_1mf _1mj\" data-offset-key=\"27pg2-0-0\"><span data-offset-key=\"27pg2-0-0\"> <\/span><\/div>\n<\/div>\n<div class=\"\" data-block=\"true\" data-editor=\"2r71r\" data-offset-key=\"aj1-0-0\">\n<div class=\"_1mf _1mj\" data-offset-key=\"aj1-0-0\"><span data-offset-key=\"aj1-0-0\">Anspruchsvolles Design trifft auf h\u00f6chste Funktionalit\u00e4t. Jeder Suppenteller kann mit einer Lasergravur Ihres Logos oder sogar des QR-Codes Ihres Restaurants personalisiert werden und bietet Ihren Kunden eine moderne und sichere M\u00f6glichkeit, Ihre Speisekarte zu durchsuchen. &#x1f4f2;&#x1f4c9;<\/span><\/div>\n<\/div>\n<div class=\"\" data-block=\"true\" data-editor=\"2r71r\" data-offset-key=\"eplgl-0-0\">\n<div class=\"_1mf _1mj\" data-offset-key=\"eplgl-0-0\"><span data-offset-key=\"eplgl-0-0\"> <\/span><\/div>\n<\/div>\n<div class=\"\" data-block=\"true\" data-editor=\"2r71r\" data-offset-key=\"60lft-0-0\">\n<div class=\"_1mf _1mj\" data-offset-key=\"60lft-0-0\"><span data-offset-key=\"60lft-0-0\">Verbessern Sie das Erlebnis in Ihrem Lokal mit diesem gro\u00dfartigen Detail, das Sch\u00f6nheit und Zweckm\u00e4\u00dfigkeit vereint. Entscheiden Sie sich f\u00fcr die Qualit\u00e4t und den Stil, f\u00fcr die Ihr Unternehmen steht.<\/span><\/div>\n<\/div>\n<div class=\"\" data-block=\"true\" data-editor=\"2r71r\" data-offset-key=\"e6ktj-0-0\">\n<div class=\"_1mf _1mj\" data-offset-key=\"e6ktj-0-0\"><span data-offset-key=\"e6ktj-0-0\"> <\/span><\/div>\n<\/div>\n<div class=\"\" data-block=\"true\" data-editor=\"2r71r\" data-offset-key=\"925j6-0-0\">\n<div class=\"_1mf _1mj\" data-offset-key=\"925j6-0-0\"><span data-offset-key=\"925j6-0-0\">Wenden Sie sich noch heute an uns, um Ihre Suppenterrinen an die Bed\u00fcrfnisse Ihres Restaurants anzupassen!<\/span><\/div>\n<\/div>\n","protected":false},"featured_media":10583,"comment_status":"closed","ping_status":"closed","template":"","meta":[],"product_cat":[25],"product_tag":[],"class_list":{"0":"post-10581","1":"product","2":"type-product","3":"status-publish","4":"has-post-thumbnail","6":"product_cat-little-2ha","8":"first","9":"instock","10":"sale","11":"taxable","12":"shipping-taxable","13":"purchasable","14":"product-type-simple"},"_links":{"self":[{"href":"https:\/\/www.2ha.gr\/de\/wp-json\/wp\/v2\/product\/10581","targetHints":{"allow":["GET"]}}],"collection":[{"href":"https:\/\/www.2ha.gr\/de\/wp-json\/wp\/v2\/product"}],"about":[{"href":"https:\/\/www.2ha.gr\/de\/wp-json\/wp\/v2\/types\/product"}],"replies":[{"embeddable":true,"href":"https:\/\/www.2ha.gr\/de\/wp-json\/wp\/v2\/comments?post=10581"}],"wp:featuredmedia":[{"embeddable":true,"href":"https:\/\/www.2ha.gr\/de\/wp-json\/wp\/v2\/media\/10583"}],"wp:attachment":[{"href":"https:\/\/www.2ha.gr\/de\/wp-json\/wp\/v2\/media?parent=10581"}],"wp:term":[{"taxonomy":"product_cat","embeddable":true,"href":"https:\/\/www.2ha.gr\/de\/wp-json\/wp\/v2\/product_cat?post=10581"},{"taxonomy":"product_tag","embeddable":true,"href":"https:\/\/www.2ha.gr\/de\/wp-json\/wp\/v2\/product_tag?post=10581"}],"curies":[{"name":"wp","href":"https:\/\/api.w.org\/{rel}","templated":true}]}}