{"id":11344,"date":"2024-03-16T14:01:06","date_gmt":"2024-03-16T12:01:06","guid":{"rendered":"https:\/\/www.2ha.gr\/?post_type=product&#038;p=11344"},"modified":"2024-08-30T23:10:51","modified_gmt":"2024-08-30T20:10:51","slug":"masterblend","status":"publish","type":"product","link":"https:\/\/www.2ha.gr\/de\/product\/masterblend\/","title":{"rendered":"MasterBlend"},"content":{"rendered":"<p><\/p>\n<ul>\n<li><em><strong>Kombination aus zwei hochwertigen Stoffen<\/strong><\/em><\/li>\n<li><em><strong>Zwei niedrige Au\u00dfentaschen <\/strong><\/em><\/li>\n<li><em><strong>Kreuztr\u00e4ger, um den Hals nicht zu belasten und eine perfekte Passform f\u00fcr jeden K\u00f6rpertyp zu haben<\/strong><\/em><\/li>\n<li><em><strong>Baumwolle \/ Cool Lining auf der R\u00fcckseite f\u00fcr das beste Gef\u00fchl in jeder Temperatur. <\/strong><\/em><\/li>\n<\/ul>\n<p><\/p>","protected":false},"excerpt":{"rendered":"<ul>\n<li><em><strong>Kombination aus zwei hochwertigen Stoffen<\/strong><\/em><\/li>\n<li><em><strong>Zwei niedrige Au\u00dfentaschen <\/strong><\/em><\/li>\n<li><em><strong>Kreuztr\u00e4ger, um den Hals nicht zu belasten und eine perfekte Passform f\u00fcr jeden K\u00f6rpertyp zu haben<\/strong><\/em><\/li>\n<li><em><strong>Baumwolle \/ Cool Lining auf der R\u00fcckseite f\u00fcr das beste Gef\u00fchl in jeder Temperatur. <\/strong><\/em><\/li>\n<\/ul>\n","protected":false},"featured_media":11329,"comment_status":"closed","ping_status":"closed","template":"","meta":[],"product_cat":[57,8,11,12,23,7,15,17,58,13,24],"product_tag":[],"class_list":{"0":"post-11344","1":"product","2":"type-product","3":"status-publish","4":"has-post-thumbnail","6":"product_cat-2024-2025","7":"product_cat-artists","8":"product_cat-barista","9":"product_cat-bartender","10":"product_cat-in-stock","11":"product_cat-hospitality","12":"product_cat-barber-hairdresser","13":"product_cat-nail-artist","14":"product_cat-58","15":"product_cat-service","16":"product_cat-aprons","18":"first","19":"instock","20":"sale","21":"taxable","22":"shipping-taxable","23":"purchasable","24":"product-type-simple"},"_links":{"self":[{"href":"https:\/\/www.2ha.gr\/de\/wp-json\/wp\/v2\/product\/11344","targetHints":{"allow":["GET"]}}],"collection":[{"href":"https:\/\/www.2ha.gr\/de\/wp-json\/wp\/v2\/product"}],"about":[{"href":"https:\/\/www.2ha.gr\/de\/wp-json\/wp\/v2\/types\/product"}],"replies":[{"embeddable":true,"href":"https:\/\/www.2ha.gr\/de\/wp-json\/wp\/v2\/comments?post=11344"}],"wp:featuredmedia":[{"embeddable":true,"href":"https:\/\/www.2ha.gr\/de\/wp-json\/wp\/v2\/media\/11329"}],"wp:attachment":[{"href":"https:\/\/www.2ha.gr\/de\/wp-json\/wp\/v2\/media?parent=11344"}],"wp:term":[{"taxonomy":"product_cat","embeddable":true,"href":"https:\/\/www.2ha.gr\/de\/wp-json\/wp\/v2\/product_cat?post=11344"},{"taxonomy":"product_tag","embeddable":true,"href":"https:\/\/www.2ha.gr\/de\/wp-json\/wp\/v2\/product_tag?post=11344"}],"curies":[{"name":"wp","href":"https:\/\/api.w.org\/{rel}","templated":true}]}}