{"id":11347,"date":"2024-03-16T14:30:06","date_gmt":"2024-03-16T12:30:06","guid":{"rendered":"https:\/\/www.2ha.gr\/?post_type=product&#038;p=11347"},"modified":"2024-08-30T22:46:35","modified_gmt":"2024-08-30T19:46:35","slug":"the-ai-apron","status":"publish","type":"product","link":"https:\/\/www.2ha.gr\/de\/product\/the-ai-apron\/","title":{"rendered":"The Ai Apron"},"content":{"rendered":"<p><\/p>\n<ul>\n<li><strong><em>Hochwertiger Stoff, 100% von uns entworfen <\/em><\/strong><\/li>\n<li><strong><em>Eine niedrige Tasche &amp; eine auf der Brust <\/em><\/strong><\/li>\n<li><strong><em>Kreuztr\u00e4ger, um den Hals frei zu halten und eine perfekte Passform f\u00fcr jeden K\u00f6rpertyp zu haben<\/em><\/strong><\/li>\n<li><strong><em>Baumwolle \/ Cool Lining auf der R\u00fcckseite f\u00fcr das beste Gef\u00fchl in jeder Temperatur. <\/em><\/strong><\/li>\n<\/ul>\n<p><\/p>","protected":false},"excerpt":{"rendered":"<ul>\n<li><strong><em>Hochwertiger Stoff, 100% von uns entworfen <\/em><\/strong><\/li>\n<li><strong><em>Eine niedrige Tasche &amp; eine auf der Brust <\/em><\/strong><\/li>\n<li><strong><em>Kreuztr\u00e4ger, um den Hals frei zu halten und eine perfekte Passform f\u00fcr jeden K\u00f6rpertyp zu haben<\/em><\/strong><\/li>\n<li><strong><em>Baumwolle \/ Cool Lining auf der R\u00fcckseite f\u00fcr das beste Gef\u00fchl in jeder Temperatur. <\/em><\/strong><\/li>\n<\/ul>\n","protected":false},"featured_media":11333,"comment_status":"closed","ping_status":"closed","template":"","meta":[],"product_cat":[57,8,11,12,42,40,7,15,17,58,13,24],"product_tag":[],"class_list":{"0":"post-11347","1":"product","2":"type-product","3":"status-publish","4":"has-post-thumbnail","6":"product_cat-2024-2025","7":"product_cat-artists","8":"product_cat-barista","9":"product_cat-bartender","10":"product_cat-coffee-lovers","11":"product_cat-40","12":"product_cat-hospitality","13":"product_cat-barber-hairdresser","14":"product_cat-nail-artist","15":"product_cat-58","16":"product_cat-service","17":"product_cat-aprons","19":"first","20":"instock","21":"sale","22":"taxable","23":"shipping-taxable","24":"purchasable","25":"product-type-simple"},"_links":{"self":[{"href":"https:\/\/www.2ha.gr\/de\/wp-json\/wp\/v2\/product\/11347","targetHints":{"allow":["GET"]}}],"collection":[{"href":"https:\/\/www.2ha.gr\/de\/wp-json\/wp\/v2\/product"}],"about":[{"href":"https:\/\/www.2ha.gr\/de\/wp-json\/wp\/v2\/types\/product"}],"replies":[{"embeddable":true,"href":"https:\/\/www.2ha.gr\/de\/wp-json\/wp\/v2\/comments?post=11347"}],"wp:featuredmedia":[{"embeddable":true,"href":"https:\/\/www.2ha.gr\/de\/wp-json\/wp\/v2\/media\/11333"}],"wp:attachment":[{"href":"https:\/\/www.2ha.gr\/de\/wp-json\/wp\/v2\/media?parent=11347"}],"wp:term":[{"taxonomy":"product_cat","embeddable":true,"href":"https:\/\/www.2ha.gr\/de\/wp-json\/wp\/v2\/product_cat?post=11347"},{"taxonomy":"product_tag","embeddable":true,"href":"https:\/\/www.2ha.gr\/de\/wp-json\/wp\/v2\/product_tag?post=11347"}],"curies":[{"name":"wp","href":"https:\/\/api.w.org\/{rel}","templated":true}]}}