{"id":11348,"date":"2024-03-16T14:37:56","date_gmt":"2024-03-16T12:37:56","guid":{"rendered":"https:\/\/www.2ha.gr\/?post_type=product&#038;p=11348"},"modified":"2024-08-30T19:37:37","modified_gmt":"2024-08-30T16:37:37","slug":"the-ai-service-apron","status":"publish","type":"product","link":"https:\/\/www.2ha.gr\/de\/product\/the-ai-service-apron\/","title":{"rendered":"The Ai service Apron"},"content":{"rendered":"<p><\/p>\n<ul>\n<li><strong><em>Hochwertiger Stoff, 100% von uns entworfen<\/em><\/strong><\/li>\n<li><strong><em>Eine externe Jackentasche <\/em><\/strong><\/li>\n<li><strong><em>Bindung mit Metallschlie\u00dfe, so dass wir eine perfekte Passform f\u00fcr jeden K\u00f6rpertyp haben<\/em><\/strong><\/li>\n<li><strong><em>Baumwolle \/ Cool Lining auf der R\u00fcckseite f\u00fcr das beste Gef\u00fchl in jeder Temperatur. <\/em><\/strong><\/li>\n<\/ul>\n<p><\/p>","protected":false},"excerpt":{"rendered":"<ul>\n<li><strong><em>Hochwertiger Stoff, 100% von uns entworfen<\/em><\/strong><\/li>\n<li><strong><em>Eine externe Jackentasche <\/em><\/strong><\/li>\n<li><strong><em>Bindung mit Metallschlie\u00dfe, so dass wir eine perfekte Passform f\u00fcr jeden K\u00f6rpertyp haben<\/em><\/strong><\/li>\n<li><strong><em>Baumwolle \/ Cool Lining auf der R\u00fcckseite f\u00fcr das beste Gef\u00fchl in jeder Temperatur. <\/em><\/strong><\/li>\n<\/ul>\n","protected":false},"featured_media":11334,"comment_status":"closed","ping_status":"closed","template":"","meta":[],"product_cat":[57,7,13,24],"product_tag":[],"class_list":{"0":"post-11348","1":"product","2":"type-product","3":"status-publish","4":"has-post-thumbnail","6":"product_cat-2024-2025","7":"product_cat-hospitality","8":"product_cat-service","9":"product_cat-aprons","11":"first","12":"instock","13":"sale","14":"taxable","15":"shipping-taxable","16":"purchasable","17":"product-type-simple"},"_links":{"self":[{"href":"https:\/\/www.2ha.gr\/de\/wp-json\/wp\/v2\/product\/11348","targetHints":{"allow":["GET"]}}],"collection":[{"href":"https:\/\/www.2ha.gr\/de\/wp-json\/wp\/v2\/product"}],"about":[{"href":"https:\/\/www.2ha.gr\/de\/wp-json\/wp\/v2\/types\/product"}],"replies":[{"embeddable":true,"href":"https:\/\/www.2ha.gr\/de\/wp-json\/wp\/v2\/comments?post=11348"}],"wp:featuredmedia":[{"embeddable":true,"href":"https:\/\/www.2ha.gr\/de\/wp-json\/wp\/v2\/media\/11334"}],"wp:attachment":[{"href":"https:\/\/www.2ha.gr\/de\/wp-json\/wp\/v2\/media?parent=11348"}],"wp:term":[{"taxonomy":"product_cat","embeddable":true,"href":"https:\/\/www.2ha.gr\/de\/wp-json\/wp\/v2\/product_cat?post=11348"},{"taxonomy":"product_tag","embeddable":true,"href":"https:\/\/www.2ha.gr\/de\/wp-json\/wp\/v2\/product_tag?post=11348"}],"curies":[{"name":"wp","href":"https:\/\/api.w.org\/{rel}","templated":true}]}}