{"id":11351,"date":"2024-03-16T15:00:58","date_gmt":"2024-03-16T13:00:58","guid":{"rendered":"https:\/\/www.2ha.gr\/?post_type=product&#038;p=11351"},"modified":"2024-08-30T19:49:35","modified_gmt":"2024-08-30T16:49:35","slug":"georgias-design-servise-apron","status":"publish","type":"product","link":"https:\/\/www.2ha.gr\/de\/product\/georgias-design-servise-apron\/","title":{"rendered":"Georgia\u2019s Design Servise Apron"},"content":{"rendered":"<p><\/p>\n<ul>\n<li style=\"text-align: left\"><strong><em>Kombination aus drei wasserdichten und hochwertigen Netzgeweben<\/em><\/strong><\/li>\n<li style=\"text-align: left\"><strong><em>Eine gro\u00dfe dreifache Au\u00dfentasche <\/em><\/strong><\/li>\n<\/ul>\n<ul style=\"text-align: left\">\n<li><strong><em>Metallverschluss f\u00fcr eine perfekte Passform f\u00fcr jeden K\u00f6rpertyp<\/em><\/strong><\/li>\n<li><strong><em>Baumwolle \/ Cool Lining auf der R\u00fcckseite f\u00fcr das beste Gef\u00fchl bei jeder Temperatur. <\/em><\/strong><\/li>\n<\/ul>\n<p style=\"text-align: left\"><em><strong>Kontaktieren Sie uns, um alle m\u00f6glichen Farbkombinationen zu sehen <\/strong><\/em><\/p>\n<p><\/p>","protected":false},"excerpt":{"rendered":"<ul>\n<li style=\"text-align: left\"><strong><em>Kombination aus drei wasserdichten und hochwertigen Netzgeweben<\/em><\/strong><\/li>\n<li style=\"text-align: left\"><strong><em>Eine gro\u00dfe dreifache Au\u00dfentasche <\/em><\/strong><\/li>\n<\/ul>\n<ul style=\"text-align: left\">\n<li><strong><em>Metallverschluss f\u00fcr eine perfekte Passform f\u00fcr jeden K\u00f6rpertyp<\/em><\/strong><\/li>\n<li><strong><em>Baumwolle \/ Cool Lining auf der R\u00fcckseite f\u00fcr das beste Gef\u00fchl bei jeder Temperatur. <\/em><\/strong><\/li>\n<\/ul>\n<p style=\"text-align: left\"><em><strong>Kontaktieren Sie uns, um alle m\u00f6glichen Farbkombinationen zu sehen <\/strong><\/em><\/p>\n","protected":false},"featured_media":11336,"comment_status":"closed","ping_status":"closed","template":"","meta":[],"product_cat":[57,7,13,24],"product_tag":[],"class_list":{"0":"post-11351","1":"product","2":"type-product","3":"status-publish","4":"has-post-thumbnail","6":"product_cat-2024-2025","7":"product_cat-hospitality","8":"product_cat-service","9":"product_cat-aprons","11":"first","12":"instock","13":"sale","14":"taxable","15":"shipping-taxable","16":"purchasable","17":"product-type-simple"},"_links":{"self":[{"href":"https:\/\/www.2ha.gr\/de\/wp-json\/wp\/v2\/product\/11351","targetHints":{"allow":["GET"]}}],"collection":[{"href":"https:\/\/www.2ha.gr\/de\/wp-json\/wp\/v2\/product"}],"about":[{"href":"https:\/\/www.2ha.gr\/de\/wp-json\/wp\/v2\/types\/product"}],"replies":[{"embeddable":true,"href":"https:\/\/www.2ha.gr\/de\/wp-json\/wp\/v2\/comments?post=11351"}],"wp:featuredmedia":[{"embeddable":true,"href":"https:\/\/www.2ha.gr\/de\/wp-json\/wp\/v2\/media\/11336"}],"wp:attachment":[{"href":"https:\/\/www.2ha.gr\/de\/wp-json\/wp\/v2\/media?parent=11351"}],"wp:term":[{"taxonomy":"product_cat","embeddable":true,"href":"https:\/\/www.2ha.gr\/de\/wp-json\/wp\/v2\/product_cat?post=11351"},{"taxonomy":"product_tag","embeddable":true,"href":"https:\/\/www.2ha.gr\/de\/wp-json\/wp\/v2\/product_tag?post=11351"}],"curies":[{"name":"wp","href":"https:\/\/api.w.org\/{rel}","templated":true}]}}