{"id":11358,"date":"2024-03-17T00:23:47","date_gmt":"2024-03-16T22:23:47","guid":{"rendered":"https:\/\/www.2ha.gr\/?post_type=product&#038;p=11358"},"modified":"2024-08-29T10:07:29","modified_gmt":"2024-08-29T07:07:29","slug":"doha-1-apron","status":"publish","type":"product","link":"https:\/\/www.2ha.gr\/de\/product\/doha-1-apron\/","title":{"rendered":"Doha 1 Apron"},"content":{"rendered":"<p><\/p>\n<ul>\n<li><em><strong>Rockartige Sch\u00fcrze <\/strong><\/em><\/li>\n<li><em><strong>Zwei Taschen <\/strong><\/em><\/li>\n<li><em><strong>Hochwertiger Stoff <\/strong><\/em><\/li>\n<li><em><strong>Bindung mit Metallspange f\u00fcr eine perfekte Passform bei jedem K\u00f6rpertyp<\/strong><\/em><\/li>\n<li><em><strong>Baumwolle \/ Cool Lining auf der R\u00fcckseite f\u00fcr das beste Gef\u00fchl in jeder Temperatur.<\/strong><\/em><\/li>\n<\/ul>\n<p><em><strong>Kontaktieren Sie uns, um alle m\u00f6glichen Farbkombinationen zu sehen <\/strong><\/em><\/p>\n<div><\/div>\n<p><\/p>","protected":false},"excerpt":{"rendered":"<ul>\n<li><em><strong>Rockartige Sch\u00fcrze <\/strong><\/em><\/li>\n<li><em><strong>Zwei Taschen <\/strong><\/em><\/li>\n<li><em><strong>Hochwertiger Stoff <\/strong><\/em><\/li>\n<li><em><strong>Bindung mit Metallspange f\u00fcr eine perfekte Passform bei jedem K\u00f6rpertyp<\/strong><\/em><\/li>\n<li><em><strong>Baumwolle \/ Cool Lining auf der R\u00fcckseite f\u00fcr das beste Gef\u00fchl in jeder Temperatur. <\/strong><\/em><\/li>\n<\/ul>\n<p><em><strong>Kontaktieren Sie uns, um alle m\u00f6glichen Farbkombinationen zu sehen <\/strong><\/em><\/p>\n<div><\/div>\n","protected":false},"featured_media":11342,"comment_status":"closed","ping_status":"closed","template":"","meta":[],"product_cat":[57,23,40,7,13,24],"product_tag":[],"class_list":{"0":"post-11358","1":"product","2":"type-product","3":"status-publish","4":"has-post-thumbnail","6":"product_cat-2024-2025","7":"product_cat-in-stock","8":"product_cat-40","9":"product_cat-hospitality","10":"product_cat-service","11":"product_cat-aprons","13":"first","14":"instock","15":"sale","16":"taxable","17":"shipping-taxable","18":"purchasable","19":"product-type-simple"},"_links":{"self":[{"href":"https:\/\/www.2ha.gr\/de\/wp-json\/wp\/v2\/product\/11358","targetHints":{"allow":["GET"]}}],"collection":[{"href":"https:\/\/www.2ha.gr\/de\/wp-json\/wp\/v2\/product"}],"about":[{"href":"https:\/\/www.2ha.gr\/de\/wp-json\/wp\/v2\/types\/product"}],"replies":[{"embeddable":true,"href":"https:\/\/www.2ha.gr\/de\/wp-json\/wp\/v2\/comments?post=11358"}],"wp:featuredmedia":[{"embeddable":true,"href":"https:\/\/www.2ha.gr\/de\/wp-json\/wp\/v2\/media\/11342"}],"wp:attachment":[{"href":"https:\/\/www.2ha.gr\/de\/wp-json\/wp\/v2\/media?parent=11358"}],"wp:term":[{"taxonomy":"product_cat","embeddable":true,"href":"https:\/\/www.2ha.gr\/de\/wp-json\/wp\/v2\/product_cat?post=11358"},{"taxonomy":"product_tag","embeddable":true,"href":"https:\/\/www.2ha.gr\/de\/wp-json\/wp\/v2\/product_tag?post=11358"}],"curies":[{"name":"wp","href":"https:\/\/api.w.org\/{rel}","templated":true}]}}