{"id":11359,"date":"2024-03-17T00:27:45","date_gmt":"2024-03-16T22:27:45","guid":{"rendered":"https:\/\/www.2ha.gr\/?post_type=product&#038;p=11359"},"modified":"2024-08-29T10:06:55","modified_gmt":"2024-08-29T07:06:55","slug":"doha-2-apron","status":"publish","type":"product","link":"https:\/\/www.2ha.gr\/de\/product\/doha-2-apron\/","title":{"rendered":"Doha 2 Apron"},"content":{"rendered":"<p><\/p>\n<ul>\n<li><em><strong>Zwei Taschen <\/strong><\/em><\/li>\n<li><em><strong>Hochwertiger Stoff &amp; Hochwertiger Stoff Segelndes Kunstleder <\/strong><\/em><\/li>\n<li><em><strong>Bindung mit Metallschlie\u00dfe f\u00fcr eine perfekte Passform f\u00fcr jeden K\u00f6rpertyp<\/strong><\/em><\/li>\n<li><em><strong>Baumwolle \/ Cool Lining auf der R\u00fcckseite f\u00fcr das beste Gef\u00fchl in jeder Temperatur. <\/strong><\/em><\/li>\n<\/ul>\n<p><em><strong>Kontaktieren Sie uns, um alle m\u00f6glichen Farbkombinationen zu sehen <\/strong><\/em><\/p>","protected":false},"excerpt":{"rendered":"<ul>\n<li><em><strong>Zwei Taschen <\/strong><\/em><\/li>\n<li><em><strong>Hochwertiger Stoff &amp; Hochwertiger Stoff Segelndes Kunstleder <\/strong><\/em><\/li>\n<li><em><strong>Bindung mit Metallschlie\u00dfe f\u00fcr eine perfekte Passform f\u00fcr jeden K\u00f6rpertyp<\/strong><\/em><\/li>\n<li><em><strong>Baumwolle \/ Cool Lining auf der R\u00fcckseite f\u00fcr das beste Gef\u00fchl in jeder Temperatur. <\/strong><\/em><\/li>\n<\/ul>\n<p><em><strong>Kontaktieren Sie uns, um alle m\u00f6glichen Farbkombinationen zu sehen <\/strong><\/em><\/p>\n","protected":false},"featured_media":11338,"comment_status":"closed","ping_status":"closed","template":"","meta":[],"product_cat":[57,23,7,13,24],"product_tag":[],"class_list":{"0":"post-11359","1":"product","2":"type-product","3":"status-publish","4":"has-post-thumbnail","6":"product_cat-2024-2025","7":"product_cat-in-stock","8":"product_cat-hospitality","9":"product_cat-service","10":"product_cat-aprons","12":"first","13":"instock","14":"sale","15":"taxable","16":"shipping-taxable","17":"purchasable","18":"product-type-simple"},"_links":{"self":[{"href":"https:\/\/www.2ha.gr\/de\/wp-json\/wp\/v2\/product\/11359","targetHints":{"allow":["GET"]}}],"collection":[{"href":"https:\/\/www.2ha.gr\/de\/wp-json\/wp\/v2\/product"}],"about":[{"href":"https:\/\/www.2ha.gr\/de\/wp-json\/wp\/v2\/types\/product"}],"replies":[{"embeddable":true,"href":"https:\/\/www.2ha.gr\/de\/wp-json\/wp\/v2\/comments?post=11359"}],"wp:featuredmedia":[{"embeddable":true,"href":"https:\/\/www.2ha.gr\/de\/wp-json\/wp\/v2\/media\/11338"}],"wp:attachment":[{"href":"https:\/\/www.2ha.gr\/de\/wp-json\/wp\/v2\/media?parent=11359"}],"wp:term":[{"taxonomy":"product_cat","embeddable":true,"href":"https:\/\/www.2ha.gr\/de\/wp-json\/wp\/v2\/product_cat?post=11359"},{"taxonomy":"product_tag","embeddable":true,"href":"https:\/\/www.2ha.gr\/de\/wp-json\/wp\/v2\/product_tag?post=11359"}],"curies":[{"name":"wp","href":"https:\/\/api.w.org\/{rel}","templated":true}]}}