{"id":11368,"date":"2024-03-17T01:06:11","date_gmt":"2024-03-16T23:06:11","guid":{"rendered":"https:\/\/www.2ha.gr\/?post_type=product&#038;p=11368"},"modified":"2025-06-25T23:47:40","modified_gmt":"2025-06-25T20:47:40","slug":"global-signature-%ce%b1pron","status":"publish","type":"product","link":"https:\/\/www.2ha.gr\/de\/product\/global-signature-%ce%b1pron\/","title":{"rendered":"Global Signature \u0391pron"},"content":{"rendered":"<p><\/p>\n<ul>\n<li><strong><em>Eine &amp; Einzigartige Sch\u00fcrze <\/em><\/strong><\/li>\n<li><strong><em>100% handgefertigt <\/em><\/strong><\/li>\n<li><strong><em>Kombination aus verschiedenen 100% Naturleder <\/em><\/strong><\/li>\n<li><strong><em>Eine Tasche <\/em><\/strong><\/li>\n<li><strong><em>Handtuch-Spitze<\/em><\/strong><\/li>\n<li><strong><em>Kreuzgurte zur Vermeidung von Nackenbeschwerden und perfekte Passform f\u00fcr jeden K\u00f6rpertyp<\/em><\/strong><\/li>\n<li><strong><em>Baumwolle \/ Cool Lining auf der R\u00fcckseite f\u00fcr das beste Gef\u00fchl in jeder Temperatur. <\/em><\/strong><\/li>\n<\/ul>\n<p><\/p>","protected":false},"excerpt":{"rendered":"<ul>\n<li><strong><em>Eine &amp; Einzigartige Sch\u00fcrze <\/em><\/strong><\/li>\n<li><strong><em>100% handgefertigt <\/em><\/strong><\/li>\n<li><strong><em>Kombination aus verschiedenen 100% Naturleder <\/em><\/strong><\/li>\n<li><strong><em>Eine Tasche <\/em><\/strong><\/li>\n<li><strong><em>Handtuch-Spitze<\/em><\/strong><\/li>\n<li><strong><em>Kreuzgurte zur Vermeidung von Nackenbeschwerden und perfekte Passform f\u00fcr jeden K\u00f6rpertyp<\/em><\/strong><\/li>\n<li><strong><em>Baumwolle \/ Cool Lining auf der R\u00fcckseite f\u00fcr das beste Gef\u00fchl in jeder Temperatur. <\/em><\/strong><\/li>\n<\/ul>\n","protected":false},"featured_media":11356,"comment_status":"closed","ping_status":"closed","template":"","meta":[],"product_cat":[57,11,12,42,23,40,22,7,58,13,24],"product_tag":[],"class_list":{"0":"post-11368","1":"product","2":"type-product","3":"status-publish","4":"has-post-thumbnail","6":"product_cat-2024-2025","7":"product_cat-barista","8":"product_cat-bartender","9":"product_cat-coffee-lovers","10":"product_cat-in-stock","11":"product_cat-40","12":"product_cat-original-leather","13":"product_cat-hospitality","14":"product_cat-58","15":"product_cat-service","16":"product_cat-aprons","18":"first","19":"onbackorder","20":"taxable","21":"shipping-taxable","22":"purchasable","23":"product-type-simple"},"_links":{"self":[{"href":"https:\/\/www.2ha.gr\/de\/wp-json\/wp\/v2\/product\/11368","targetHints":{"allow":["GET"]}}],"collection":[{"href":"https:\/\/www.2ha.gr\/de\/wp-json\/wp\/v2\/product"}],"about":[{"href":"https:\/\/www.2ha.gr\/de\/wp-json\/wp\/v2\/types\/product"}],"replies":[{"embeddable":true,"href":"https:\/\/www.2ha.gr\/de\/wp-json\/wp\/v2\/comments?post=11368"}],"wp:featuredmedia":[{"embeddable":true,"href":"https:\/\/www.2ha.gr\/de\/wp-json\/wp\/v2\/media\/11356"}],"wp:attachment":[{"href":"https:\/\/www.2ha.gr\/de\/wp-json\/wp\/v2\/media?parent=11368"}],"wp:term":[{"taxonomy":"product_cat","embeddable":true,"href":"https:\/\/www.2ha.gr\/de\/wp-json\/wp\/v2\/product_cat?post=11368"},{"taxonomy":"product_tag","embeddable":true,"href":"https:\/\/www.2ha.gr\/de\/wp-json\/wp\/v2\/product_tag?post=11368"}],"curies":[{"name":"wp","href":"https:\/\/api.w.org\/{rel}","templated":true}]}}