{"id":11414,"date":"2024-03-21T20:58:45","date_gmt":"2024-03-21T18:58:45","guid":{"rendered":"https:\/\/www.2ha.gr\/?post_type=product&#038;p=11414"},"modified":"2024-08-30T22:49:48","modified_gmt":"2024-08-30T19:49:48","slug":"grembiule-stile-saporito","status":"publish","type":"product","link":"https:\/\/www.2ha.gr\/de\/product\/grembiule-stile-saporito\/","title":{"rendered":"Grembiule Stile Saporito"},"content":{"rendered":"<p><\/p>\n<ul>\n<li><strong><em>100% wasserdicht &amp; Fleckabweisender Stoff <\/em><\/strong><\/li>\n<li><strong><em>Hochwertiges Kunstleder <\/em><\/strong><\/li>\n<li><strong><em>Zentrale ger\u00e4umige Tasche<\/em><\/strong><\/li>\n<li><strong><em>Handtuch-Haken <\/em><\/strong><\/li>\n<li><strong><em>Kreuzgurte zum Binden, um den Hals frei zu halten und eine perfekte Passform f\u00fcr jeden K\u00f6rpertyp zu haben<\/em><\/strong><\/li>\n<li><strong><em>Baumwolle \/ Cool Lining auf der R\u00fcckseite f\u00fcr das beste Gef\u00fchl in jeder Temperatur. <\/em><\/strong><\/li>\n<\/ul>\n<p><\/p>","protected":false},"excerpt":{"rendered":"<ul>\n<li><strong><em>100% wasserdicht &amp; Fleckabweisender Stoff <\/em><\/strong><\/li>\n<li><strong><em>Hochwertiges Kunstleder <\/em><\/strong><\/li>\n<li><strong><em>Zentrale ger\u00e4umige Tasche<\/em><\/strong><\/li>\n<li><strong><em>Handtuch-Haken <\/em><\/strong><\/li>\n<li><strong><em>Kreuzgurte zum Binden, um den Hals frei zu halten und eine perfekte Passform f\u00fcr jeden K\u00f6rpertyp zu haben<\/em><\/strong><\/li>\n<li><strong><em>Baumwolle \/ Cool Lining auf der R\u00fcckseite f\u00fcr das beste Gef\u00fchl in jeder Temperatur. <\/em><\/strong><\/li>\n<\/ul>\n","protected":false},"featured_media":11389,"comment_status":"closed","ping_status":"closed","template":"","meta":[],"product_cat":[57,8,11,12,42,23,7,15,17,58,13,21,24],"product_tag":[],"class_list":{"0":"post-11414","1":"product","2":"type-product","3":"status-publish","4":"has-post-thumbnail","6":"product_cat-2024-2025","7":"product_cat-artists","8":"product_cat-barista","9":"product_cat-bartender","10":"product_cat-coffee-lovers","11":"product_cat-in-stock","12":"product_cat-hospitality","13":"product_cat-barber-hairdresser","14":"product_cat-nail-artist","15":"product_cat-58","16":"product_cat-service","17":"product_cat-chef","18":"product_cat-aprons","20":"first","21":"instock","22":"sale","23":"taxable","24":"shipping-taxable","25":"purchasable","26":"product-type-simple"},"_links":{"self":[{"href":"https:\/\/www.2ha.gr\/de\/wp-json\/wp\/v2\/product\/11414","targetHints":{"allow":["GET"]}}],"collection":[{"href":"https:\/\/www.2ha.gr\/de\/wp-json\/wp\/v2\/product"}],"about":[{"href":"https:\/\/www.2ha.gr\/de\/wp-json\/wp\/v2\/types\/product"}],"replies":[{"embeddable":true,"href":"https:\/\/www.2ha.gr\/de\/wp-json\/wp\/v2\/comments?post=11414"}],"wp:featuredmedia":[{"embeddable":true,"href":"https:\/\/www.2ha.gr\/de\/wp-json\/wp\/v2\/media\/11389"}],"wp:attachment":[{"href":"https:\/\/www.2ha.gr\/de\/wp-json\/wp\/v2\/media?parent=11414"}],"wp:term":[{"taxonomy":"product_cat","embeddable":true,"href":"https:\/\/www.2ha.gr\/de\/wp-json\/wp\/v2\/product_cat?post=11414"},{"taxonomy":"product_tag","embeddable":true,"href":"https:\/\/www.2ha.gr\/de\/wp-json\/wp\/v2\/product_tag?post=11414"}],"curies":[{"name":"wp","href":"https:\/\/api.w.org\/{rel}","templated":true}]}}