{"id":11415,"date":"2024-03-21T21:12:10","date_gmt":"2024-03-21T19:12:10","guid":{"rendered":"https:\/\/www.2ha.gr\/?post_type=product&#038;p=11415"},"modified":"2024-08-30T23:10:08","modified_gmt":"2024-08-30T20:10:08","slug":"artisan-aroma-apron","status":"publish","type":"product","link":"https:\/\/www.2ha.gr\/de\/product\/artisan-aroma-apron\/","title":{"rendered":"Artisan Aroma Apron"},"content":{"rendered":"<p><\/p>\n<ul>\n<li><strong><em>Komplett aus hochwertigem Kunstleder gefertigt<\/em><\/strong><\/li>\n<li><strong><em>100% wasserdicht, kann mit einem feuchten Tuch gereinigt werden<\/em><\/strong><\/li>\n<li><strong><em>Beeindruckende violette Oberbekleidung <\/em><\/strong><\/li>\n<li><strong><em>Eine doppelte untere Tasche und eine kleine Brusttasche <\/em><\/strong><\/li>\n<li><strong><em>Kreuzgurte f\u00fcr das Binden, um den Hals nicht zu belasten und eine perfekte Passform f\u00fcr jeden K\u00f6rpertyp zu haben<\/em><\/strong><\/li>\n<li><strong><em>Baumwolle \/ Cool Lining auf der R\u00fcckseite f\u00fcr das beste Gef\u00fchl in jeder Temperatur. <\/em><\/strong><\/li>\n<\/ul>\n<p><\/p>","protected":false},"excerpt":{"rendered":"<ul>\n<li><strong><em>Komplett aus hochwertigem Kunstleder gefertigt<\/em><\/strong><\/li>\n<li><strong><em>100% wasserdicht, kann mit einem feuchten Tuch gereinigt werden<\/em><\/strong><\/li>\n<li><strong><em>Beeindruckende violette Oberbekleidung <\/em><\/strong><\/li>\n<li><strong><em>Eine doppelte untere Tasche und eine kleine Brusttasche <\/em><\/strong><\/li>\n<li><strong><em>Kreuzriemen zum Binden, um den Hals nicht zu belasten und eine perfekte Passform f\u00fcr jeden K\u00f6rpertyp zu haben<\/em><\/strong><\/li>\n<li><strong><em>Baumwolle \/ Cool Lining auf der R\u00fcckseite f\u00fcr das beste Gef\u00fchl in jeder Temperatur. <\/em><\/strong><\/li>\n<\/ul>\n","protected":false},"featured_media":11390,"comment_status":"closed","ping_status":"closed","template":"","meta":[],"product_cat":[57,8,11,12,23,40,7,15,17,58,13,21,24],"product_tag":[],"class_list":{"0":"post-11415","1":"product","2":"type-product","3":"status-publish","4":"has-post-thumbnail","6":"product_cat-2024-2025","7":"product_cat-artists","8":"product_cat-barista","9":"product_cat-bartender","10":"product_cat-in-stock","11":"product_cat-40","12":"product_cat-hospitality","13":"product_cat-barber-hairdresser","14":"product_cat-nail-artist","15":"product_cat-58","16":"product_cat-service","17":"product_cat-chef","18":"product_cat-aprons","20":"first","21":"instock","22":"sale","23":"taxable","24":"shipping-taxable","25":"purchasable","26":"product-type-simple"},"_links":{"self":[{"href":"https:\/\/www.2ha.gr\/de\/wp-json\/wp\/v2\/product\/11415","targetHints":{"allow":["GET"]}}],"collection":[{"href":"https:\/\/www.2ha.gr\/de\/wp-json\/wp\/v2\/product"}],"about":[{"href":"https:\/\/www.2ha.gr\/de\/wp-json\/wp\/v2\/types\/product"}],"replies":[{"embeddable":true,"href":"https:\/\/www.2ha.gr\/de\/wp-json\/wp\/v2\/comments?post=11415"}],"wp:featuredmedia":[{"embeddable":true,"href":"https:\/\/www.2ha.gr\/de\/wp-json\/wp\/v2\/media\/11390"}],"wp:attachment":[{"href":"https:\/\/www.2ha.gr\/de\/wp-json\/wp\/v2\/media?parent=11415"}],"wp:term":[{"taxonomy":"product_cat","embeddable":true,"href":"https:\/\/www.2ha.gr\/de\/wp-json\/wp\/v2\/product_cat?post=11415"},{"taxonomy":"product_tag","embeddable":true,"href":"https:\/\/www.2ha.gr\/de\/wp-json\/wp\/v2\/product_tag?post=11415"}],"curies":[{"name":"wp","href":"https:\/\/api.w.org\/{rel}","templated":true}]}}