{"id":11419,"date":"2024-03-21T22:17:36","date_gmt":"2024-03-21T20:17:36","guid":{"rendered":"https:\/\/www.2ha.gr\/?post_type=product&#038;p=11419"},"modified":"2024-08-30T23:09:45","modified_gmt":"2024-08-30T20:09:45","slug":"grembiule-buona-giornata","status":"publish","type":"product","link":"https:\/\/www.2ha.gr\/de\/product\/grembiule-buona-giornata\/","title":{"rendered":"Grembiule Buona Giornata"},"content":{"rendered":"<p><\/p>\n<ul>\n<li><em><strong>Kombination aus geometrischem Stoff und schwarzem, wasserdichtem Netzgewebe <\/strong><\/em><\/li>\n<li><em><strong>Zwei Au\u00dfentaschen <\/strong><\/em><\/li>\n<li><em><strong>Kreuzgurte, um den Hals frei zu halten und eine perfekte Passform f\u00fcr jeden K\u00f6rpertyp zu haben<\/strong><\/em><\/li>\n<li><em><strong>Baumwolle \/ Cool Lining auf der R\u00fcckseite f\u00fcr das beste Gef\u00fchl bei jeder Temperatur. <\/strong><\/em><\/li>\n<\/ul>\n<p><\/p>","protected":false},"excerpt":{"rendered":"<ul>\n<li><em><strong>Kombination aus geometrischem Stoff und schwarzem, wasserdichtem Netzgewebe <\/strong><\/em><\/li>\n<li><em><strong>Zwei Au\u00dfentaschen <\/strong><\/em><\/li>\n<li><em><strong>Kreuzgurte, um den Hals frei zu halten und eine perfekte Passform f\u00fcr jeden K\u00f6rpertyp zu haben<\/strong><\/em><\/li>\n<li><em><strong>Baumwolle \/ Cool Lining auf der R\u00fcckseite f\u00fcr das beste Gef\u00fchl bei jeder Temperatur. <\/strong><\/em><\/li>\n<\/ul>\n","protected":false},"featured_media":11394,"comment_status":"closed","ping_status":"closed","template":"","meta":[],"product_cat":[57,11,12,23,7,15,58,13,21,14,24],"product_tag":[],"class_list":{"0":"post-11419","1":"product","2":"type-product","3":"status-publish","4":"has-post-thumbnail","6":"product_cat-2024-2025","7":"product_cat-barista","8":"product_cat-bartender","9":"product_cat-in-stock","10":"product_cat-hospitality","11":"product_cat-barber-hairdresser","12":"product_cat-58","13":"product_cat-service","14":"product_cat-chef","15":"product_cat-somelie","16":"product_cat-aprons","18":"first","19":"instock","20":"sale","21":"taxable","22":"shipping-taxable","23":"purchasable","24":"product-type-simple"},"_links":{"self":[{"href":"https:\/\/www.2ha.gr\/de\/wp-json\/wp\/v2\/product\/11419","targetHints":{"allow":["GET"]}}],"collection":[{"href":"https:\/\/www.2ha.gr\/de\/wp-json\/wp\/v2\/product"}],"about":[{"href":"https:\/\/www.2ha.gr\/de\/wp-json\/wp\/v2\/types\/product"}],"replies":[{"embeddable":true,"href":"https:\/\/www.2ha.gr\/de\/wp-json\/wp\/v2\/comments?post=11419"}],"wp:featuredmedia":[{"embeddable":true,"href":"https:\/\/www.2ha.gr\/de\/wp-json\/wp\/v2\/media\/11394"}],"wp:attachment":[{"href":"https:\/\/www.2ha.gr\/de\/wp-json\/wp\/v2\/media?parent=11419"}],"wp:term":[{"taxonomy":"product_cat","embeddable":true,"href":"https:\/\/www.2ha.gr\/de\/wp-json\/wp\/v2\/product_cat?post=11419"},{"taxonomy":"product_tag","embeddable":true,"href":"https:\/\/www.2ha.gr\/de\/wp-json\/wp\/v2\/product_tag?post=11419"}],"curies":[{"name":"wp","href":"https:\/\/api.w.org\/{rel}","templated":true}]}}