{"id":11423,"date":"2024-03-21T22:38:03","date_gmt":"2024-03-21T20:38:03","guid":{"rendered":"https:\/\/www.2ha.gr\/?post_type=product&#038;p=11423"},"modified":"2024-08-27T09:44:56","modified_gmt":"2024-08-27T06:44:56","slug":"the-black-leather-apron","status":"publish","type":"product","link":"https:\/\/www.2ha.gr\/de\/product\/the-black-leather-apron\/","title":{"rendered":"The black leather apron"},"content":{"rendered":"<p><\/p>\n<ul>\n<li><em><strong>100% echtes Kalbsleder f\u00fcr hohe Haltbarkeit und ein Gef\u00fchl von Luxus.<\/strong><\/em><\/li>\n<li><em><strong>Beeindruckendes handgefertigtes rautenf\u00f6rmiges Exoskelett mit nicht f\u00e4rbendem Faden <\/strong><\/em><\/li>\n<li><em><strong>Eine Au\u00dfentasche <\/strong><\/em><\/li>\n<li><em><strong>Handtuch-Krepp<\/strong><\/em><\/li>\n<li><em><strong>Kreuzgurte zur Entlastung des Halses und f\u00fcr eine perfekte Passform f\u00fcr jeden K\u00f6rpertyp<\/strong><\/em><\/li>\n<li><em><strong>Baumwoll-\/K\u00fchl-Futter auf der R\u00fcckseite f\u00fcr das beste Gef\u00fchl bei jeder Temperatur <\/strong><\/em><\/li>\n<\/ul>\n<p><\/p>","protected":false},"excerpt":{"rendered":"<ul>\n<li><em><strong>100% echtes Kalbsleder f\u00fcr hohe Haltbarkeit und ein Gef\u00fchl von Luxus.<\/strong><\/em><\/li>\n<li><em><strong>Beeindruckendes handgefertigtes rautenf\u00f6rmiges Exoskelett mit nicht f\u00e4rbendem Faden <\/strong><\/em><\/li>\n<li><em><strong>Eine Au\u00dfentasche <\/strong><\/em><\/li>\n<li><em><strong>Handtuch-Krepp<\/strong><\/em><\/li>\n<li><em><strong>Kreuzgurte zur Entlastung des Halses und f\u00fcr eine perfekte Passform f\u00fcr jeden K\u00f6rpertyp<\/strong><\/em><\/li>\n<li><em><strong>Baumwoll-\/K\u00fchl-Futter auf der R\u00fcckseite f\u00fcr das beste Gef\u00fchl bei jeder Temperatur <\/strong><\/em><\/li>\n<\/ul>\n","protected":false},"featured_media":11399,"comment_status":"closed","ping_status":"closed","template":"","meta":[],"product_cat":[35,57,11,12,40,22,7,15,17,13,21,14,24],"product_tag":[],"class_list":{"0":"post-11423","1":"product","2":"type-product","3":"status-publish","4":"has-post-thumbnail","6":"product_cat-35","7":"product_cat-2024-2025","8":"product_cat-barista","9":"product_cat-bartender","10":"product_cat-40","11":"product_cat-original-leather","12":"product_cat-hospitality","13":"product_cat-barber-hairdresser","14":"product_cat-nail-artist","15":"product_cat-service","16":"product_cat-chef","17":"product_cat-somelie","18":"product_cat-aprons","20":"first","21":"instock","22":"sale","23":"taxable","24":"shipping-taxable","25":"purchasable","26":"product-type-simple"},"_links":{"self":[{"href":"https:\/\/www.2ha.gr\/de\/wp-json\/wp\/v2\/product\/11423","targetHints":{"allow":["GET"]}}],"collection":[{"href":"https:\/\/www.2ha.gr\/de\/wp-json\/wp\/v2\/product"}],"about":[{"href":"https:\/\/www.2ha.gr\/de\/wp-json\/wp\/v2\/types\/product"}],"replies":[{"embeddable":true,"href":"https:\/\/www.2ha.gr\/de\/wp-json\/wp\/v2\/comments?post=11423"}],"wp:featuredmedia":[{"embeddable":true,"href":"https:\/\/www.2ha.gr\/de\/wp-json\/wp\/v2\/media\/11399"}],"wp:attachment":[{"href":"https:\/\/www.2ha.gr\/de\/wp-json\/wp\/v2\/media?parent=11423"}],"wp:term":[{"taxonomy":"product_cat","embeddable":true,"href":"https:\/\/www.2ha.gr\/de\/wp-json\/wp\/v2\/product_cat?post=11423"},{"taxonomy":"product_tag","embeddable":true,"href":"https:\/\/www.2ha.gr\/de\/wp-json\/wp\/v2\/product_tag?post=11423"}],"curies":[{"name":"wp","href":"https:\/\/api.w.org\/{rel}","templated":true}]}}