{"id":11424,"date":"2024-03-21T22:44:09","date_gmt":"2024-03-21T20:44:09","guid":{"rendered":"https:\/\/www.2ha.gr\/?post_type=product&#038;p=11424"},"modified":"2025-10-17T11:06:49","modified_gmt":"2025-10-17T08:06:49","slug":"blue-spypas","status":"publish","type":"product","link":"https:\/\/www.2ha.gr\/de\/product\/blue-spypas\/","title":{"rendered":"blue SpyPas"},"content":{"rendered":"<p><\/p>\n<ul>\n<li><em><strong>Komplett aus hochwertigem Kunstleder gefertigt<\/strong><\/em><\/li>\n<li><em><strong>100% wasserdicht, Reinigung mit einem feuchten Tuch<\/strong><\/em><\/li>\n<li><em><strong>Zwei Au\u00dfentaschen<\/strong><\/em><\/li>\n<li><em><strong>Handtuch-Schlaufe<\/strong><\/em><\/li>\n<li><em><strong>Kreuzgurte zum Binden, um den Hals nicht zu belasten und eine perfekte Passform f\u00fcr jeden K\u00f6rpertyp zu haben<\/strong><\/em><\/li>\n<li><em><strong>Baumwolle \/ Cool Lining auf der R\u00fcckseite f\u00fcr das beste Gef\u00fchl in jeder Temperatur. <\/strong><\/em><\/li>\n<\/ul>\n<p><\/p>","protected":false},"excerpt":{"rendered":"<ul>\n<li><em><strong>Komplett aus hochwertigem Kunstleder gefertigt<\/strong><\/em><\/li>\n<li><em><strong>100% wasserdicht, Reinigung mit einem feuchten Tuch<\/strong><\/em><\/li>\n<li><em><strong>Zwei Au\u00dfentaschen<\/strong><\/em><\/li>\n<li><em><strong>Handtuch-Schlaufe<\/strong><\/em><\/li>\n<li><em><strong>Kreuzgurte zum Binden, um den Hals nicht zu belasten und eine perfekte Passform f\u00fcr jeden K\u00f6rpertyp zu haben<\/strong><\/em><\/li>\n<li><em><strong>Baumwolle \/ Cool Lining auf der R\u00fcckseite f\u00fcr das beste Gef\u00fchl in jeder Temperatur. <\/strong><\/em><\/li>\n<\/ul>\n","protected":false},"featured_media":11402,"comment_status":"closed","ping_status":"closed","template":"","meta":[],"product_cat":[57,11,12,42,40,7,15,17,58,13,21,24],"product_tag":[],"class_list":{"0":"post-11424","1":"product","2":"type-product","3":"status-publish","4":"has-post-thumbnail","6":"product_cat-2024-2025","7":"product_cat-barista","8":"product_cat-bartender","9":"product_cat-coffee-lovers","10":"product_cat-40","11":"product_cat-hospitality","12":"product_cat-barber-hairdresser","13":"product_cat-nail-artist","14":"product_cat-58","15":"product_cat-service","16":"product_cat-chef","17":"product_cat-aprons","19":"first","20":"instock","21":"sale","22":"taxable","23":"shipping-taxable","24":"purchasable","25":"product-type-simple"},"_links":{"self":[{"href":"https:\/\/www.2ha.gr\/de\/wp-json\/wp\/v2\/product\/11424","targetHints":{"allow":["GET"]}}],"collection":[{"href":"https:\/\/www.2ha.gr\/de\/wp-json\/wp\/v2\/product"}],"about":[{"href":"https:\/\/www.2ha.gr\/de\/wp-json\/wp\/v2\/types\/product"}],"replies":[{"embeddable":true,"href":"https:\/\/www.2ha.gr\/de\/wp-json\/wp\/v2\/comments?post=11424"}],"wp:featuredmedia":[{"embeddable":true,"href":"https:\/\/www.2ha.gr\/de\/wp-json\/wp\/v2\/media\/11402"}],"wp:attachment":[{"href":"https:\/\/www.2ha.gr\/de\/wp-json\/wp\/v2\/media?parent=11424"}],"wp:term":[{"taxonomy":"product_cat","embeddable":true,"href":"https:\/\/www.2ha.gr\/de\/wp-json\/wp\/v2\/product_cat?post=11424"},{"taxonomy":"product_tag","embeddable":true,"href":"https:\/\/www.2ha.gr\/de\/wp-json\/wp\/v2\/product_tag?post=11424"}],"curies":[{"name":"wp","href":"https:\/\/api.w.org\/{rel}","templated":true}]}}