{"id":11428,"date":"2024-03-21T23:20:20","date_gmt":"2024-03-21T21:20:20","guid":{"rendered":"https:\/\/www.2ha.gr\/?post_type=product&#038;p=11428"},"modified":"2024-08-27T09:43:17","modified_gmt":"2024-08-27T06:43:17","slug":"elite-apron","status":"publish","type":"product","link":"https:\/\/www.2ha.gr\/de\/product\/elite-apron\/","title":{"rendered":"Elite Apron"},"content":{"rendered":"<p><\/p>\n<ul>\n<li><strong><em>Kombination aus hochwertigen Gin- und Stuckm\u00f6beln <\/em><\/strong><\/li>\n<li><strong><em>Eine Tasche <\/em><\/strong><\/li>\n<li><strong><em>Kreuzgurte am Bund, um den Hals frei zu halten und eine perfekte Passform f\u00fcr jeden K\u00f6rpertyp zu haben<\/em><\/strong><\/li>\n<li><strong><em>Baumwoll-\/K\u00fchlfutter auf der R\u00fcckseite f\u00fcr das beste Gef\u00fchl bei jeder Temperatur. <\/em><\/strong><\/li>\n<\/ul>\n<p><\/p>","protected":false},"excerpt":{"rendered":"<ul>\n<li><strong><em>Kombination aus hochwertigen Gin- und Stuckm\u00f6beln <\/em><\/strong><\/li>\n<li><strong><em>Eine Tasche <\/em><\/strong><\/li>\n<li><strong><em>Kreuzgurte am Bund, um den Hals frei zu halten und eine perfekte Passform f\u00fcr jeden K\u00f6rpertyp zu haben<\/em><\/strong><\/li>\n<li><strong><em>Baumwoll-\/K\u00fchlfutter auf der R\u00fcckseite f\u00fcr das beste Gef\u00fchl bei jeder Temperatur. <\/em><\/strong><\/li>\n<\/ul>\n","protected":false},"featured_media":11393,"comment_status":"closed","ping_status":"closed","template":"","meta":[],"product_cat":[57,11,12,23,7,13,24],"product_tag":[],"class_list":{"0":"post-11428","1":"product","2":"type-product","3":"status-publish","4":"has-post-thumbnail","6":"product_cat-2024-2025","7":"product_cat-barista","8":"product_cat-bartender","9":"product_cat-in-stock","10":"product_cat-hospitality","11":"product_cat-service","12":"product_cat-aprons","14":"first","15":"instock","16":"sale","17":"taxable","18":"shipping-taxable","19":"purchasable","20":"product-type-simple"},"_links":{"self":[{"href":"https:\/\/www.2ha.gr\/de\/wp-json\/wp\/v2\/product\/11428","targetHints":{"allow":["GET"]}}],"collection":[{"href":"https:\/\/www.2ha.gr\/de\/wp-json\/wp\/v2\/product"}],"about":[{"href":"https:\/\/www.2ha.gr\/de\/wp-json\/wp\/v2\/types\/product"}],"replies":[{"embeddable":true,"href":"https:\/\/www.2ha.gr\/de\/wp-json\/wp\/v2\/comments?post=11428"}],"wp:featuredmedia":[{"embeddable":true,"href":"https:\/\/www.2ha.gr\/de\/wp-json\/wp\/v2\/media\/11393"}],"wp:attachment":[{"href":"https:\/\/www.2ha.gr\/de\/wp-json\/wp\/v2\/media?parent=11428"}],"wp:term":[{"taxonomy":"product_cat","embeddable":true,"href":"https:\/\/www.2ha.gr\/de\/wp-json\/wp\/v2\/product_cat?post=11428"},{"taxonomy":"product_tag","embeddable":true,"href":"https:\/\/www.2ha.gr\/de\/wp-json\/wp\/v2\/product_tag?post=11428"}],"curies":[{"name":"wp","href":"https:\/\/api.w.org\/{rel}","templated":true}]}}