{"id":1147,"date":"2018-03-08T17:55:29","date_gmt":"2018-03-08T15:55:29","guid":{"rendered":"https:\/\/www.2ha.gr\/?post_type=product&#038;p=1147"},"modified":"2018-05-09T21:24:28","modified_gmt":"2018-05-09T19:24:28","slug":"mirsini","status":"publish","type":"product","link":"https:\/\/www.2ha.gr\/de\/product\/mirsini\/","title":{"rendered":"mirsini"},"content":{"rendered":"<p>Sch\u00fcrze vollst\u00e4ndig aus nat\u00fcrlichem Kalbsleder gefertigt<\/p>","protected":false},"excerpt":{"rendered":"<ul>\n<li>nat\u00fcrliche Haut<\/li>\n<li>k\u00fchles Futter<\/li>\n<li>gro\u00dfe zentrale Tasche<\/li>\n<li>Kreuzgurte<\/li>\n<li>Handtuchring<\/li>\n<li>Pinzettenposition<\/li>\n<\/ul>\n","protected":false},"featured_media":1134,"comment_status":"open","ping_status":"closed","template":"","meta":[],"product_cat":[11,12,22,7,15,17,13,21,24],"product_tag":[],"class_list":{"0":"post-1147","1":"product","2":"type-product","3":"status-publish","4":"has-post-thumbnail","6":"product_cat-barista","7":"product_cat-bartender","8":"product_cat-original-leather","9":"product_cat-hospitality","10":"product_cat-barber-hairdresser","11":"product_cat-nail-artist","12":"product_cat-service","13":"product_cat-chef","14":"product_cat-aprons","16":"first","17":"instock","18":"sale","19":"taxable","20":"shipping-taxable","21":"purchasable","22":"product-type-simple"},"_links":{"self":[{"href":"https:\/\/www.2ha.gr\/de\/wp-json\/wp\/v2\/product\/1147","targetHints":{"allow":["GET"]}}],"collection":[{"href":"https:\/\/www.2ha.gr\/de\/wp-json\/wp\/v2\/product"}],"about":[{"href":"https:\/\/www.2ha.gr\/de\/wp-json\/wp\/v2\/types\/product"}],"replies":[{"embeddable":true,"href":"https:\/\/www.2ha.gr\/de\/wp-json\/wp\/v2\/comments?post=1147"}],"wp:featuredmedia":[{"embeddable":true,"href":"https:\/\/www.2ha.gr\/de\/wp-json\/wp\/v2\/media\/1134"}],"wp:attachment":[{"href":"https:\/\/www.2ha.gr\/de\/wp-json\/wp\/v2\/media?parent=1147"}],"wp:term":[{"taxonomy":"product_cat","embeddable":true,"href":"https:\/\/www.2ha.gr\/de\/wp-json\/wp\/v2\/product_cat?post=1147"},{"taxonomy":"product_tag","embeddable":true,"href":"https:\/\/www.2ha.gr\/de\/wp-json\/wp\/v2\/product_tag?post=1147"}],"curies":[{"name":"wp","href":"https:\/\/api.w.org\/{rel}","templated":true}]}}