{"id":11543,"date":"2024-04-18T15:41:14","date_gmt":"2024-04-18T12:41:14","guid":{"rendered":"https:\/\/www.2ha.gr\/?post_type=product&#038;p=11543"},"modified":"2025-06-29T18:11:32","modified_gmt":"2025-06-29T15:11:32","slug":"summer2k24-offer","status":"publish","type":"product","link":"https:\/\/www.2ha.gr\/de\/product\/summer2k24-offer\/","title":{"rendered":"summer2K24 offer"},"content":{"rendered":"<p>Der ultimative Sommerstoff mit einem tropisch-sommerlichen Thema.<\/p>\n<p>Gen\u00e4ht aus hochwertigen Stoffen ohne Leder oder Kunstleder, so dass er sogar in die Waschmaschine gesteckt werden kann.<\/p>\n<ul>\n<li><strong><em>Zwei \u00e4u\u00dfere Stofftaschen <\/em><\/strong><\/li>\n<li><strong><em>Kreuzgurte am Bund, um den Hals nicht zu belasten und eine perfekte Passform f\u00fcr jeden K\u00f6rpertyp zu haben<\/em><\/strong><\/li>\n<li><strong><em>Baumwolle \/ Cool Lining auf der R\u00fcckseite f\u00fcr das beste Gef\u00fchl in jeder Temperatur. <\/em><\/strong><\/li>\n<\/ul>\n<p><\/p>","protected":false},"excerpt":{"rendered":"<p>Der ultimative Sommerstoff mit einem tropischen\/sommerlichen Thema.<\/p>\n<p>Gen\u00e4ht aus hochwertigen Stoffen ohne Leder oder Kunstleder, so dass er sogar in die Waschmaschine gesteckt werden kann.<\/p>\n<ul>\n<li><strong><em>Zwei \u00e4u\u00dfere Stofftaschen <\/em><\/strong><\/li>\n<li><strong><em>Kreuzgurte am Bund, um den Hals nicht zu belasten und eine perfekte Passform f\u00fcr jeden K\u00f6rpertyp zu haben<\/em><\/strong><\/li>\n<li><strong><em>Baumwolle \/ Cool Lining auf der R\u00fcckseite f\u00fcr das beste Gef\u00fchl in jeder Temperatur. <\/em><\/strong><\/li>\n<\/ul>\n<p>Das Endprodukt kann etwas von dem auf dem Foto abgebildeten abweichen. Das liegt daran, dass die &#8222;Wiederholung&#8220; des Musters auf dem Stofftop l\u00e4nger ist als die L\u00e4nge der Sch\u00fcrze.<\/p>\n","protected":false},"featured_media":11542,"comment_status":"closed","ping_status":"closed","template":"","meta":[],"product_cat":[35,57,11,12,42,40,7,13,24],"product_tag":[],"class_list":{"0":"post-11543","1":"product","2":"type-product","3":"status-publish","4":"has-post-thumbnail","6":"product_cat-35","7":"product_cat-2024-2025","8":"product_cat-barista","9":"product_cat-bartender","10":"product_cat-coffee-lovers","11":"product_cat-40","12":"product_cat-hospitality","13":"product_cat-service","14":"product_cat-aprons","16":"first","17":"instock","18":"sale","19":"taxable","20":"shipping-taxable","21":"purchasable","22":"product-type-simple"},"_links":{"self":[{"href":"https:\/\/www.2ha.gr\/de\/wp-json\/wp\/v2\/product\/11543","targetHints":{"allow":["GET"]}}],"collection":[{"href":"https:\/\/www.2ha.gr\/de\/wp-json\/wp\/v2\/product"}],"about":[{"href":"https:\/\/www.2ha.gr\/de\/wp-json\/wp\/v2\/types\/product"}],"replies":[{"embeddable":true,"href":"https:\/\/www.2ha.gr\/de\/wp-json\/wp\/v2\/comments?post=11543"}],"wp:featuredmedia":[{"embeddable":true,"href":"https:\/\/www.2ha.gr\/de\/wp-json\/wp\/v2\/media\/11542"}],"wp:attachment":[{"href":"https:\/\/www.2ha.gr\/de\/wp-json\/wp\/v2\/media?parent=11543"}],"wp:term":[{"taxonomy":"product_cat","embeddable":true,"href":"https:\/\/www.2ha.gr\/de\/wp-json\/wp\/v2\/product_cat?post=11543"},{"taxonomy":"product_tag","embeddable":true,"href":"https:\/\/www.2ha.gr\/de\/wp-json\/wp\/v2\/product_tag?post=11543"}],"curies":[{"name":"wp","href":"https:\/\/api.w.org\/{rel}","templated":true}]}}