{"id":11808,"date":"2024-06-17T15:33:22","date_gmt":"2024-06-17T12:33:22","guid":{"rendered":"https:\/\/www.2ha.gr\/?post_type=product&#038;p=11808"},"modified":"2026-04-28T23:11:00","modified_gmt":"2026-04-28T20:11:00","slug":"frida-colorata","status":"publish","type":"product","link":"https:\/\/www.2ha.gr\/de\/product\/frida-colorata\/","title":{"rendered":"Frida Colorata"},"content":{"rendered":"<p>Kleinserienprodukt<\/p>\n<ul>\n<li><strong><em>Hochwertiger Stoff mit dem Thema &#8222;Frida Kahlo&#8220;<\/em><\/strong><\/li>\n<li><strong><em>Mya Innentasche vom Typ Jacke<\/em><\/strong><\/li>\n<li><strong><em>Handtuch-Schlaufe <\/em><\/strong><\/li>\n<li><strong><em>Kreuzgurte an der Bindung, um Nackenbelastungen zu vermeiden und eine perfekte Passform f\u00fcr jeden K\u00f6rpertyp zu haben<\/em><\/strong><\/li>\n<li><strong><em>Baumwolle \/ Cool Lining auf der R\u00fcckseite f\u00fcr das beste Gef\u00fchl in jeder Temperatur. <\/em><\/strong><\/li>\n<\/ul>\n<p>Das fertige Produkt kann einige Variationen von dem, was auf dem Foto gezeigt wird, haben. Dies ist aufgrund der &#8222;Wiederholung&#8220; des Designs auf dem Stoff tope l\u00e4nger als die L\u00e4nge der Sch\u00fcrze.<\/p>","protected":false},"excerpt":{"rendered":"<p>Kleinserienprodukt<\/p>\n<ul>\n<li><strong><em>Hochwertiger Stoff mit dem Thema &#8222;Frida Kahlo&#8220;<\/em><\/strong><\/li>\n<li><strong><em>Mya Innentasche vom Typ Jacke<\/em><\/strong><\/li>\n<li><strong><em>Handtuch-Schlaufe <\/em><\/strong><\/li>\n<li><strong><em>Kreuzgurte an der Bindung, um Nackenbelastungen zu vermeiden und eine perfekte Passform f\u00fcr jeden K\u00f6rpertyp zu haben<\/em><\/strong><\/li>\n<li><strong><em>Baumwolle \/ Cool Lining auf der R\u00fcckseite f\u00fcr das beste Gef\u00fchl in jeder Temperatur. <\/em><\/strong><\/li>\n<\/ul>\n<p>Das fertige Produkt kann einige Variationen von dem, was auf dem Foto gezeigt wird, haben. Dies ist aufgrund der &#8222;Wiederholung&#8220; des Designs auf dem Stoff tope l\u00e4nger als die L\u00e4nge der Sch\u00fcrze.<\/p>\n","protected":false},"featured_media":11807,"comment_status":"closed","ping_status":"closed","template":"","meta":[],"product_cat":[57,11,12,42,23,40,7,15,13],"product_tag":[],"class_list":{"0":"post-11808","1":"product","2":"type-product","3":"status-publish","4":"has-post-thumbnail","6":"product_cat-2024-2025","7":"product_cat-barista","8":"product_cat-bartender","9":"product_cat-coffee-lovers","10":"product_cat-in-stock","11":"product_cat-40","12":"product_cat-hospitality","13":"product_cat-barber-hairdresser","14":"product_cat-service","16":"first","17":"instock","18":"sale","19":"taxable","20":"shipping-taxable","21":"purchasable","22":"product-type-simple"},"_links":{"self":[{"href":"https:\/\/www.2ha.gr\/de\/wp-json\/wp\/v2\/product\/11808","targetHints":{"allow":["GET"]}}],"collection":[{"href":"https:\/\/www.2ha.gr\/de\/wp-json\/wp\/v2\/product"}],"about":[{"href":"https:\/\/www.2ha.gr\/de\/wp-json\/wp\/v2\/types\/product"}],"replies":[{"embeddable":true,"href":"https:\/\/www.2ha.gr\/de\/wp-json\/wp\/v2\/comments?post=11808"}],"wp:featuredmedia":[{"embeddable":true,"href":"https:\/\/www.2ha.gr\/de\/wp-json\/wp\/v2\/media\/11807"}],"wp:attachment":[{"href":"https:\/\/www.2ha.gr\/de\/wp-json\/wp\/v2\/media?parent=11808"}],"wp:term":[{"taxonomy":"product_cat","embeddable":true,"href":"https:\/\/www.2ha.gr\/de\/wp-json\/wp\/v2\/product_cat?post=11808"},{"taxonomy":"product_tag","embeddable":true,"href":"https:\/\/www.2ha.gr\/de\/wp-json\/wp\/v2\/product_tag?post=11808"}],"curies":[{"name":"wp","href":"https:\/\/api.w.org\/{rel}","templated":true}]}}