{"id":11809,"date":"2024-06-17T15:38:44","date_gmt":"2024-06-17T12:38:44","guid":{"rendered":"https:\/\/www.2ha.gr\/?post_type=product&#038;p=11809"},"modified":"2026-01-11T02:08:54","modified_gmt":"2026-01-11T00:08:54","slug":"2024-pin-up-limited","status":"publish","type":"product","link":"https:\/\/www.2ha.gr\/de\/product\/2024-pin-up-limited\/","title":{"rendered":"2024 pin up limited"},"content":{"rendered":"<p>Kleinserienprodukt<\/p>\n<ul>\n<li><strong><em>Hochwertiger Stoff mit &#8222;Pin-up&#8220;-Motiv<\/em><\/strong><\/li>\n<li><b><i>Zwei Au\u00dfentaschen <\/i><\/b><\/li>\n<li><strong><em>Handtuch-Schlaufe <\/em><\/strong><\/li>\n<li><strong><em>Kreuzgurte am Bund zur Vermeidung von Nackenbeschwerden und f\u00fcr eine perfekte Passform f\u00fcr jeden K\u00f6rpertyp<\/em><\/strong><\/li>\n<li><strong><em>Baumwolle \/ Cool Lining auf der R\u00fcckseite f\u00fcr das beste Gef\u00fchl in jeder Temperatur. <\/em><\/strong><\/li>\n<\/ul>\n<p>Das fertige Produkt kann etwas von dem auf dem Foto gezeigten abweichen. Dies ist aufgrund der &#8222;Wiederholung&#8220; des Designs auf dem Tuch tope l\u00e4nger als die L\u00e4nge der Sch\u00fcrze.<\/p>","protected":false},"excerpt":{"rendered":"<p>Kleinserienprodukt<\/p>\n<ul>\n<li><strong><em>Hochwertiger Stoff mit &#8222;Pin-up&#8220;-Motiv<\/em><\/strong><\/li>\n<li><b><i>Zwei Au\u00dfentaschen <\/i><\/b><\/li>\n<li><strong><em>Handtuch-Schlaufe <\/em><\/strong><\/li>\n<li><strong><em>Kreuzgurte am Bund zur Vermeidung von Nackenbeschwerden und f\u00fcr eine perfekte Passform f\u00fcr jeden K\u00f6rpertyp<\/em><\/strong><\/li>\n<li><strong><em>Baumwolle \/ Cool Lining auf der R\u00fcckseite f\u00fcr das beste Gef\u00fchl in jeder Temperatur. <\/em><\/strong><\/li>\n<\/ul>\n<p>Das fertige Produkt kann etwas von dem auf dem Foto gezeigten abweichen. Dies ist aufgrund der &#8222;Wiederholung&#8220; des Designs auf dem Tuch tope l\u00e4nger als die L\u00e4nge der Sch\u00fcrze.<\/p>\n","protected":false},"featured_media":11806,"comment_status":"closed","ping_status":"closed","template":"","meta":[],"product_cat":[57,11,12,42,23,7,13,21,24],"product_tag":[],"class_list":{"0":"post-11809","1":"product","2":"type-product","3":"status-publish","4":"has-post-thumbnail","6":"product_cat-2024-2025","7":"product_cat-barista","8":"product_cat-bartender","9":"product_cat-coffee-lovers","10":"product_cat-in-stock","11":"product_cat-hospitality","12":"product_cat-service","13":"product_cat-chef","14":"product_cat-aprons","16":"first","17":"outofstock","18":"sale","19":"taxable","20":"shipping-taxable","21":"purchasable","22":"product-type-simple"},"_links":{"self":[{"href":"https:\/\/www.2ha.gr\/de\/wp-json\/wp\/v2\/product\/11809","targetHints":{"allow":["GET"]}}],"collection":[{"href":"https:\/\/www.2ha.gr\/de\/wp-json\/wp\/v2\/product"}],"about":[{"href":"https:\/\/www.2ha.gr\/de\/wp-json\/wp\/v2\/types\/product"}],"replies":[{"embeddable":true,"href":"https:\/\/www.2ha.gr\/de\/wp-json\/wp\/v2\/comments?post=11809"}],"wp:featuredmedia":[{"embeddable":true,"href":"https:\/\/www.2ha.gr\/de\/wp-json\/wp\/v2\/media\/11806"}],"wp:attachment":[{"href":"https:\/\/www.2ha.gr\/de\/wp-json\/wp\/v2\/media?parent=11809"}],"wp:term":[{"taxonomy":"product_cat","embeddable":true,"href":"https:\/\/www.2ha.gr\/de\/wp-json\/wp\/v2\/product_cat?post=11809"},{"taxonomy":"product_tag","embeddable":true,"href":"https:\/\/www.2ha.gr\/de\/wp-json\/wp\/v2\/product_tag?post=11809"}],"curies":[{"name":"wp","href":"https:\/\/api.w.org\/{rel}","templated":true}]}}