{"id":11857,"date":"2024-06-28T01:11:54","date_gmt":"2024-06-27T22:11:54","guid":{"rendered":"https:\/\/www.2ha.gr\/?post_type=product&#038;p=11857"},"modified":"2024-08-27T09:31:14","modified_gmt":"2024-08-27T06:31:14","slug":"poise-rosa","status":"publish","type":"product","link":"https:\/\/www.2ha.gr\/de\/product\/poise-rosa\/","title":{"rendered":"Poise Rosa"},"content":{"rendered":"<p><\/p>\n<ul>\n<li><strong><em>Kombination aus Jeans und Digitaldruckstoff <\/em><\/strong><\/li>\n<li><strong><em>Eine gro\u00dfe Doppeltasche <\/em><\/strong><\/li>\n<li><strong><em>Kreuzspanngurte am Bund, um den Hals frei zu halten und eine perfekte Passform f\u00fcr jeden K\u00f6rpertyp zu haben<\/em><\/strong><\/li>\n<li><strong><em>Baumwolle \/ Cool Lining auf der R\u00fcckseite f\u00fcr das beste Gef\u00fchl bei jeder Temperatur.<\/em><\/strong><\/li>\n<\/ul>\n<p><\/p>","protected":false},"excerpt":{"rendered":"<ul>\n<li><strong><em>Kombination aus Jeans und Digitaldruckstoff <\/em><\/strong><\/li>\n<li><strong><em>Eine gro\u00dfe Doppeltasche <\/em><\/strong><\/li>\n<li><strong><em>Kreuzspanngurte am Bund, um den Hals frei zu halten und eine perfekte Passform f\u00fcr jeden K\u00f6rpertyp zu haben<\/em><\/strong><\/li>\n<li><strong><em>Baumwolle \/ Cool Lining auf der R\u00fcckseite f\u00fcr das beste Gef\u00fchl bei jeder Temperatur.<\/em><\/strong><\/li>\n<\/ul>\n","protected":false},"featured_media":11849,"comment_status":"closed","ping_status":"closed","template":"","meta":[],"product_cat":[57,8,11,12,42,39,23,40,7,13,24],"product_tag":[],"class_list":{"0":"post-11857","1":"product","2":"type-product","3":"status-publish","4":"has-post-thumbnail","6":"product_cat-2024-2025","7":"product_cat-artists","8":"product_cat-barista","9":"product_cat-bartender","10":"product_cat-coffee-lovers","11":"product_cat-trick-or-treat","12":"product_cat-in-stock","13":"product_cat-40","14":"product_cat-hospitality","15":"product_cat-service","16":"product_cat-aprons","18":"first","19":"instock","20":"sale","21":"taxable","22":"shipping-taxable","23":"purchasable","24":"product-type-simple"},"_links":{"self":[{"href":"https:\/\/www.2ha.gr\/de\/wp-json\/wp\/v2\/product\/11857","targetHints":{"allow":["GET"]}}],"collection":[{"href":"https:\/\/www.2ha.gr\/de\/wp-json\/wp\/v2\/product"}],"about":[{"href":"https:\/\/www.2ha.gr\/de\/wp-json\/wp\/v2\/types\/product"}],"replies":[{"embeddable":true,"href":"https:\/\/www.2ha.gr\/de\/wp-json\/wp\/v2\/comments?post=11857"}],"wp:featuredmedia":[{"embeddable":true,"href":"https:\/\/www.2ha.gr\/de\/wp-json\/wp\/v2\/media\/11849"}],"wp:attachment":[{"href":"https:\/\/www.2ha.gr\/de\/wp-json\/wp\/v2\/media?parent=11857"}],"wp:term":[{"taxonomy":"product_cat","embeddable":true,"href":"https:\/\/www.2ha.gr\/de\/wp-json\/wp\/v2\/product_cat?post=11857"},{"taxonomy":"product_tag","embeddable":true,"href":"https:\/\/www.2ha.gr\/de\/wp-json\/wp\/v2\/product_tag?post=11857"}],"curies":[{"name":"wp","href":"https:\/\/api.w.org\/{rel}","templated":true}]}}