{"id":11860,"date":"2024-06-28T01:23:01","date_gmt":"2024-06-27T22:23:01","guid":{"rendered":"https:\/\/www.2ha.gr\/?post_type=product&#038;p=11860"},"modified":"2024-08-25T15:34:30","modified_gmt":"2024-08-25T12:34:30","slug":"prima-fantasia","status":"publish","type":"product","link":"https:\/\/www.2ha.gr\/de\/product\/prima-fantasia\/","title":{"rendered":"Prima Fantasia"},"content":{"rendered":"<p><\/p>\n<ul>\n<li><strong><em>Unterlage aus wasserdichtem Oliven\u00f6l-Stoff <\/em><\/strong><\/li>\n<li><strong><em>Kombination mit hochwertigem Stoff mit Digitaldruck <\/em><\/strong><\/li>\n<li><strong><em>Zwei Au\u00dfentaschen<\/em><\/strong><\/li>\n<li><strong><em>Kreuzgurte zur Vermeidung von Nackenbeschwerden und f\u00fcr eine perfekte Passform f\u00fcr jeden K\u00f6rpertyp<\/em><\/strong><\/li>\n<li><strong><em>Baumwolle \/ Cool Lining auf der R\u00fcckseite f\u00fcr das beste Gef\u00fchl bei jeder Temperatur. <\/em><\/strong><\/li>\n<\/ul>\n<p><\/p>","protected":false},"excerpt":{"rendered":"<ul>\n<li><strong><em>Unterlage aus wasserdichtem Oliven\u00f6l-Stoff <\/em><\/strong><\/li>\n<li><strong><em>Kombination mit hochwertigem Stoff mit Digitaldruck <\/em><\/strong><\/li>\n<li><strong><em>Zwei Au\u00dfentaschen<\/em><\/strong><\/li>\n<li><strong><em>Kreuzgurte zur Vermeidung von Nackenbeschwerden und f\u00fcr eine perfekte Passform f\u00fcr jeden K\u00f6rpertyp<\/em><\/strong><\/li>\n<li><strong><strong><em>Baumwolle \/ Cool Lining auf der R\u00fcckseite f\u00fcr das beste Gef\u00fchl bei jeder Temperatur.<\/em><\/strong><\/strong><br \/>\nDas fertige Produkt kann etwas von dem abweichen, was auf dem Foto zu sehen ist. Dies ist aufgrund der &#8222;Wiederholung&#8220; des Designs auf dem Stoff tope l\u00e4nger als die L\u00e4nge der Sch\u00fcrze.<\/li>\n<\/ul>\n","protected":false},"featured_media":11848,"comment_status":"closed","ping_status":"closed","template":"","meta":[],"product_cat":[57,11,12,42,39,23,7,13,21,24],"product_tag":[],"class_list":{"0":"post-11860","1":"product","2":"type-product","3":"status-publish","4":"has-post-thumbnail","6":"product_cat-2024-2025","7":"product_cat-barista","8":"product_cat-bartender","9":"product_cat-coffee-lovers","10":"product_cat-trick-or-treat","11":"product_cat-in-stock","12":"product_cat-hospitality","13":"product_cat-service","14":"product_cat-chef","15":"product_cat-aprons","17":"first","18":"instock","19":"sale","20":"taxable","21":"shipping-taxable","22":"purchasable","23":"product-type-simple"},"_links":{"self":[{"href":"https:\/\/www.2ha.gr\/de\/wp-json\/wp\/v2\/product\/11860","targetHints":{"allow":["GET"]}}],"collection":[{"href":"https:\/\/www.2ha.gr\/de\/wp-json\/wp\/v2\/product"}],"about":[{"href":"https:\/\/www.2ha.gr\/de\/wp-json\/wp\/v2\/types\/product"}],"replies":[{"embeddable":true,"href":"https:\/\/www.2ha.gr\/de\/wp-json\/wp\/v2\/comments?post=11860"}],"wp:featuredmedia":[{"embeddable":true,"href":"https:\/\/www.2ha.gr\/de\/wp-json\/wp\/v2\/media\/11848"}],"wp:attachment":[{"href":"https:\/\/www.2ha.gr\/de\/wp-json\/wp\/v2\/media?parent=11860"}],"wp:term":[{"taxonomy":"product_cat","embeddable":true,"href":"https:\/\/www.2ha.gr\/de\/wp-json\/wp\/v2\/product_cat?post=11860"},{"taxonomy":"product_tag","embeddable":true,"href":"https:\/\/www.2ha.gr\/de\/wp-json\/wp\/v2\/product_tag?post=11860"}],"curies":[{"name":"wp","href":"https:\/\/api.w.org\/{rel}","templated":true}]}}