{"id":11867,"date":"2024-06-28T01:34:22","date_gmt":"2024-06-27T22:34:22","guid":{"rendered":"https:\/\/www.2ha.gr\/?post_type=product&#038;p=11867"},"modified":"2026-03-20T17:17:40","modified_gmt":"2026-03-20T15:17:40","slug":"eleganza-notturna","status":"publish","type":"product","link":"https:\/\/www.2ha.gr\/de\/product\/eleganza-notturna\/","title":{"rendered":"Eleganza Notturna"},"content":{"rendered":"<p><\/p>\n<ul>\n<li><strong><em>Basis aus schwarzem wasserdichtem Stoff <\/em><\/strong><\/li>\n<li><strong><em>Kombination mit hochwertigem Stoff mit Digitaldruck <\/em><\/strong><\/li>\n<li><strong><em>Zwei Innentaschen<\/em><\/strong><\/li>\n<li><strong><em>Kreuzgurte zur Vermeidung von Nackenbeschwerden und f\u00fcr eine perfekte Passform f\u00fcr jeden K\u00f6rpertyp<\/em><\/strong><\/li>\n<li><strong><em>Baumwolle \/ Cool Lining auf der R\u00fcckseite f\u00fcr das beste Gef\u00fchl bei jeder Temperatur. <\/em><\/strong><\/li>\n<\/ul>\n<p><\/p>","protected":false},"excerpt":{"rendered":"<ul>\n<li><strong><em>Basis aus schwarzem wasserdichtem Stoff <\/em><\/strong><\/li>\n<li><strong><em>Kombination mit hochwertigem Stoff mit Digitaldruck <\/em><\/strong><\/li>\n<li><strong><em>Zwei Innentaschen<\/em><\/strong><\/li>\n<li><strong><em>Kreuzgurte zur Vermeidung von Nackenbeschwerden und f\u00fcr eine perfekte Passform f\u00fcr jeden K\u00f6rpertyp<\/em><\/strong><\/li>\n<li><strong><em>Baumwolle \/ Cool Lining auf der R\u00fcckseite f\u00fcr das beste Gef\u00fchl bei jeder Temperatur. <\/em><\/strong><\/li>\n<\/ul>\n<p>Das fertige Produkt kann einige Abweichung von dem, was auf dem Foto gezeigt wird, haben. Dies ist, da die &#8222;Wiederholung&#8220; des Designs auf dem Stoff oben ist l\u00e4nger als die L\u00e4nge der Sch\u00fcrze.<\/p>\n","protected":false},"featured_media":11851,"comment_status":"closed","ping_status":"closed","template":"","meta":[],"product_cat":[57,11,12,39,23,7,13,24],"product_tag":[],"class_list":{"0":"post-11867","1":"product","2":"type-product","3":"status-publish","4":"has-post-thumbnail","6":"product_cat-2024-2025","7":"product_cat-barista","8":"product_cat-bartender","9":"product_cat-trick-or-treat","10":"product_cat-in-stock","11":"product_cat-hospitality","12":"product_cat-service","13":"product_cat-aprons","15":"first","16":"instock","17":"sale","18":"taxable","19":"shipping-taxable","20":"purchasable","21":"product-type-simple"},"_links":{"self":[{"href":"https:\/\/www.2ha.gr\/de\/wp-json\/wp\/v2\/product\/11867","targetHints":{"allow":["GET"]}}],"collection":[{"href":"https:\/\/www.2ha.gr\/de\/wp-json\/wp\/v2\/product"}],"about":[{"href":"https:\/\/www.2ha.gr\/de\/wp-json\/wp\/v2\/types\/product"}],"replies":[{"embeddable":true,"href":"https:\/\/www.2ha.gr\/de\/wp-json\/wp\/v2\/comments?post=11867"}],"wp:featuredmedia":[{"embeddable":true,"href":"https:\/\/www.2ha.gr\/de\/wp-json\/wp\/v2\/media\/11851"}],"wp:attachment":[{"href":"https:\/\/www.2ha.gr\/de\/wp-json\/wp\/v2\/media?parent=11867"}],"wp:term":[{"taxonomy":"product_cat","embeddable":true,"href":"https:\/\/www.2ha.gr\/de\/wp-json\/wp\/v2\/product_cat?post=11867"},{"taxonomy":"product_tag","embeddable":true,"href":"https:\/\/www.2ha.gr\/de\/wp-json\/wp\/v2\/product_tag?post=11867"}],"curies":[{"name":"wp","href":"https:\/\/api.w.org\/{rel}","templated":true}]}}