{"id":12042,"date":"2024-07-27T11:23:02","date_gmt":"2024-07-27T08:23:02","guid":{"rendered":"https:\/\/www.2ha.gr\/?post_type=product&#038;p=12042"},"modified":"2024-08-30T22:56:42","modified_gmt":"2024-08-30T19:56:42","slug":"floral-elegance-apron","status":"publish","type":"product","link":"https:\/\/www.2ha.gr\/de\/product\/floral-elegance-apron\/","title":{"rendered":"Floral Elegance Apron"},"content":{"rendered":"<p><\/p>\n<ul>\n<li><em><strong>Komplett aus hochwertigem, gebl\u00fcmtem Stoff gefertigt <\/strong><\/em><\/li>\n<li><em><strong>Zwei gro\u00dfe Taschen aus 100% Naturleder <\/strong><\/em><\/li>\n<li><em><strong>Handtuch-Schlaufe <\/strong><\/em><\/li>\n<li><em><strong>Kreuzgurte zur Vermeidung von Nackenbelastungen und f\u00fcr eine perfekte Passform f\u00fcr jeden K\u00f6rpertyp<\/strong><\/em><\/li>\n<li><em><strong>Baumwolle \/ Cool Lining auf der R\u00fcckseite f\u00fcr das beste Gef\u00fchl bei jeder Temperatur<\/strong><\/em><\/li>\n<\/ul>\n<p><\/p>","protected":false},"excerpt":{"rendered":"<ul>\n<li><em><strong>Komplett aus hochwertigem, gebl\u00fcmtem Stoff gefertigt <\/strong><\/em><\/li>\n<li><em><strong>Zwei gro\u00dfe Taschen aus 100% Naturleder <\/strong><\/em><\/li>\n<li><em><strong>Handtuch-Schlaufe <\/strong><\/em><\/li>\n<li><em><strong>Kreuzgurte zur Vermeidung von Nackenbelastungen und f\u00fcr eine perfekte Passform f\u00fcr jeden K\u00f6rpertyp<\/strong><\/em><\/li>\n<li><em><strong>Baumwolle \/ Cool Lining auf der R\u00fcckseite f\u00fcr das beste Gef\u00fchl bei jeder Temperatur<\/strong><\/em><\/li>\n<\/ul>\n","protected":false},"featured_media":12028,"comment_status":"closed","ping_status":"closed","template":"","meta":[],"product_cat":[57,11,12,42,23,7,58,24],"product_tag":[],"class_list":{"0":"post-12042","1":"product","2":"type-product","3":"status-publish","4":"has-post-thumbnail","6":"product_cat-2024-2025","7":"product_cat-barista","8":"product_cat-bartender","9":"product_cat-coffee-lovers","10":"product_cat-in-stock","11":"product_cat-hospitality","12":"product_cat-58","13":"product_cat-aprons","15":"first","16":"instock","17":"sale","18":"taxable","19":"shipping-taxable","20":"purchasable","21":"product-type-simple"},"_links":{"self":[{"href":"https:\/\/www.2ha.gr\/de\/wp-json\/wp\/v2\/product\/12042","targetHints":{"allow":["GET"]}}],"collection":[{"href":"https:\/\/www.2ha.gr\/de\/wp-json\/wp\/v2\/product"}],"about":[{"href":"https:\/\/www.2ha.gr\/de\/wp-json\/wp\/v2\/types\/product"}],"replies":[{"embeddable":true,"href":"https:\/\/www.2ha.gr\/de\/wp-json\/wp\/v2\/comments?post=12042"}],"wp:featuredmedia":[{"embeddable":true,"href":"https:\/\/www.2ha.gr\/de\/wp-json\/wp\/v2\/media\/12028"}],"wp:attachment":[{"href":"https:\/\/www.2ha.gr\/de\/wp-json\/wp\/v2\/media?parent=12042"}],"wp:term":[{"taxonomy":"product_cat","embeddable":true,"href":"https:\/\/www.2ha.gr\/de\/wp-json\/wp\/v2\/product_cat?post=12042"},{"taxonomy":"product_tag","embeddable":true,"href":"https:\/\/www.2ha.gr\/de\/wp-json\/wp\/v2\/product_tag?post=12042"}],"curies":[{"name":"wp","href":"https:\/\/api.w.org\/{rel}","templated":true}]}}