{"id":12044,"date":"2024-07-27T11:37:53","date_gmt":"2024-07-27T08:37:53","guid":{"rendered":"https:\/\/www.2ha.gr\/?post_type=product&#038;p=12044"},"modified":"2024-09-09T12:29:08","modified_gmt":"2024-09-09T09:29:08","slug":"vintage-charm-apron-1","status":"publish","type":"product","link":"https:\/\/www.2ha.gr\/de\/product\/vintage-charm-apron-1\/","title":{"rendered":"Vintage Charm Apron 1"},"content":{"rendered":"<p><\/p>\n<ul>\n<li><strong><em>Kombination aus zwei wasserdichten und Mesh-Geweben<\/em><\/strong><\/li>\n<li><strong><em>Zwei Au\u00dfentaschen <\/em><\/strong><\/li>\n<li><strong><em>&#8222;Taschen&#8220; f\u00fcr einfaches Gehen <\/em><\/strong><\/li>\n<\/ul>\n<ul>\n<li><strong><em>Kreuzgurte zur Vermeidung von Nackenbeschwerden und f\u00fcr eine perfekte Passform f\u00fcr jeden K\u00f6rpertyp<\/em><\/strong><\/li>\n<li><strong><em>Baumwolle \/ Cool Lining auf der R\u00fcckseite f\u00fcr das beste Gef\u00fchl bei jeder Temperatur<\/em><\/strong><\/li>\n<\/ul>\n<p><\/p>","protected":false},"excerpt":{"rendered":"<ul>\n<li><strong><em>Kombination aus zwei wasserdichten und Mesh-Geweben<\/em><\/strong><\/li>\n<li><strong><em>Zwei Au\u00dfentaschen <\/em><\/strong><\/li>\n<li><strong><em>&#8222;Taschen&#8220; f\u00fcr leichtes Gehen <\/em><\/strong><\/li>\n<\/ul>\n<ul>\n<li><strong><em>Kreuzgurte zur Vermeidung von Nackenverspannungen und f\u00fcr eine perfekte Passform f\u00fcr jeden K\u00f6rpertyp<\/em><\/strong><\/li>\n<li><strong><em>Baumwolle \/ Cool Lining auf der R\u00fcckseite f\u00fcr das beste Gef\u00fchl bei jeder Temperatur<\/em><\/strong><\/li>\n<\/ul>\n","protected":false},"featured_media":12215,"comment_status":"closed","ping_status":"closed","template":"","meta":[],"product_cat":[57,11,12,7,58,13,24],"product_tag":[],"class_list":{"0":"post-12044","1":"product","2":"type-product","3":"status-publish","4":"has-post-thumbnail","6":"product_cat-2024-2025","7":"product_cat-barista","8":"product_cat-bartender","9":"product_cat-hospitality","10":"product_cat-58","11":"product_cat-service","12":"product_cat-aprons","14":"first","15":"instock","16":"sale","17":"taxable","18":"shipping-taxable","19":"purchasable","20":"product-type-simple"},"_links":{"self":[{"href":"https:\/\/www.2ha.gr\/de\/wp-json\/wp\/v2\/product\/12044","targetHints":{"allow":["GET"]}}],"collection":[{"href":"https:\/\/www.2ha.gr\/de\/wp-json\/wp\/v2\/product"}],"about":[{"href":"https:\/\/www.2ha.gr\/de\/wp-json\/wp\/v2\/types\/product"}],"replies":[{"embeddable":true,"href":"https:\/\/www.2ha.gr\/de\/wp-json\/wp\/v2\/comments?post=12044"}],"wp:featuredmedia":[{"embeddable":true,"href":"https:\/\/www.2ha.gr\/de\/wp-json\/wp\/v2\/media\/12215"}],"wp:attachment":[{"href":"https:\/\/www.2ha.gr\/de\/wp-json\/wp\/v2\/media?parent=12044"}],"wp:term":[{"taxonomy":"product_cat","embeddable":true,"href":"https:\/\/www.2ha.gr\/de\/wp-json\/wp\/v2\/product_cat?post=12044"},{"taxonomy":"product_tag","embeddable":true,"href":"https:\/\/www.2ha.gr\/de\/wp-json\/wp\/v2\/product_tag?post=12044"}],"curies":[{"name":"wp","href":"https:\/\/api.w.org\/{rel}","templated":true}]}}