{"id":12121,"date":"2024-08-23T16:46:55","date_gmt":"2024-08-23T13:46:55","guid":{"rendered":"https:\/\/www.2ha.gr\/?post_type=product&#038;p=12121"},"modified":"2024-08-23T16:47:27","modified_gmt":"2024-08-23T13:47:27","slug":"nabu24-full","status":"publish","type":"product","link":"https:\/\/www.2ha.gr\/de\/product\/nabu24-full\/","title":{"rendered":"NaBu24 full"},"content":{"rendered":"<p><\/p>\n<ul>\n<li><strong><em>Grundgewebe aus Baumwolle mit Digitaldruck <\/em><\/strong><\/li>\n<li><strong><em>Zwei Innentaschen<\/em><\/strong><\/li>\n<li><strong><em>Kreuztr\u00e4ger, um den Hals nicht zu belasten und eine perfekte Passform f\u00fcr jeden K\u00f6rpertyp zu haben<\/em><\/strong><\/li>\n<li><strong><em>Baumwolle \/ Cool Lining auf der R\u00fcckseite f\u00fcr das beste Gef\u00fchl in jeder Temperatur.<\/em><\/strong><\/li>\n<\/ul>\n<p><\/p>","protected":false},"excerpt":{"rendered":"<ul>\n<li><strong><em>Grundgewebe aus Baumwolle mit Digitaldruck <\/em><\/strong><\/li>\n<li><strong><em>Zwei Innentaschen<\/em><\/strong><\/li>\n<li><strong><em>Kreuztr\u00e4ger, um den Hals nicht zu belasten und eine perfekte Passform f\u00fcr jeden K\u00f6rpertyp zu haben<\/em><\/strong><\/li>\n<li><strong><em>Baumwolle \/ Cool Lining auf der R\u00fcckseite f\u00fcr das beste Gef\u00fchl in jeder Temperatur.<\/em><\/strong><\/li>\n<\/ul>\n","protected":false},"featured_media":12109,"comment_status":"closed","ping_status":"closed","template":"","meta":[],"product_cat":[57,11,12,42,23,7,13,24],"product_tag":[],"class_list":{"0":"post-12121","1":"product","2":"type-product","3":"status-publish","4":"has-post-thumbnail","6":"product_cat-2024-2025","7":"product_cat-barista","8":"product_cat-bartender","9":"product_cat-coffee-lovers","10":"product_cat-in-stock","11":"product_cat-hospitality","12":"product_cat-service","13":"product_cat-aprons","15":"first","16":"instock","17":"sale","18":"taxable","19":"shipping-taxable","20":"purchasable","21":"product-type-simple"},"_links":{"self":[{"href":"https:\/\/www.2ha.gr\/de\/wp-json\/wp\/v2\/product\/12121","targetHints":{"allow":["GET"]}}],"collection":[{"href":"https:\/\/www.2ha.gr\/de\/wp-json\/wp\/v2\/product"}],"about":[{"href":"https:\/\/www.2ha.gr\/de\/wp-json\/wp\/v2\/types\/product"}],"replies":[{"embeddable":true,"href":"https:\/\/www.2ha.gr\/de\/wp-json\/wp\/v2\/comments?post=12121"}],"wp:featuredmedia":[{"embeddable":true,"href":"https:\/\/www.2ha.gr\/de\/wp-json\/wp\/v2\/media\/12109"}],"wp:attachment":[{"href":"https:\/\/www.2ha.gr\/de\/wp-json\/wp\/v2\/media?parent=12121"}],"wp:term":[{"taxonomy":"product_cat","embeddable":true,"href":"https:\/\/www.2ha.gr\/de\/wp-json\/wp\/v2\/product_cat?post=12121"},{"taxonomy":"product_tag","embeddable":true,"href":"https:\/\/www.2ha.gr\/de\/wp-json\/wp\/v2\/product_tag?post=12121"}],"curies":[{"name":"wp","href":"https:\/\/api.w.org\/{rel}","templated":true}]}}