{"id":12143,"date":"2024-08-26T21:42:08","date_gmt":"2024-08-26T18:42:08","guid":{"rendered":"https:\/\/www.2ha.gr\/?post_type=product&#038;p=12143"},"modified":"2024-08-30T23:08:14","modified_gmt":"2024-08-30T20:08:14","slug":"legacy-artisan-apron","status":"publish","type":"product","link":"https:\/\/www.2ha.gr\/de\/product\/legacy-artisan-apron\/","title":{"rendered":"Legacy Artisan Apron"},"content":{"rendered":"<p><\/p>\n<ul>\n<li><strong><em>Grundgewebe aus Baumwolle mit Digitaldruck &amp; einfarbig orangefarbener Trenchcoat <\/em><\/strong><\/li>\n<li><strong><em>Zwei Au\u00dfentaschen<\/em><\/strong><\/li>\n<li><strong><em>Kreuztr\u00e4ger, um den Hals frei zu halten und eine perfekte Passform f\u00fcr jeden K\u00f6rpertyp zu haben<\/em><\/strong><\/li>\n<li><strong><em>Baumwolle \/ Cool Lining auf der R\u00fcckseite f\u00fcr das beste Gef\u00fchl bei jeder Temperatur.<\/em><\/strong><\/li>\n<\/ul>\n<p><\/p>","protected":false},"excerpt":{"rendered":"<ul>\n<li><strong><em>Grundgewebe aus Baumwolle mit Digitaldruck &amp; einfarbig orangefarbener Trenchcoat <\/em><\/strong><\/li>\n<li><strong><em>Zwei Au\u00dfentaschen<\/em><\/strong><\/li>\n<li><strong><em>Kreuztr\u00e4ger, um den Hals frei zu halten und eine perfekte Passform f\u00fcr jeden K\u00f6rpertyp zu haben<\/em><\/strong><\/li>\n<li><strong><em>Baumwolle \/ Cool Lining auf der R\u00fcckseite f\u00fcr das beste Gef\u00fchl bei jeder Temperatur.<\/em><\/strong><\/li>\n<\/ul>\n","protected":false},"featured_media":12106,"comment_status":"closed","ping_status":"closed","template":"","meta":[],"product_cat":[57,11,12,23,7,58,13,21,24],"product_tag":[],"class_list":{"0":"post-12143","1":"product","2":"type-product","3":"status-publish","4":"has-post-thumbnail","6":"product_cat-2024-2025","7":"product_cat-barista","8":"product_cat-bartender","9":"product_cat-in-stock","10":"product_cat-hospitality","11":"product_cat-58","12":"product_cat-service","13":"product_cat-chef","14":"product_cat-aprons","16":"first","17":"instock","18":"taxable","19":"shipping-taxable","20":"purchasable","21":"product-type-simple"},"_links":{"self":[{"href":"https:\/\/www.2ha.gr\/de\/wp-json\/wp\/v2\/product\/12143","targetHints":{"allow":["GET"]}}],"collection":[{"href":"https:\/\/www.2ha.gr\/de\/wp-json\/wp\/v2\/product"}],"about":[{"href":"https:\/\/www.2ha.gr\/de\/wp-json\/wp\/v2\/types\/product"}],"replies":[{"embeddable":true,"href":"https:\/\/www.2ha.gr\/de\/wp-json\/wp\/v2\/comments?post=12143"}],"wp:featuredmedia":[{"embeddable":true,"href":"https:\/\/www.2ha.gr\/de\/wp-json\/wp\/v2\/media\/12106"}],"wp:attachment":[{"href":"https:\/\/www.2ha.gr\/de\/wp-json\/wp\/v2\/media?parent=12143"}],"wp:term":[{"taxonomy":"product_cat","embeddable":true,"href":"https:\/\/www.2ha.gr\/de\/wp-json\/wp\/v2\/product_cat?post=12143"},{"taxonomy":"product_tag","embeddable":true,"href":"https:\/\/www.2ha.gr\/de\/wp-json\/wp\/v2\/product_tag?post=12143"}],"curies":[{"name":"wp","href":"https:\/\/api.w.org\/{rel}","templated":true}]}}