{"id":12144,"date":"2024-08-26T21:46:25","date_gmt":"2024-08-26T18:46:25","guid":{"rendered":"https:\/\/www.2ha.gr\/?post_type=product&#038;p=12144"},"modified":"2024-08-30T23:08:40","modified_gmt":"2024-08-30T20:08:40","slug":"legacy-artisan-service-apron","status":"publish","type":"product","link":"https:\/\/www.2ha.gr\/de\/product\/legacy-artisan-service-apron\/","title":{"rendered":"Legacy Artisan  Service Apron"},"content":{"rendered":"<p><\/p>\n<ul>\n<li><strong><em>Grundgewebe aus Baumwolle mit Digitaldruck &amp; einfarbig orangefarbener Trenchcoat <\/em><\/strong><\/li>\n<li><strong><em>Eine Innentasche <\/em><\/strong><\/li>\n<li><strong><em>Baumwoll-\/K\u00fchlfutter auf der R\u00fcckseite f\u00fcr das beste Gef\u00fchl bei jeder Temperatur.<\/em><\/strong><\/li>\n<li><em><strong>Metallischer Verschluss f\u00fcr eine perfekte Passform an jedem K\u00f6rpertyp<\/strong><\/em><\/li>\n<\/ul>\n<p><\/p>","protected":false},"excerpt":{"rendered":"<ul>\n<li><strong><em>Grundgewebe aus Baumwolle mit Digitaldruck &amp; einfarbig orangefarbener Trenchcoat <\/em><\/strong><\/li>\n<li><strong><em>Eine Innentasche <\/em><\/strong><\/li>\n<li><strong><em>Baumwoll-\/K\u00fchlfutter auf der R\u00fcckseite f\u00fcr das beste Gef\u00fchl bei jeder Temperatur.<\/em><\/strong><\/li>\n<li><em><strong>Metallischer Verschluss f\u00fcr eine perfekte Passform an jedem K\u00f6rpertyp<\/strong><\/em><\/li>\n<\/ul>\n","protected":false},"featured_media":12108,"comment_status":"closed","ping_status":"closed","template":"","meta":[],"product_cat":[57,7,58,13,24],"product_tag":[],"class_list":{"0":"post-12144","1":"product","2":"type-product","3":"status-publish","4":"has-post-thumbnail","6":"product_cat-2024-2025","7":"product_cat-hospitality","8":"product_cat-58","9":"product_cat-service","10":"product_cat-aprons","12":"first","13":"instock","14":"taxable","15":"shipping-taxable","16":"purchasable","17":"product-type-simple"},"_links":{"self":[{"href":"https:\/\/www.2ha.gr\/de\/wp-json\/wp\/v2\/product\/12144","targetHints":{"allow":["GET"]}}],"collection":[{"href":"https:\/\/www.2ha.gr\/de\/wp-json\/wp\/v2\/product"}],"about":[{"href":"https:\/\/www.2ha.gr\/de\/wp-json\/wp\/v2\/types\/product"}],"replies":[{"embeddable":true,"href":"https:\/\/www.2ha.gr\/de\/wp-json\/wp\/v2\/comments?post=12144"}],"wp:featuredmedia":[{"embeddable":true,"href":"https:\/\/www.2ha.gr\/de\/wp-json\/wp\/v2\/media\/12108"}],"wp:attachment":[{"href":"https:\/\/www.2ha.gr\/de\/wp-json\/wp\/v2\/media?parent=12144"}],"wp:term":[{"taxonomy":"product_cat","embeddable":true,"href":"https:\/\/www.2ha.gr\/de\/wp-json\/wp\/v2\/product_cat?post=12144"},{"taxonomy":"product_tag","embeddable":true,"href":"https:\/\/www.2ha.gr\/de\/wp-json\/wp\/v2\/product_tag?post=12144"}],"curies":[{"name":"wp","href":"https:\/\/api.w.org\/{rel}","templated":true}]}}