{"id":12153,"date":"2024-08-26T22:10:55","date_gmt":"2024-08-26T19:10:55","guid":{"rendered":"https:\/\/www.2ha.gr\/?post_type=product&#038;p=12153"},"modified":"2024-09-09T12:38:29","modified_gmt":"2024-09-09T09:38:29","slug":"crafted-legacy-service-apron","status":"publish","type":"product","link":"https:\/\/www.2ha.gr\/de\/product\/crafted-legacy-service-apron\/","title":{"rendered":"Crafted Legacy Service Apron"},"content":{"rendered":"<p><\/p>\n<ul>\n<li><strong><em>Trenchcoat aus Baumwollgewebe mit Digitaldruck, grau, wasserdicht und einfarbig <\/em><\/strong><\/li>\n<li><strong><em>Eine Au\u00dfentasche <\/em><\/strong><\/li>\n<li><strong><em>Baumwolle \/ Cool Lining auf der R\u00fcckseite f\u00fcr das beste Gef\u00fchl bei jeder Temperatur.<\/em><\/strong><\/li>\n<li><em><strong>Krawatte mit Metallschlie\u00dfe, um eine perfekte Passform auf jeden K\u00f6rper-Typ haben<\/strong><\/em><\/li>\n<\/ul>\n<p><\/p>","protected":false},"excerpt":{"rendered":"<ul>\n<li><strong><em>Trenchcoat aus Baumwollgewebe mit Digitaldruck, grau, wasserdicht und einfarbig <\/em><\/strong><\/li>\n<li><strong><em>Eine Au\u00dfentasche <\/em><\/strong><\/li>\n<li><strong><em>Baumwolle \/ Cool Lining auf der R\u00fcckseite f\u00fcr das beste Gef\u00fchl bei jeder Temperatur.<\/em><\/strong><\/li>\n<li><em><strong>Krawatte mit Metallschlie\u00dfe, um eine perfekte Passform auf jeden K\u00f6rper-Typ haben<\/strong><\/em><\/li>\n<\/ul>\n","protected":false},"featured_media":12114,"comment_status":"closed","ping_status":"closed","template":"","meta":[],"product_cat":[57,23,7,58,13,24],"product_tag":[],"class_list":{"0":"post-12153","1":"product","2":"type-product","3":"status-publish","4":"has-post-thumbnail","6":"product_cat-2024-2025","7":"product_cat-in-stock","8":"product_cat-hospitality","9":"product_cat-58","10":"product_cat-service","11":"product_cat-aprons","13":"first","14":"instock","15":"taxable","16":"shipping-taxable","17":"purchasable","18":"product-type-simple"},"_links":{"self":[{"href":"https:\/\/www.2ha.gr\/de\/wp-json\/wp\/v2\/product\/12153","targetHints":{"allow":["GET"]}}],"collection":[{"href":"https:\/\/www.2ha.gr\/de\/wp-json\/wp\/v2\/product"}],"about":[{"href":"https:\/\/www.2ha.gr\/de\/wp-json\/wp\/v2\/types\/product"}],"replies":[{"embeddable":true,"href":"https:\/\/www.2ha.gr\/de\/wp-json\/wp\/v2\/comments?post=12153"}],"wp:featuredmedia":[{"embeddable":true,"href":"https:\/\/www.2ha.gr\/de\/wp-json\/wp\/v2\/media\/12114"}],"wp:attachment":[{"href":"https:\/\/www.2ha.gr\/de\/wp-json\/wp\/v2\/media?parent=12153"}],"wp:term":[{"taxonomy":"product_cat","embeddable":true,"href":"https:\/\/www.2ha.gr\/de\/wp-json\/wp\/v2\/product_cat?post=12153"},{"taxonomy":"product_tag","embeddable":true,"href":"https:\/\/www.2ha.gr\/de\/wp-json\/wp\/v2\/product_tag?post=12153"}],"curies":[{"name":"wp","href":"https:\/\/api.w.org\/{rel}","templated":true}]}}