{"id":12155,"date":"2024-08-26T22:40:23","date_gmt":"2024-08-26T19:40:23","guid":{"rendered":"https:\/\/www.2ha.gr\/?post_type=product&#038;p=12155"},"modified":"2024-09-09T12:23:48","modified_gmt":"2024-09-09T09:23:48","slug":"masterpiece-service-apron","status":"publish","type":"product","link":"https:\/\/www.2ha.gr\/de\/product\/masterpiece-service-apron\/","title":{"rendered":"Masterpiece  Service Apron"},"content":{"rendered":"<p><\/p>\n<ul>\n<li><strong><em>Grundgewebe aus Baumwolle mit Digitaldruck <\/em><\/strong><\/li>\n<li><strong><em>Drei Au\u00dfentaschen <\/em><\/strong><\/li>\n<li><strong><em>Baumwolle \/ Cool Lining auf der R\u00fcckseite f\u00fcr das beste Gef\u00fchl bei jeder Temperatur.<\/em><\/strong><\/li>\n<li><em><strong>Metallverschluss, um eine perfekte Passform in jedem K\u00f6rper-Typ haben<\/strong><\/em><\/li>\n<\/ul>\n<p><\/p>","protected":false},"excerpt":{"rendered":"<ul>\n<li><strong><em>Grundgewebe aus Baumwolle mit Digitaldruck <\/em><\/strong><\/li>\n<li><strong><em>Drei Au\u00dfentaschen <\/em><\/strong><\/li>\n<li><strong><em>Baumwolle \/ Cool Lining auf der R\u00fcckseite f\u00fcr das beste Gef\u00fchl bei jeder Temperatur.<\/em><\/strong><\/li>\n<li><em><strong>Metallverschluss, um eine perfekte Passform in jedem K\u00f6rper-Typ haben<\/strong><\/em><\/li>\n<\/ul>\n","protected":false},"featured_media":12212,"comment_status":"closed","ping_status":"closed","template":"","meta":[],"product_cat":[57,13,24],"product_tag":[],"class_list":{"0":"post-12155","1":"product","2":"type-product","3":"status-publish","4":"has-post-thumbnail","6":"product_cat-2024-2025","7":"product_cat-service","8":"product_cat-aprons","10":"first","11":"instock","12":"taxable","13":"shipping-taxable","14":"purchasable","15":"product-type-simple"},"_links":{"self":[{"href":"https:\/\/www.2ha.gr\/de\/wp-json\/wp\/v2\/product\/12155","targetHints":{"allow":["GET"]}}],"collection":[{"href":"https:\/\/www.2ha.gr\/de\/wp-json\/wp\/v2\/product"}],"about":[{"href":"https:\/\/www.2ha.gr\/de\/wp-json\/wp\/v2\/types\/product"}],"replies":[{"embeddable":true,"href":"https:\/\/www.2ha.gr\/de\/wp-json\/wp\/v2\/comments?post=12155"}],"wp:featuredmedia":[{"embeddable":true,"href":"https:\/\/www.2ha.gr\/de\/wp-json\/wp\/v2\/media\/12212"}],"wp:attachment":[{"href":"https:\/\/www.2ha.gr\/de\/wp-json\/wp\/v2\/media?parent=12155"}],"wp:term":[{"taxonomy":"product_cat","embeddable":true,"href":"https:\/\/www.2ha.gr\/de\/wp-json\/wp\/v2\/product_cat?post=12155"},{"taxonomy":"product_tag","embeddable":true,"href":"https:\/\/www.2ha.gr\/de\/wp-json\/wp\/v2\/product_tag?post=12155"}],"curies":[{"name":"wp","href":"https:\/\/api.w.org\/{rel}","templated":true}]}}