{"id":12158,"date":"2024-08-26T22:58:22","date_gmt":"2024-08-26T19:58:22","guid":{"rendered":"https:\/\/www.2ha.gr\/?post_type=product&#038;p=12158"},"modified":"2024-08-30T22:56:27","modified_gmt":"2024-08-30T19:56:27","slug":"zor-skulls","status":"publish","type":"product","link":"https:\/\/www.2ha.gr\/de\/product\/zor-skulls\/","title":{"rendered":"Zor skulls"},"content":{"rendered":"<p><\/p>\n<ul>\n<li><strong><em>Basis aus Baumwollstoff mit Digitaldruck &amp; einfarbig rosa Trenchcoat <\/em><\/strong><\/li>\n<li><strong><em>Zwei Innentaschen<\/em><\/strong><\/li>\n<li><strong><em>Kreuztr\u00e4ger, um den Hals frei zu halten und eine perfekte Passform f\u00fcr jeden K\u00f6rpertyp zu haben<\/em><\/strong><\/li>\n<li><strong><em>Baumwolle \/ Cool Lining auf der R\u00fcckseite f\u00fcr das beste Gef\u00fchl bei jeder Temperatur.<\/em><\/strong><\/li>\n<\/ul>\n<p><\/p>","protected":false},"excerpt":{"rendered":"<ul>\n<li><strong><em>Basis aus Baumwollstoff mit Digitaldruck &amp; einfarbig rosa Trenchcoat <\/em><\/strong><\/li>\n<li><strong><em>Zwei Innentaschen<\/em><\/strong><\/li>\n<li><strong><em>Kreuztr\u00e4ger, um den Hals frei zu halten und eine perfekte Passform f\u00fcr jeden K\u00f6rpertyp zu haben<\/em><\/strong><\/li>\n<li><strong><em>Baumwolle \/ Cool Lining auf der R\u00fcckseite f\u00fcr das beste Gef\u00fchl bei jeder Temperatur.<\/em><\/strong><\/li>\n<\/ul>\n","protected":false},"featured_media":12118,"comment_status":"closed","ping_status":"closed","template":"","meta":[],"product_cat":[57,11,12,42,39,7,15,58,13,24],"product_tag":[],"class_list":{"0":"post-12158","1":"product","2":"type-product","3":"status-publish","4":"has-post-thumbnail","6":"product_cat-2024-2025","7":"product_cat-barista","8":"product_cat-bartender","9":"product_cat-coffee-lovers","10":"product_cat-trick-or-treat","11":"product_cat-hospitality","12":"product_cat-barber-hairdresser","13":"product_cat-58","14":"product_cat-service","15":"product_cat-aprons","17":"first","18":"instock","19":"taxable","20":"shipping-taxable","21":"purchasable","22":"product-type-simple"},"_links":{"self":[{"href":"https:\/\/www.2ha.gr\/de\/wp-json\/wp\/v2\/product\/12158","targetHints":{"allow":["GET"]}}],"collection":[{"href":"https:\/\/www.2ha.gr\/de\/wp-json\/wp\/v2\/product"}],"about":[{"href":"https:\/\/www.2ha.gr\/de\/wp-json\/wp\/v2\/types\/product"}],"replies":[{"embeddable":true,"href":"https:\/\/www.2ha.gr\/de\/wp-json\/wp\/v2\/comments?post=12158"}],"wp:featuredmedia":[{"embeddable":true,"href":"https:\/\/www.2ha.gr\/de\/wp-json\/wp\/v2\/media\/12118"}],"wp:attachment":[{"href":"https:\/\/www.2ha.gr\/de\/wp-json\/wp\/v2\/media?parent=12158"}],"wp:term":[{"taxonomy":"product_cat","embeddable":true,"href":"https:\/\/www.2ha.gr\/de\/wp-json\/wp\/v2\/product_cat?post=12158"},{"taxonomy":"product_tag","embeddable":true,"href":"https:\/\/www.2ha.gr\/de\/wp-json\/wp\/v2\/product_tag?post=12158"}],"curies":[{"name":"wp","href":"https:\/\/api.w.org\/{rel}","templated":true}]}}