{"id":12161,"date":"2024-08-26T23:28:57","date_gmt":"2024-08-26T20:28:57","guid":{"rendered":"https:\/\/www.2ha.gr\/?post_type=product&#038;p=12161"},"modified":"2024-12-30T12:58:34","modified_gmt":"2024-12-30T10:58:34","slug":"2024-blue-flowers","status":"publish","type":"product","link":"https:\/\/www.2ha.gr\/de\/product\/2024-blue-flowers\/","title":{"rendered":"2024 Blue Flowers"},"content":{"rendered":"<p><\/p>\n<ul>\n<li><em><strong>Grundgewebe aus Baumwolle mit Digitaldruck <\/strong><\/em><\/li>\n<li><em><strong>Eine Au\u00dfentasche<\/strong><\/em><\/li>\n<li><em><strong>Handtuch-Schlaufe <\/strong><\/em><\/li>\n<li><em><strong>Kreuzgurte zur Vermeidung von Nackenbeschwerden und f\u00fcr eine perfekte Passform f\u00fcr jeden K\u00f6rpertyp<\/strong><\/em><\/li>\n<li><em><strong>Baumwolle \/ Cool Lining auf der R\u00fcckseite f\u00fcr das beste Gef\u00fchl bei jeder Temperatur.<\/strong><\/em><\/li>\n<\/ul>\n<p><\/p>","protected":false},"excerpt":{"rendered":"<ul>\n<li><em><strong>Grundgewebe aus Baumwolle mit Digitaldruck <\/strong><\/em><\/li>\n<li><em><strong>Eine Au\u00dfentasche<\/strong><\/em><\/li>\n<li><em><strong>Handtuch-Schlaufe <\/strong><\/em><\/li>\n<li><em><strong>Kreuzgurte zur Vermeidung von Nackenbeschwerden und f\u00fcr eine perfekte Passform f\u00fcr jeden K\u00f6rpertyp<\/strong><\/em><\/li>\n<li><em><strong>Baumwolle \/ Cool Lining auf der R\u00fcckseite f\u00fcr das beste Gef\u00fchl bei jeder Temperatur.<\/strong><\/em><\/li>\n<\/ul>\n","protected":false},"featured_media":12112,"comment_status":"closed","ping_status":"closed","template":"","meta":[],"product_cat":[35,57,11,12,42,23,7,13,24],"product_tag":[],"class_list":{"0":"post-12161","1":"product","2":"type-product","3":"status-publish","4":"has-post-thumbnail","6":"product_cat-35","7":"product_cat-2024-2025","8":"product_cat-barista","9":"product_cat-bartender","10":"product_cat-coffee-lovers","11":"product_cat-in-stock","12":"product_cat-hospitality","13":"product_cat-service","14":"product_cat-aprons","16":"first","17":"outofstock","18":"taxable","19":"shipping-taxable","20":"purchasable","21":"product-type-simple"},"_links":{"self":[{"href":"https:\/\/www.2ha.gr\/de\/wp-json\/wp\/v2\/product\/12161","targetHints":{"allow":["GET"]}}],"collection":[{"href":"https:\/\/www.2ha.gr\/de\/wp-json\/wp\/v2\/product"}],"about":[{"href":"https:\/\/www.2ha.gr\/de\/wp-json\/wp\/v2\/types\/product"}],"replies":[{"embeddable":true,"href":"https:\/\/www.2ha.gr\/de\/wp-json\/wp\/v2\/comments?post=12161"}],"wp:featuredmedia":[{"embeddable":true,"href":"https:\/\/www.2ha.gr\/de\/wp-json\/wp\/v2\/media\/12112"}],"wp:attachment":[{"href":"https:\/\/www.2ha.gr\/de\/wp-json\/wp\/v2\/media?parent=12161"}],"wp:term":[{"taxonomy":"product_cat","embeddable":true,"href":"https:\/\/www.2ha.gr\/de\/wp-json\/wp\/v2\/product_cat?post=12161"},{"taxonomy":"product_tag","embeddable":true,"href":"https:\/\/www.2ha.gr\/de\/wp-json\/wp\/v2\/product_tag?post=12161"}],"curies":[{"name":"wp","href":"https:\/\/api.w.org\/{rel}","templated":true}]}}