{"id":12181,"date":"2024-08-29T23:01:16","date_gmt":"2024-08-29T20:01:16","guid":{"rendered":"https:\/\/www.2ha.gr\/?post_type=product&#038;p=12181"},"modified":"2024-09-09T12:32:43","modified_gmt":"2024-09-09T09:32:43","slug":"nuba2-service-apron","status":"publish","type":"product","link":"https:\/\/www.2ha.gr\/de\/product\/nuba2-service-apron\/","title":{"rendered":"NuBa2  Service Apron"},"content":{"rendered":"<p><\/p>\n<ul>\n<li><strong><em>Kombination aus wasserdichtem und atmungsaktivem Stoff mit digitalem Druck auf Baumwollgewebe <\/em><\/strong><\/li>\n<li><strong><em>Eine Au\u00dfentasche <\/em><\/strong><\/li>\n<li><strong><em>Baumwolle \/ Cool Lining auf der R\u00fcckseite f\u00fcr das beste Gef\u00fchl bei jeder Temperatur.<\/em><\/strong><\/li>\n<li><em><strong>Metallischer Verschluss, um eine perfekte Passform f\u00fcr jeden K\u00f6rpertyp zu haben<\/strong><\/em><\/li>\n<\/ul>\n<p><\/p>","protected":false},"excerpt":{"rendered":"<ul>\n<li><strong><em>\u03a3\u03c5\u03bd\u03b4\u03c5\u03b1\u03c3\u03bc\u03cc\u03c2\u00a0 \u03b1\u03b4\u03b9\u03ac\u03b2\u03c1\u03bf\u03c7\u03bf\u03c5 &amp; \u03b1\u03bb\u03ad\u03ba\u03b9\u03b1\u03c3\u03c4\u03bf\u03c5 \u03c5\u03c6\u03ac\u03c3\u03bc\u03b1\u03c4\u03bf\u03c2 \u03bc\u03b5\u00a0 \u03b2\u03b1\u03bc\u03b2\u03b1\u03ba\u03b5\u03c1\u03cc \u03cd\u03c6\u03b1\u03c3\u03bc\u03b1 \u03c8\u03b7\u03c6\u03b9\u03b1\u03ba\u03ae\u03c2 \u03b5\u03ba\u03c4\u03cd\u03c0\u03c9\u03c3\u03b7\u03c2\u00a0<\/em><\/strong><\/li>\n<li><strong><em>M\u03af\u03b1 \u03b5\u03be\u03c9\u03c4\u03b5\u03c1\u03b9\u03ba\u03ae \u03c4\u03c3\u03ad\u03c0\u03b7\u00a0<\/em><\/strong><\/li>\n<li><strong><em>\u0392\u03b1\u03bc\u03b2\u03b1\u03ba\u03b5\u03c1\u03ae \/ \u0394\u03c1\u03bf\u03c3\u03b5\u03c1\u03ae \u03a6\u03cc\u03b4\u03c1\u03b1 \u03c3\u03c4\u03bf \u03c0\u03af\u03c3\u03c9 \u03bc\u03ad\u03c1\u03bf\u03c2 \u03b3\u03b9\u03b1 \u03c4\u03b7\u03bd \u03ba\u03b1\u03bb\u03cd\u03c4\u03b5\u03c1\u03b7 \u03b1\u03af\u03c3\u03b8\u03b7\u03c3\u03b7 \u03c3\u03b5 \u03ba\u03ac\u03b8\u03b5 \u03b8\u03b5\u03c1\u03bc\u03bf\u03ba\u03c1\u03b1\u03c3\u03af\u03b1 .<\/em><\/strong><\/li>\n<li><em><strong>\u0394\u03ad\u03c3\u03b9\u03bc\u03bf \u03bc\u03b5 \u03bc\u03b5\u03c4\u03b1\u03bb\u03bb\u03b9\u03ba\u03cc \u03ba\u03bf\u03cd\u03bc\u03c0\u03c9\u03bc\u03b1\u00a0 \u03ce\u03c3\u03c4\u03b5 \u03ba\u03b1\u03b9 \u03bd\u03b1 \u03ad\u03c7\u03bf\u03c5\u03bc\u03b5 \u03c4\u03ad\u03bb\u03b5\u03b9\u03b1 \u03b5\u03c6\u03b1\u03c1\u03bc\u03bf\u03b3\u03ae \u03c3\u03b5 \u03ba\u03ac\u03b8\u03b5 \u03c3\u03c9\u03bc\u03b1\u03c4\u03cc\u03c4\u03c5\u03c0\u03bf<\/strong><\/em><\/li>\n<\/ul>\n","protected":false},"featured_media":12216,"comment_status":"closed","ping_status":"closed","template":"","meta":[],"product_cat":[57,7,13,24],"product_tag":[],"class_list":{"0":"post-12181","1":"product","2":"type-product","3":"status-publish","4":"has-post-thumbnail","6":"product_cat-2024-2025","7":"product_cat-hospitality","8":"product_cat-service","9":"product_cat-aprons","11":"first","12":"instock","13":"taxable","14":"shipping-taxable","15":"purchasable","16":"product-type-simple"},"_links":{"self":[{"href":"https:\/\/www.2ha.gr\/de\/wp-json\/wp\/v2\/product\/12181","targetHints":{"allow":["GET"]}}],"collection":[{"href":"https:\/\/www.2ha.gr\/de\/wp-json\/wp\/v2\/product"}],"about":[{"href":"https:\/\/www.2ha.gr\/de\/wp-json\/wp\/v2\/types\/product"}],"replies":[{"embeddable":true,"href":"https:\/\/www.2ha.gr\/de\/wp-json\/wp\/v2\/comments?post=12181"}],"wp:featuredmedia":[{"embeddable":true,"href":"https:\/\/www.2ha.gr\/de\/wp-json\/wp\/v2\/media\/12216"}],"wp:attachment":[{"href":"https:\/\/www.2ha.gr\/de\/wp-json\/wp\/v2\/media?parent=12181"}],"wp:term":[{"taxonomy":"product_cat","embeddable":true,"href":"https:\/\/www.2ha.gr\/de\/wp-json\/wp\/v2\/product_cat?post=12181"},{"taxonomy":"product_tag","embeddable":true,"href":"https:\/\/www.2ha.gr\/de\/wp-json\/wp\/v2\/product_tag?post=12181"}],"curies":[{"name":"wp","href":"https:\/\/api.w.org\/{rel}","templated":true}]}}