{"id":12183,"date":"2024-08-29T23:13:52","date_gmt":"2024-08-29T20:13:52","guid":{"rendered":"https:\/\/www.2ha.gr\/?post_type=product&#038;p=12183"},"modified":"2024-09-09T12:19:00","modified_gmt":"2024-09-09T09:19:00","slug":"paradise-garden-apron-1","status":"publish","type":"product","link":"https:\/\/www.2ha.gr\/de\/product\/paradise-garden-apron-1\/","title":{"rendered":"Paradise Garden Apron 1"},"content":{"rendered":"<p><\/p>\n<ul>\n<li><strong><em>Kombination aus wasserdichtem und atmungsaktivem Stoff mit Digitaldruck <\/em><\/strong><\/li>\n<li><strong><em>Zwei versteckte Taschen <\/em><\/strong><\/li>\n<li><strong><em>\u00dcberkreuzte Tr\u00e4ger, um den Hals frei zu halten und eine perfekte Passform f\u00fcr jeden K\u00f6rpertyp zu haben<\/em><\/strong><\/li>\n<li><strong><em>Baumwolle \/ Cool Lining auf der R\u00fcckseite f\u00fcr das beste Gef\u00fchl bei jeder Temperatur<\/em><\/strong><\/li>\n<\/ul>\n<p><\/p>","protected":false},"excerpt":{"rendered":"<ul>\n<li><strong><em>Combination of waterproof &amp; breathable fabric with digital print fabric <\/em><\/strong><\/li>\n<li><strong><em>Two hidden pockets <\/em><\/strong><\/li>\n<li><strong><em>Cross straps to keep the neck free and have a perfect fit for every body type<\/em><\/strong><\/li>\n<li><strong><em>Cotton \/ Cool Lining on the back for the best feel in any temperature<\/em><\/strong><\/li>\n<\/ul>\n","protected":false},"featured_media":12209,"comment_status":"closed","ping_status":"closed","template":"","meta":[],"product_cat":[57,11,12,23,7,15,58,13,14,24],"product_tag":[],"class_list":{"0":"post-12183","1":"product","2":"type-product","3":"status-publish","4":"has-post-thumbnail","6":"product_cat-2024-2025","7":"product_cat-barista","8":"product_cat-bartender","9":"product_cat-in-stock","10":"product_cat-hospitality","11":"product_cat-barber-hairdresser","12":"product_cat-58","13":"product_cat-service","14":"product_cat-somelie","15":"product_cat-aprons","17":"first","18":"instock","19":"taxable","20":"shipping-taxable","21":"purchasable","22":"product-type-simple"},"_links":{"self":[{"href":"https:\/\/www.2ha.gr\/de\/wp-json\/wp\/v2\/product\/12183","targetHints":{"allow":["GET"]}}],"collection":[{"href":"https:\/\/www.2ha.gr\/de\/wp-json\/wp\/v2\/product"}],"about":[{"href":"https:\/\/www.2ha.gr\/de\/wp-json\/wp\/v2\/types\/product"}],"replies":[{"embeddable":true,"href":"https:\/\/www.2ha.gr\/de\/wp-json\/wp\/v2\/comments?post=12183"}],"wp:featuredmedia":[{"embeddable":true,"href":"https:\/\/www.2ha.gr\/de\/wp-json\/wp\/v2\/media\/12209"}],"wp:attachment":[{"href":"https:\/\/www.2ha.gr\/de\/wp-json\/wp\/v2\/media?parent=12183"}],"wp:term":[{"taxonomy":"product_cat","embeddable":true,"href":"https:\/\/www.2ha.gr\/de\/wp-json\/wp\/v2\/product_cat?post=12183"},{"taxonomy":"product_tag","embeddable":true,"href":"https:\/\/www.2ha.gr\/de\/wp-json\/wp\/v2\/product_tag?post=12183"}],"curies":[{"name":"wp","href":"https:\/\/api.w.org\/{rel}","templated":true}]}}