{"id":12184,"date":"2024-08-29T23:17:53","date_gmt":"2024-08-29T20:17:53","guid":{"rendered":"https:\/\/www.2ha.gr\/?post_type=product&#038;p=12184"},"modified":"2024-09-16T00:16:29","modified_gmt":"2024-09-15T21:16:29","slug":"paradise-garden-apron-2","status":"publish","type":"product","link":"https:\/\/www.2ha.gr\/de\/product\/paradise-garden-apron-2\/","title":{"rendered":"Paradise Garden Apron 2"},"content":{"rendered":"<p><\/p>\n<ul>\n<li><strong><em>Kombination aus wasserdichtem und atmungsaktivem Stoff mit Digitaldruck <\/em><\/strong><\/li>\n<li><strong><em>Zwei versteckte Taschen und eine Brusttasche <\/em><\/strong><\/li>\n<li><strong><em>Kreuzgurte, um den Hals frei zu halten und eine perfekte Passform f\u00fcr jeden K\u00f6rpertyp zu haben<\/em><\/strong><\/li>\n<li><strong><em>Baumwolle \/ Cool Lining auf der R\u00fcckseite f\u00fcr das beste Gef\u00fchl bei jeder Temperatur<\/em><\/strong><\/li>\n<\/ul>\n<p><\/p>","protected":false},"excerpt":{"rendered":"<ul>\n<li><strong><em>Kombination aus wasserdichtem und atmungsaktivem Stoff mit Digitaldruck <\/em><\/strong><\/li>\n<li><strong><em>Zwei versteckte Taschen und eine Brusttasche <\/em><\/strong><\/li>\n<li><strong><em>Kreuzgurte, um den Hals frei zu halten und eine perfekte Passform f\u00fcr jeden K\u00f6rpertyp zu haben<\/em><\/strong><\/li>\n<li><strong><em>Baumwolle \/ Cool Lining auf der R\u00fcckseite f\u00fcr das beste Gef\u00fchl bei jeder Temperatur<\/em><\/strong><\/li>\n<\/ul>\n","protected":false},"featured_media":12210,"comment_status":"closed","ping_status":"closed","template":"","meta":[],"product_cat":[57,11,12,42,23,7,15,58,13,21,14,24],"product_tag":[],"class_list":{"0":"post-12184","1":"product","2":"type-product","3":"status-publish","4":"has-post-thumbnail","6":"product_cat-2024-2025","7":"product_cat-barista","8":"product_cat-bartender","9":"product_cat-coffee-lovers","10":"product_cat-in-stock","11":"product_cat-hospitality","12":"product_cat-barber-hairdresser","13":"product_cat-58","14":"product_cat-service","15":"product_cat-chef","16":"product_cat-somelie","17":"product_cat-aprons","19":"first","20":"instock","21":"taxable","22":"shipping-taxable","23":"purchasable","24":"product-type-simple"},"_links":{"self":[{"href":"https:\/\/www.2ha.gr\/de\/wp-json\/wp\/v2\/product\/12184","targetHints":{"allow":["GET"]}}],"collection":[{"href":"https:\/\/www.2ha.gr\/de\/wp-json\/wp\/v2\/product"}],"about":[{"href":"https:\/\/www.2ha.gr\/de\/wp-json\/wp\/v2\/types\/product"}],"replies":[{"embeddable":true,"href":"https:\/\/www.2ha.gr\/de\/wp-json\/wp\/v2\/comments?post=12184"}],"wp:featuredmedia":[{"embeddable":true,"href":"https:\/\/www.2ha.gr\/de\/wp-json\/wp\/v2\/media\/12210"}],"wp:attachment":[{"href":"https:\/\/www.2ha.gr\/de\/wp-json\/wp\/v2\/media?parent=12184"}],"wp:term":[{"taxonomy":"product_cat","embeddable":true,"href":"https:\/\/www.2ha.gr\/de\/wp-json\/wp\/v2\/product_cat?post=12184"},{"taxonomy":"product_tag","embeddable":true,"href":"https:\/\/www.2ha.gr\/de\/wp-json\/wp\/v2\/product_tag?post=12184"}],"curies":[{"name":"wp","href":"https:\/\/api.w.org\/{rel}","templated":true}]}}