{"id":12261,"date":"2024-09-16T00:24:13","date_gmt":"2024-09-15T21:24:13","guid":{"rendered":"https:\/\/www.2ha.gr\/?post_type=product&#038;p=12261"},"modified":"2025-01-05T12:26:07","modified_gmt":"2025-01-05T10:26:07","slug":"final-edition-apron","status":"publish","type":"product","link":"https:\/\/www.2ha.gr\/de\/product\/final-edition-apron\/","title":{"rendered":"Final Edition Apron"},"content":{"rendered":"<p><\/p>\n<ul>\n<li><strong><em>Jeanssch\u00fcrze <\/em><\/strong><\/li>\n<li><strong><em>Gestickte Details <\/em><\/strong><\/li>\n<li><strong><em>Eine Au\u00dfentasche <\/em><\/strong><\/li>\n<li><strong><em>Kreuztr\u00e4ger, um den Hals nicht zu belasten und eine perfekte Passform f\u00fcr jeden K\u00f6rpertyp zu haben<\/em><\/strong><\/li>\n<li><strong><em>Baumwolle \/ Cool Lining auf der R\u00fcckseite f\u00fcr das beste Gef\u00fchl in jeder Temperatur<\/em><\/strong><\/li>\n<\/ul>\n<p><\/p>","protected":false},"excerpt":{"rendered":"<ul>\n<li><strong><em>Jeanssch\u00fcrze <\/em><\/strong><\/li>\n<li><strong><em>Gestickte Details <\/em><\/strong><\/li>\n<li><strong><em>Eine Au\u00dfentasche <\/em><\/strong><\/li>\n<li><strong><em>Kreuztr\u00e4ger, um den Hals nicht zu belasten und eine perfekte Passform f\u00fcr jeden K\u00f6rpertyp zu haben<\/em><\/strong><\/li>\n<li><strong><em>Baumwolle \/ Cool Lining auf der R\u00fcckseite f\u00fcr das beste Gef\u00fchl in jeder Temperatur<\/em><\/strong><\/li>\n<\/ul>\n","protected":false},"featured_media":12251,"comment_status":"closed","ping_status":"closed","template":"","meta":[],"product_cat":[57,11,12,73,7,15,17,13,24],"product_tag":[],"class_list":{"0":"post-12261","1":"product","2":"type-product","3":"status-publish","4":"has-post-thumbnail","6":"product_cat-2024-2025","7":"product_cat-barista","8":"product_cat-bartender","9":"product_cat-stock-aprons-one-of-a-kind","10":"product_cat-hospitality","11":"product_cat-barber-hairdresser","12":"product_cat-nail-artist","13":"product_cat-service","14":"product_cat-aprons","16":"first","17":"outofstock","18":"sale","19":"taxable","20":"shipping-taxable","21":"purchasable","22":"product-type-simple"},"_links":{"self":[{"href":"https:\/\/www.2ha.gr\/de\/wp-json\/wp\/v2\/product\/12261","targetHints":{"allow":["GET"]}}],"collection":[{"href":"https:\/\/www.2ha.gr\/de\/wp-json\/wp\/v2\/product"}],"about":[{"href":"https:\/\/www.2ha.gr\/de\/wp-json\/wp\/v2\/types\/product"}],"replies":[{"embeddable":true,"href":"https:\/\/www.2ha.gr\/de\/wp-json\/wp\/v2\/comments?post=12261"}],"wp:featuredmedia":[{"embeddable":true,"href":"https:\/\/www.2ha.gr\/de\/wp-json\/wp\/v2\/media\/12251"}],"wp:attachment":[{"href":"https:\/\/www.2ha.gr\/de\/wp-json\/wp\/v2\/media?parent=12261"}],"wp:term":[{"taxonomy":"product_cat","embeddable":true,"href":"https:\/\/www.2ha.gr\/de\/wp-json\/wp\/v2\/product_cat?post=12261"},{"taxonomy":"product_tag","embeddable":true,"href":"https:\/\/www.2ha.gr\/de\/wp-json\/wp\/v2\/product_tag?post=12261"}],"curies":[{"name":"wp","href":"https:\/\/api.w.org\/{rel}","templated":true}]}}