{"id":12305,"date":"2024-09-21T01:07:59","date_gmt":"2024-09-20T22:07:59","guid":{"rendered":"https:\/\/www.2ha.gr\/?post_type=product&#038;p=12305"},"modified":"2024-10-07T15:34:03","modified_gmt":"2024-10-07T12:34:03","slug":"exclusive-craft-apron-no-2","status":"publish","type":"product","link":"https:\/\/www.2ha.gr\/de\/product\/exclusive-craft-apron-no-2\/","title":{"rendered":"Exclusive Craft Apron No. 2"},"content":{"rendered":"<p><em><strong>Eine einzelne Sch\u00fcrze ohne die M\u00f6glichkeit, erneut gen\u00e4ht zu werden.<\/strong><\/em><\/p>\n<ul>\n<li><em><strong>100% wasserdicht &amp; Legierter brauner Stoff<\/strong><\/em><\/li>\n<li><em><strong>Eine Innentasche <\/strong><\/em><\/li>\n<li><em><strong>Kreuzgurte, um den Hals nicht zu belasten und eine perfekte Passform f\u00fcr jeden K\u00f6rpertyp zu haben<\/strong><\/em><\/li>\n<li><em><strong>Baumwolle \/ Cool Lining auf der R\u00fcckseite f\u00fcr das beste Gef\u00fchl bei jeder Temperatur<\/strong><\/em><\/li>\n<\/ul>\n<p><\/p>","protected":false},"excerpt":{"rendered":"<p><em><strong>Eine einzelne Sch\u00fcrze ohne die M\u00f6glichkeit, erneut gen\u00e4ht zu werden.<\/strong><\/em><\/p>\n<ul>\n<li><em><strong>100% wasserdicht &amp; Legierter brauner Stoff<\/strong><\/em><\/li>\n<li><em><strong>Eine Innentasche <\/strong><\/em><\/li>\n<li><em><strong>Kreuzgurte, um den Hals nicht zu belasten und eine perfekte Passform f\u00fcr jeden K\u00f6rpertyp zu haben<\/strong><\/em><\/li>\n<li><em><strong>Baumwolle \/ Cool Lining auf der R\u00fcckseite f\u00fcr das beste Gef\u00fchl bei jeder Temperatur<\/strong><\/em><\/li>\n<\/ul>\n","protected":false},"featured_media":12300,"comment_status":"closed","ping_status":"closed","template":"","meta":[],"product_cat":[73,23,40],"product_tag":[],"class_list":{"0":"post-12305","1":"product","2":"type-product","3":"status-publish","4":"has-post-thumbnail","6":"product_cat-stock-aprons-one-of-a-kind","7":"product_cat-in-stock","8":"product_cat-40","10":"first","11":"outofstock","12":"sale","13":"taxable","14":"shipping-taxable","15":"purchasable","16":"product-type-simple"},"_links":{"self":[{"href":"https:\/\/www.2ha.gr\/de\/wp-json\/wp\/v2\/product\/12305","targetHints":{"allow":["GET"]}}],"collection":[{"href":"https:\/\/www.2ha.gr\/de\/wp-json\/wp\/v2\/product"}],"about":[{"href":"https:\/\/www.2ha.gr\/de\/wp-json\/wp\/v2\/types\/product"}],"replies":[{"embeddable":true,"href":"https:\/\/www.2ha.gr\/de\/wp-json\/wp\/v2\/comments?post=12305"}],"wp:featuredmedia":[{"embeddable":true,"href":"https:\/\/www.2ha.gr\/de\/wp-json\/wp\/v2\/media\/12300"}],"wp:attachment":[{"href":"https:\/\/www.2ha.gr\/de\/wp-json\/wp\/v2\/media?parent=12305"}],"wp:term":[{"taxonomy":"product_cat","embeddable":true,"href":"https:\/\/www.2ha.gr\/de\/wp-json\/wp\/v2\/product_cat?post=12305"},{"taxonomy":"product_tag","embeddable":true,"href":"https:\/\/www.2ha.gr\/de\/wp-json\/wp\/v2\/product_tag?post=12305"}],"curies":[{"name":"wp","href":"https:\/\/api.w.org\/{rel}","templated":true}]}}