{"id":12310,"date":"2024-09-21T01:29:48","date_gmt":"2024-09-20T22:29:48","guid":{"rendered":"https:\/\/www.2ha.gr\/?post_type=product&#038;p=12310"},"modified":"2025-03-19T11:26:28","modified_gmt":"2025-03-19T09:26:28","slug":"exclusive-craft-apron-no-7","status":"publish","type":"product","link":"https:\/\/www.2ha.gr\/de\/product\/exclusive-craft-apron-no-7\/","title":{"rendered":"Exclusive Craft Apron No. 7"},"content":{"rendered":"<p><em><strong>Eine einzelne Sch\u00fcrze ohne die M\u00f6glichkeit, erneut gen\u00e4ht zu werden.<\/strong><\/em><\/p>\n<ul>\n<li><em><strong>Eine Au\u00dfentasche <\/strong><\/em><\/li>\n<li><em><strong>Kreuztr\u00e4ger, um den Hals nicht zu belasten und eine perfekte Passform f\u00fcr jeden K\u00f6rpertyp zu haben<\/strong><\/em><\/li>\n<li><em><strong>Baumwolle \/ Cool Lining auf der R\u00fcckseite f\u00fcr das beste Gef\u00fchl in jeder Temperatur<\/strong><\/em><\/li>\n<\/ul>\n<p><\/p>","protected":false},"excerpt":{"rendered":"<p><em><strong>Eine einzelne Sch\u00fcrze ohne die M\u00f6glichkeit, erneut gen\u00e4ht zu werden.<\/strong><\/em><\/p>\n<ul>\n<li><em><strong>Eine Au\u00dfentasche <\/strong><\/em><\/li>\n<li><em><strong>Kreuztr\u00e4ger, um den Hals nicht zu belasten und eine perfekte Passform f\u00fcr jeden K\u00f6rpertyp zu haben<\/strong><\/em><\/li>\n<li><em><strong>Baumwolle \/ Cool Lining auf der R\u00fcckseite f\u00fcr das beste Gef\u00fchl in jeder Temperatur<\/strong><\/em><\/li>\n<\/ul>\n","protected":false},"featured_media":12295,"comment_status":"closed","ping_status":"closed","template":"","meta":[],"product_cat":[73,23,40,7,24],"product_tag":[],"class_list":{"0":"post-12310","1":"product","2":"type-product","3":"status-publish","4":"has-post-thumbnail","6":"product_cat-stock-aprons-one-of-a-kind","7":"product_cat-in-stock","8":"product_cat-40","9":"product_cat-hospitality","10":"product_cat-aprons","12":"first","13":"outofstock","14":"sale","15":"taxable","16":"shipping-taxable","17":"purchasable","18":"product-type-simple"},"_links":{"self":[{"href":"https:\/\/www.2ha.gr\/de\/wp-json\/wp\/v2\/product\/12310","targetHints":{"allow":["GET"]}}],"collection":[{"href":"https:\/\/www.2ha.gr\/de\/wp-json\/wp\/v2\/product"}],"about":[{"href":"https:\/\/www.2ha.gr\/de\/wp-json\/wp\/v2\/types\/product"}],"replies":[{"embeddable":true,"href":"https:\/\/www.2ha.gr\/de\/wp-json\/wp\/v2\/comments?post=12310"}],"wp:featuredmedia":[{"embeddable":true,"href":"https:\/\/www.2ha.gr\/de\/wp-json\/wp\/v2\/media\/12295"}],"wp:attachment":[{"href":"https:\/\/www.2ha.gr\/de\/wp-json\/wp\/v2\/media?parent=12310"}],"wp:term":[{"taxonomy":"product_cat","embeddable":true,"href":"https:\/\/www.2ha.gr\/de\/wp-json\/wp\/v2\/product_cat?post=12310"},{"taxonomy":"product_tag","embeddable":true,"href":"https:\/\/www.2ha.gr\/de\/wp-json\/wp\/v2\/product_tag?post=12310"}],"curies":[{"name":"wp","href":"https:\/\/api.w.org\/{rel}","templated":true}]}}