{"id":12398,"date":"2024-10-24T00:10:44","date_gmt":"2024-10-23T21:10:44","guid":{"rendered":"https:\/\/www.2ha.gr\/?post_type=product&#038;p=12398"},"modified":"2025-04-01T11:54:25","modified_gmt":"2025-04-01T08:54:25","slug":"vintage-vibe-apron-1","status":"publish","type":"product","link":"https:\/\/www.2ha.gr\/de\/product\/vintage-vibe-apron-1\/","title":{"rendered":"Vintage Vibe Apron 1"},"content":{"rendered":"<p><\/p>\n<ul>\n<li><strong><em>aus festem Stoff gen\u00e4ht <\/em><\/strong><\/li>\n<li><strong><em>Eine Au\u00dfentasche <\/em><\/strong><\/li>\n<li><strong><em>Kreuzgurte zur Vermeidung von Nackenbeschwerden und f\u00fcr eine perfekte Passform f\u00fcr jeden K\u00f6rpertyp<\/em><\/strong><\/li>\n<li><strong><em>Baumwolle \/ Cool Lining auf der R\u00fcckseite f\u00fcr das beste Gef\u00fchl bei jeder Temperatur<\/em><\/strong><\/li>\n<\/ul>\n<p><\/p>","protected":false},"excerpt":{"rendered":"<ul>\n<li><strong><em>aus festem Stoff gen\u00e4ht <\/em><\/strong><\/li>\n<li><strong><em>Eine Au\u00dfentasche <\/em><\/strong><\/li>\n<li><strong><em>Kreuzgurte zur Vermeidung von Nackenbeschwerden und f\u00fcr eine perfekte Passform f\u00fcr jeden K\u00f6rpertyp<\/em><\/strong><\/li>\n<li><strong><em>Baumwoll-\/K\u00fchlfutter auf dem R\u00fccken f\u00fcr das beste Gef\u00fchl bei jeder Temperatur<\/em><\/strong><\/li>\n<\/ul>\n","protected":false},"featured_media":12382,"comment_status":"closed","ping_status":"closed","template":"","meta":[],"product_cat":[57,8,11,12,42,73,23,7,58,13,21,14,24],"product_tag":[],"class_list":{"0":"post-12398","1":"product","2":"type-product","3":"status-publish","4":"has-post-thumbnail","6":"product_cat-2024-2025","7":"product_cat-artists","8":"product_cat-barista","9":"product_cat-bartender","10":"product_cat-coffee-lovers","11":"product_cat-stock-aprons-one-of-a-kind","12":"product_cat-in-stock","13":"product_cat-hospitality","14":"product_cat-58","15":"product_cat-service","16":"product_cat-chef","17":"product_cat-somelie","18":"product_cat-aprons","20":"first","21":"outofstock","22":"sale","23":"taxable","24":"shipping-taxable","25":"purchasable","26":"product-type-simple"},"_links":{"self":[{"href":"https:\/\/www.2ha.gr\/de\/wp-json\/wp\/v2\/product\/12398","targetHints":{"allow":["GET"]}}],"collection":[{"href":"https:\/\/www.2ha.gr\/de\/wp-json\/wp\/v2\/product"}],"about":[{"href":"https:\/\/www.2ha.gr\/de\/wp-json\/wp\/v2\/types\/product"}],"replies":[{"embeddable":true,"href":"https:\/\/www.2ha.gr\/de\/wp-json\/wp\/v2\/comments?post=12398"}],"wp:featuredmedia":[{"embeddable":true,"href":"https:\/\/www.2ha.gr\/de\/wp-json\/wp\/v2\/media\/12382"}],"wp:attachment":[{"href":"https:\/\/www.2ha.gr\/de\/wp-json\/wp\/v2\/media?parent=12398"}],"wp:term":[{"taxonomy":"product_cat","embeddable":true,"href":"https:\/\/www.2ha.gr\/de\/wp-json\/wp\/v2\/product_cat?post=12398"},{"taxonomy":"product_tag","embeddable":true,"href":"https:\/\/www.2ha.gr\/de\/wp-json\/wp\/v2\/product_tag?post=12398"}],"curies":[{"name":"wp","href":"https:\/\/api.w.org\/{rel}","templated":true}]}}