{"id":12399,"date":"2024-10-24T00:12:35","date_gmt":"2024-10-23T21:12:35","guid":{"rendered":"https:\/\/www.2ha.gr\/?post_type=product&#038;p=12399"},"modified":"2025-04-01T11:53:43","modified_gmt":"2025-04-01T08:53:43","slug":"vintage-vibe-apron-2","status":"publish","type":"product","link":"https:\/\/www.2ha.gr\/de\/product\/vintage-vibe-apron-2\/","title":{"rendered":"Vintage Vibe Apron 2"},"content":{"rendered":"<p><\/p>\n<ul>\n<li><strong><em>aus festem Stoff gen\u00e4ht <\/em><\/strong><\/li>\n<li><strong><em>Eine Au\u00dfentasche <\/em><\/strong><\/li>\n<li><strong><em>Kreuzgurte zur Vermeidung von Nackenbeschwerden und f\u00fcr eine perfekte Passform f\u00fcr jeden K\u00f6rpertyp<\/em><\/strong><\/li>\n<li><strong><em>Baumwoll-\/K\u00fchlfutter auf dem R\u00fccken f\u00fcr das beste Gef\u00fchl bei jeder Temperatur<\/em><\/strong><\/li>\n<\/ul>\n<p><\/p>","protected":false},"excerpt":{"rendered":"<ul>\n<li><strong><em>\u03c1\u03b1\u03bc\u03bc\u03ad\u03bd\u03b7 \u03b1\u03c0\u03cc \u03c3\u03c4\u03b7\u03b2\u03b1\u03c1\u03cc \u03cd\u03c6\u03b1\u03c3\u03bc\u03b1\u00a0<\/em><\/strong><\/li>\n<li><strong><em>\u039c\u03b9\u03b1 \u03b5\u03be\u03c9\u03c4\u03b5\u03c1\u03b9\u03ba\u03ae \u03c4\u03c3\u03ad\u03c0\u03b7\u00a0<\/em><\/strong><\/li>\n<li><strong><em>\u03a7\u03b9\u03b1\u03c3\u03c4\u03af \u03c4\u03b9\u03c1\u03ac\u03bd\u03c4\u03b5\u03c2 \u03ce\u03c3\u03c4\u03b5 \u03bd\u03b1 \u03bc\u03b7\u03bd \u03b5\u03c0\u03b9\u03b2\u03b1\u03c1\u03cd\u03bd\u03b5\u03c4\u03b1\u03b9 \u03bf \u03b1\u03c5\u03c7\u03ad\u03bd\u03b1\u03c2 \u03ba\u03b1\u03b9 \u03bd\u03b1 \u03ad\u03c7\u03bf\u03c5\u03bc\u03b5 \u03c4\u03ad\u03bb\u03b5\u03b9\u03b1 \u03b5\u03c6\u03b1\u03c1\u03bc\u03bf\u03b3\u03ae \u03c3\u03b5 \u03ba\u03ac\u03b8\u03b5 \u03c3\u03c9\u03bc\u03b1\u03c4\u03cc\u03c4\u03c5\u03c0\u03bf<\/em><\/strong><\/li>\n<li><strong><em>\u0392\u03b1\u03bc\u03b2\u03b1\u03ba\u03b5\u03c1\u03ae \/ \u0394\u03c1\u03bf\u03c3\u03b5\u03c1\u03ae \u03a6\u03cc\u03b4\u03c1\u03b1 \u03c3\u03c4\u03bf \u03c0\u03af\u03c3\u03c9 \u03bc\u03ad\u03c1\u03bf\u03c2 \u03b3\u03b9\u03b1 \u03c4\u03b7\u03bd \u03ba\u03b1\u03bb\u03cd\u03c4\u03b5\u03c1\u03b7 \u03b1\u03af\u03c3\u03b8\u03b7\u03c3\u03b7 \u03c3\u03b5 \u03ba\u03ac\u03b8\u03b5 \u03b8\u03b5\u03c1\u03bc\u03bf\u03ba\u03c1\u03b1\u03c3\u03af\u03b1<\/em><\/strong><\/li>\n<\/ul>\n","protected":false},"featured_media":12383,"comment_status":"closed","ping_status":"closed","template":"","meta":[],"product_cat":[57,8,11,12,42,73,23,40,7,58,13,21,24],"product_tag":[],"class_list":{"0":"post-12399","1":"product","2":"type-product","3":"status-publish","4":"has-post-thumbnail","6":"product_cat-2024-2025","7":"product_cat-artists","8":"product_cat-barista","9":"product_cat-bartender","10":"product_cat-coffee-lovers","11":"product_cat-stock-aprons-one-of-a-kind","12":"product_cat-in-stock","13":"product_cat-40","14":"product_cat-hospitality","15":"product_cat-58","16":"product_cat-service","17":"product_cat-chef","18":"product_cat-aprons","20":"first","21":"outofstock","22":"sale","23":"taxable","24":"shipping-taxable","25":"purchasable","26":"product-type-simple"},"_links":{"self":[{"href":"https:\/\/www.2ha.gr\/de\/wp-json\/wp\/v2\/product\/12399","targetHints":{"allow":["GET"]}}],"collection":[{"href":"https:\/\/www.2ha.gr\/de\/wp-json\/wp\/v2\/product"}],"about":[{"href":"https:\/\/www.2ha.gr\/de\/wp-json\/wp\/v2\/types\/product"}],"replies":[{"embeddable":true,"href":"https:\/\/www.2ha.gr\/de\/wp-json\/wp\/v2\/comments?post=12399"}],"wp:featuredmedia":[{"embeddable":true,"href":"https:\/\/www.2ha.gr\/de\/wp-json\/wp\/v2\/media\/12383"}],"wp:attachment":[{"href":"https:\/\/www.2ha.gr\/de\/wp-json\/wp\/v2\/media?parent=12399"}],"wp:term":[{"taxonomy":"product_cat","embeddable":true,"href":"https:\/\/www.2ha.gr\/de\/wp-json\/wp\/v2\/product_cat?post=12399"},{"taxonomy":"product_tag","embeddable":true,"href":"https:\/\/www.2ha.gr\/de\/wp-json\/wp\/v2\/product_tag?post=12399"}],"curies":[{"name":"wp","href":"https:\/\/api.w.org\/{rel}","templated":true}]}}