{"id":12403,"date":"2024-10-24T00:30:58","date_gmt":"2024-10-23T21:30:58","guid":{"rendered":"https:\/\/www.2ha.gr\/?post_type=product&#038;p=12403"},"modified":"2024-10-24T00:31:00","modified_gmt":"2024-10-23T21:31:00","slug":"grembiule-moda-mixology","status":"publish","type":"product","link":"https:\/\/www.2ha.gr\/de\/product\/grembiule-moda-mixology\/","title":{"rendered":"Grembiule Moda Mixology"},"content":{"rendered":"<p><\/p>\n<ul>\n<li><strong><em>Kombination aus dunklem zypressengr\u00fcnem und hellbraunem Naturleder <\/em><\/strong><\/li>\n<li><strong><em>Eine gro\u00dfe Doppeltasche<\/em><\/strong><\/li>\n<li><strong><em>Kreuzriemen zum Binden, um den Hals nicht zu belasten und eine perfekte Passform f\u00fcr jeden K\u00f6rpertyp zu haben<\/em><\/strong><\/li>\n<li><strong><em>Baumwolle \/ Cool Lining auf der R\u00fcckseite f\u00fcr das beste Gef\u00fchl in jeder Temperatur. <\/em><\/strong><\/li>\n<\/ul>\n<p><\/p>","protected":false},"excerpt":{"rendered":"<ul>\n<li><strong><em>Kombination aus dunklem zypressengr\u00fcnem und hellbraunem Naturleder <\/em><\/strong><\/li>\n<li><strong><em>Eine gro\u00dfe Doppeltasche<\/em><\/strong><\/li>\n<li><strong><em>Kreuzriemen zum Binden, um den Hals nicht zu belasten und eine perfekte Passform f\u00fcr jeden K\u00f6rpertyp zu haben<\/em><\/strong><\/li>\n<li><strong><em>Baumwolle \/ Cool Lining auf der R\u00fcckseite f\u00fcr das beste Gef\u00fchl in jeder Temperatur. <\/em><\/strong><\/li>\n<\/ul>\n","protected":false},"featured_media":12244,"comment_status":"closed","ping_status":"closed","template":"","meta":[],"product_cat":[57,8,11,12,42,73,23,40,22,7,15,58,13,14,24],"product_tag":[],"class_list":{"0":"post-12403","1":"product","2":"type-product","3":"status-publish","4":"has-post-thumbnail","6":"product_cat-2024-2025","7":"product_cat-artists","8":"product_cat-barista","9":"product_cat-bartender","10":"product_cat-coffee-lovers","11":"product_cat-stock-aprons-one-of-a-kind","12":"product_cat-in-stock","13":"product_cat-40","14":"product_cat-original-leather","15":"product_cat-hospitality","16":"product_cat-barber-hairdresser","17":"product_cat-58","18":"product_cat-service","19":"product_cat-somelie","20":"product_cat-aprons","22":"first","23":"instock","24":"sale","25":"taxable","26":"shipping-taxable","27":"purchasable","28":"product-type-simple"},"_links":{"self":[{"href":"https:\/\/www.2ha.gr\/de\/wp-json\/wp\/v2\/product\/12403","targetHints":{"allow":["GET"]}}],"collection":[{"href":"https:\/\/www.2ha.gr\/de\/wp-json\/wp\/v2\/product"}],"about":[{"href":"https:\/\/www.2ha.gr\/de\/wp-json\/wp\/v2\/types\/product"}],"replies":[{"embeddable":true,"href":"https:\/\/www.2ha.gr\/de\/wp-json\/wp\/v2\/comments?post=12403"}],"wp:featuredmedia":[{"embeddable":true,"href":"https:\/\/www.2ha.gr\/de\/wp-json\/wp\/v2\/media\/12244"}],"wp:attachment":[{"href":"https:\/\/www.2ha.gr\/de\/wp-json\/wp\/v2\/media?parent=12403"}],"wp:term":[{"taxonomy":"product_cat","embeddable":true,"href":"https:\/\/www.2ha.gr\/de\/wp-json\/wp\/v2\/product_cat?post=12403"},{"taxonomy":"product_tag","embeddable":true,"href":"https:\/\/www.2ha.gr\/de\/wp-json\/wp\/v2\/product_tag?post=12403"}],"curies":[{"name":"wp","href":"https:\/\/api.w.org\/{rel}","templated":true}]}}