{"id":12404,"date":"2024-10-24T00:33:57","date_gmt":"2024-10-23T21:33:57","guid":{"rendered":"https:\/\/www.2ha.gr\/?post_type=product&#038;p=12404"},"modified":"2024-11-07T00:32:46","modified_gmt":"2024-11-06T22:32:46","slug":"cro-co-apron","status":"publish","type":"product","link":"https:\/\/www.2ha.gr\/de\/product\/cro-co-apron\/","title":{"rendered":"Cro co apron"},"content":{"rendered":"<p><\/p>\n<ul>\n<li><strong><em>100% Naturleder mit Krokodiloptik<\/em><\/strong><\/li>\n<li><strong><em>Eine Au\u00dfentasche<\/em><\/strong><\/li>\n<li><strong><em>Handtuch aus Spitze<\/em><\/strong><\/li>\n<li><strong><em>Gekreuzte Riemen zum Binden, um den Hals nicht zu belasten und eine perfekte Passform f\u00fcr jeden K\u00f6rpertyp zu haben<\/em><\/strong><\/li>\n<li><strong><em>Baumwolle \/ Cool Lining auf der R\u00fcckseite f\u00fcr das beste Gef\u00fchl in jeder Temperatur. <\/em><\/strong><\/li>\n<\/ul>\n<p><\/p>","protected":false},"excerpt":{"rendered":"<ul>\n<li><strong><em>100% Naturleder mit Krokodiloptik<\/em><\/strong><\/li>\n<li><strong><em>Eine Au\u00dfentasche<\/em><\/strong><\/li>\n<li><strong><em>Handtuch aus Spitze<\/em><\/strong><\/li>\n<li><strong><em>Gekreuzte Riemen zum Binden, um den Hals nicht zu belasten und eine perfekte Passform f\u00fcr jeden K\u00f6rpertyp zu haben<\/em><\/strong><\/li>\n<li><strong><em>Baumwolle \/ Cool Lining auf der R\u00fcckseite f\u00fcr das beste Gef\u00fchl in jeder Temperatur. <\/em><\/strong><\/li>\n<\/ul>\n","protected":false},"featured_media":12250,"comment_status":"closed","ping_status":"closed","template":"","meta":[],"product_cat":[35,57,8,11,12,42,73,23,22,7,15,17,13,21,14,24],"product_tag":[],"class_list":{"0":"post-12404","1":"product","2":"type-product","3":"status-publish","4":"has-post-thumbnail","6":"product_cat-35","7":"product_cat-2024-2025","8":"product_cat-artists","9":"product_cat-barista","10":"product_cat-bartender","11":"product_cat-coffee-lovers","12":"product_cat-stock-aprons-one-of-a-kind","13":"product_cat-in-stock","14":"product_cat-original-leather","15":"product_cat-hospitality","16":"product_cat-barber-hairdresser","17":"product_cat-nail-artist","18":"product_cat-service","19":"product_cat-chef","20":"product_cat-somelie","21":"product_cat-aprons","23":"first","24":"instock","25":"sale","26":"taxable","27":"shipping-taxable","28":"purchasable","29":"product-type-simple"},"_links":{"self":[{"href":"https:\/\/www.2ha.gr\/de\/wp-json\/wp\/v2\/product\/12404","targetHints":{"allow":["GET"]}}],"collection":[{"href":"https:\/\/www.2ha.gr\/de\/wp-json\/wp\/v2\/product"}],"about":[{"href":"https:\/\/www.2ha.gr\/de\/wp-json\/wp\/v2\/types\/product"}],"replies":[{"embeddable":true,"href":"https:\/\/www.2ha.gr\/de\/wp-json\/wp\/v2\/comments?post=12404"}],"wp:featuredmedia":[{"embeddable":true,"href":"https:\/\/www.2ha.gr\/de\/wp-json\/wp\/v2\/media\/12250"}],"wp:attachment":[{"href":"https:\/\/www.2ha.gr\/de\/wp-json\/wp\/v2\/media?parent=12404"}],"wp:term":[{"taxonomy":"product_cat","embeddable":true,"href":"https:\/\/www.2ha.gr\/de\/wp-json\/wp\/v2\/product_cat?post=12404"},{"taxonomy":"product_tag","embeddable":true,"href":"https:\/\/www.2ha.gr\/de\/wp-json\/wp\/v2\/product_tag?post=12404"}],"curies":[{"name":"wp","href":"https:\/\/api.w.org\/{rel}","templated":true}]}}