{"id":12406,"date":"2024-10-24T00:42:22","date_gmt":"2024-10-23T21:42:22","guid":{"rendered":"https:\/\/www.2ha.gr\/?post_type=product&#038;p=12406"},"modified":"2024-12-18T12:03:23","modified_gmt":"2024-12-18T10:03:23","slug":"muertos-party","status":"publish","type":"product","link":"https:\/\/www.2ha.gr\/de\/product\/muertos-party\/","title":{"rendered":"muertos party"},"content":{"rendered":"<p><\/p>\n<ul>\n<li><em><strong>Kombination aus einfarbigem, olivgr\u00fcnem Stoff mit Digitaldruck <\/strong><\/em><\/li>\n<li><em><strong>Zwei interne\/versteckte Taschen <\/strong><\/em><\/li>\n<li><em><strong>Kreuzgurte, um den Hals frei zu halten und eine perfekte Passform f\u00fcr jeden K\u00f6rpertyp zu haben<\/strong><\/em><\/li>\n<li><em><strong>Baumwolle \/ Cool Lining auf der R\u00fcckseite f\u00fcr das beste Gef\u00fchl bei jeder Temperatur<\/strong><\/em><\/li>\n<\/ul>\n<p><\/p>","protected":false},"excerpt":{"rendered":"<ul>\n<li><em><strong>Kombination aus einfarbigem, olivgr\u00fcnem Stoff mit Digitaldruck <\/strong><\/em><\/li>\n<li><em><strong>Zwei interne\/versteckte Taschen <\/strong><\/em><\/li>\n<li><em><strong>Kreuzgurte, um den Hals frei zu halten und eine perfekte Passform f\u00fcr jeden K\u00f6rpertyp zu haben<\/strong><\/em><\/li>\n<li><em><strong>Baumwolle \/ Cool Lining auf der R\u00fcckseite f\u00fcr das beste Gef\u00fchl bei jeder Temperatur<\/strong><\/em><\/li>\n<\/ul>\n","protected":false},"featured_media":12241,"comment_status":"closed","ping_status":"closed","template":"","meta":[],"product_cat":[57,8,11,12,42,73,39,23,7,15,13,24],"product_tag":[],"class_list":{"0":"post-12406","1":"product","2":"type-product","3":"status-publish","4":"has-post-thumbnail","6":"product_cat-2024-2025","7":"product_cat-artists","8":"product_cat-barista","9":"product_cat-bartender","10":"product_cat-coffee-lovers","11":"product_cat-stock-aprons-one-of-a-kind","12":"product_cat-trick-or-treat","13":"product_cat-in-stock","14":"product_cat-hospitality","15":"product_cat-barber-hairdresser","16":"product_cat-service","17":"product_cat-aprons","19":"first","20":"instock","21":"sale","22":"taxable","23":"shipping-taxable","24":"purchasable","25":"product-type-simple"},"_links":{"self":[{"href":"https:\/\/www.2ha.gr\/de\/wp-json\/wp\/v2\/product\/12406","targetHints":{"allow":["GET"]}}],"collection":[{"href":"https:\/\/www.2ha.gr\/de\/wp-json\/wp\/v2\/product"}],"about":[{"href":"https:\/\/www.2ha.gr\/de\/wp-json\/wp\/v2\/types\/product"}],"replies":[{"embeddable":true,"href":"https:\/\/www.2ha.gr\/de\/wp-json\/wp\/v2\/comments?post=12406"}],"wp:featuredmedia":[{"embeddable":true,"href":"https:\/\/www.2ha.gr\/de\/wp-json\/wp\/v2\/media\/12241"}],"wp:attachment":[{"href":"https:\/\/www.2ha.gr\/de\/wp-json\/wp\/v2\/media?parent=12406"}],"wp:term":[{"taxonomy":"product_cat","embeddable":true,"href":"https:\/\/www.2ha.gr\/de\/wp-json\/wp\/v2\/product_cat?post=12406"},{"taxonomy":"product_tag","embeddable":true,"href":"https:\/\/www.2ha.gr\/de\/wp-json\/wp\/v2\/product_tag?post=12406"}],"curies":[{"name":"wp","href":"https:\/\/api.w.org\/{rel}","templated":true}]}}