{"id":12519,"date":"2024-12-05T12:01:36","date_gmt":"2024-12-05T10:01:36","guid":{"rendered":"https:\/\/www.2ha.gr\/?post_type=product&#038;p=12519"},"modified":"2025-07-20T11:30:48","modified_gmt":"2025-07-20T08:30:48","slug":"little-shirt-bold-001","status":"publish","type":"product","link":"https:\/\/www.2ha.gr\/de\/product\/little-shirt-bold-001\/","title":{"rendered":"Little Shirt Bold 001"},"content":{"rendered":"<p>Erh\u00f6hen Sie Ihren Stil mit dem einzigartigen <strong>Little Shirt Bold 001<\/strong>. Dieses Hemd ist der ultimative Ausdruck von Kreativit\u00e4t und hoher \u00c4sthetik. Das Muster mit bunten Totenk\u00f6pfen und Blumen wurde exklusiv von uns entworfen und macht den Stoff und das Design einzigartig und unwiederholbar.<\/p>\n<h3>Merkmale:<\/h3>\n<ul>\n<li><strong>Exklusives Design<\/strong>: Der Stoff wurde mit unserem einzigartigen Muster bedruckt und Sie werden es nirgendwo anders finden.<\/li>\n<li>Unser einzigartiges Muster ist einmalig und Sie<strong>werden<\/strong> es nirgendwo anders finden: Von Anfang bis Ende wurde jedes Detail mit Sorgfalt in unserer Werkstatt hergestellt.<\/li>\n<li>Vom Anfang bis zum Ende ist jedes Detail in Handarbeit gefertigt worden, bis ins kleinste<strong>Detail<\/strong>: Perfekt f\u00fcr Gastronomie-Profis und alle, die im Alltag ein Statement setzen wollen.<\/li>\n<li><strong>Multifunktionalit\u00e4t<\/strong>: Tragen Sie es zur Arbeit oder bei Ihren Ausfl\u00fcgen &#8211; fallen Sie \u00fcberall auf.<\/li>\n<\/ul>\n<p><\/p>","protected":false},"excerpt":{"rendered":"<p>Erh\u00f6hen Sie Ihren Stil mit dem einzigartigen <strong>Little Shirt Bold 001<\/strong>. Dieses Hemd ist der ultimative Ausdruck von Kreativit\u00e4t und hoher \u00c4sthetik. Das Muster mit bunten Totenk\u00f6pfen und Blumen wurde exklusiv von uns entworfen und macht den Stoff und das Design einzigartig und unwiederholbar.<\/p>\n<h3>Merkmale:<\/h3>\n<ul>\n<li><strong>Exklusives Design<\/strong>: Der Stoff wurde mit unserem einzigartigen Muster bedruckt und Sie werden es nirgendwo anders finden.<\/li>\n<li>Unser einzigartiges Muster ist einmalig und Sie<strong>werden<\/strong> es nirgendwo anders finden: Von Anfang bis Ende wurde jedes Detail mit Sorgfalt in unserer Werkstatt hergestellt.<\/li>\n<li>Vom Anfang bis zum Ende ist jedes Detail in Handarbeit gefertigt worden, bis ins kleinste<strong>Detail<\/strong>: Perfekt f\u00fcr Gastronomie-Profis und alle, die im Alltag ein Statement setzen wollen.<\/li>\n<li><strong>Multifunktionalit\u00e4t<\/strong>: Tragen Sie es zur Arbeit oder bei Ihren Ausfl\u00fcgen &#8211; fallen Sie \u00fcberall auf.<\/li>\n<\/ul>\n","protected":false},"featured_media":12509,"comment_status":"closed","ping_status":"closed","template":"","meta":[],"product_cat":[25],"product_tag":[],"class_list":{"0":"post-12519","1":"product","2":"type-product","3":"status-publish","4":"has-post-thumbnail","6":"product_cat-little-2ha","8":"first","9":"outofstock","10":"taxable","11":"shipping-taxable","12":"purchasable","13":"product-type-variable"},"_links":{"self":[{"href":"https:\/\/www.2ha.gr\/de\/wp-json\/wp\/v2\/product\/12519","targetHints":{"allow":["GET"]}}],"collection":[{"href":"https:\/\/www.2ha.gr\/de\/wp-json\/wp\/v2\/product"}],"about":[{"href":"https:\/\/www.2ha.gr\/de\/wp-json\/wp\/v2\/types\/product"}],"replies":[{"embeddable":true,"href":"https:\/\/www.2ha.gr\/de\/wp-json\/wp\/v2\/comments?post=12519"}],"wp:featuredmedia":[{"embeddable":true,"href":"https:\/\/www.2ha.gr\/de\/wp-json\/wp\/v2\/media\/12509"}],"wp:attachment":[{"href":"https:\/\/www.2ha.gr\/de\/wp-json\/wp\/v2\/media?parent=12519"}],"wp:term":[{"taxonomy":"product_cat","embeddable":true,"href":"https:\/\/www.2ha.gr\/de\/wp-json\/wp\/v2\/product_cat?post=12519"},{"taxonomy":"product_tag","embeddable":true,"href":"https:\/\/www.2ha.gr\/de\/wp-json\/wp\/v2\/product_tag?post=12519"}],"curies":[{"name":"wp","href":"https:\/\/api.w.org\/{rel}","templated":true}]}}